{"id":763,"date":"2020-01-27T13:36:23","date_gmt":"2020-01-27T12:36:23","guid":{"rendered":"http:\/\/initiation-voyages.fr\/?page_id=763"},"modified":"2020-01-28T13:12:28","modified_gmt":"2020-01-28T12:12:28","slug":"nevada","status":"publish","type":"page","link":"https:\/\/initiation-voyages.fr\/index.php\/nevada\/","title":{"rendered":"NEVADA"},"content":{"rendered":"<p class=\"separator\" style=\"text-align: center;\" data-blogger-escaped-abp=\"1989\" data-blogger-escaped-style=\"clear: both; text-align: center;\"><strong><span style=\"font-family: Georgia, Palatino; font-size: 24pt;\">RACHEL<\/span><\/strong><\/p>\n<div style=\"text-align: center;\" data-blogger-escaped-abp=\"2001\" data-blogger-escaped-style=\"text-align: center;\">\n<div data-blogger-escaped-abp=\"2002\">\n<div data-blogger-escaped-abp=\"2124\">\n<div data-blogger-escaped-abp=\"1100\">\n<div data-blogger-escaped-abp=\"2368\">\n<p><span style=\"font-family: Georgia, Palatino; font-size: 14pt;\" data-blogger-escaped-abp=\"2003\" data-blogger-escaped-style=\"font-family: &quot;arial&quot; , sans-serif;\">Ce matin nous prenons la route pour la route des extra terrestres \ud83d\udef8<\/span><\/p>\n<\/div>\n<\/div>\n<\/div>\n<\/div>\n<\/div>\n<div style=\"text-align: center;\" data-blogger-escaped-abp=\"2005\" data-blogger-escaped-style=\"text-align: center;\">\n<div data-blogger-escaped-abp=\"2006\">\n<div data-blogger-escaped-abp=\"2129\">\n<div data-blogger-escaped-abp=\"1106\">\n<div data-blogger-escaped-abp=\"2375\">\n<p><span style=\"font-family: Georgia, Palatino; font-size: 14pt;\" data-blogger-escaped-abp=\"2007\" data-blogger-escaped-style=\"font-family: &quot;arial&quot; , sans-serif;\">Mieux vaut avoir le plein d essence car aucune station d essence avant pr\u00e8s de 200km.<\/span><\/p>\n<\/div>\n<\/div>\n<\/div>\n<\/div>\n<\/div>\n<p class=\"separator\" style=\"text-align: center;\" data-blogger-escaped-abp=\"2009\" data-blogger-escaped-style=\"clear: both; text-align: center;\"><span style=\"font-family: Georgia, Palatino; font-size: 14pt;\"><a href=\"https:\/\/2.bp.blogspot.com\/-YXOLnqy9djA\/W1z2vCzWxwI\/AAAAAAAAIWU\/UDWoSC_q6mI2bXxHL7uZRQtYH9NTbWZ3gCLcBGAs\/s1600\/20180727_084118.jpg\" data-blogger-escaped-abp=\"2010\" data-blogger-escaped-style=\"margin-left: 1em; margin-right: 1em;\"><img decoding=\"async\" loading=\"lazy\" src=\"https:\/\/2.bp.blogspot.com\/-YXOLnqy9djA\/W1z2vCzWxwI\/AAAAAAAAIWU\/UDWoSC_q6mI2bXxHL7uZRQtYH9NTbWZ3gCLcBGAs\/s320\/20180727_084118.jpg\" width=\"320\" height=\"155\" border=\"0\" data-blogger-escaped-abp=\"2011\" data-blogger-escaped-data-original-height=\"778\" data-blogger-escaped-data-original-width=\"1600\" \/><\/a><\/span><\/p>\n<p class=\"separator\" style=\"text-align: center;\" data-blogger-escaped-abp=\"2012\" data-blogger-escaped-style=\"clear: both; text-align: center;\"><span style=\"font-family: Georgia, Palatino; font-size: 14pt;\">Il faut reconna\u00eetre que la route est monotone et il n&rsquo;y a pas grand chose&#8230;<\/span><\/p>\n<div style=\"text-align: center;\" data-blogger-escaped-abp=\"2013\">\n<div data-blogger-escaped-abp=\"2137\">\n<div data-blogger-escaped-abp=\"1115\">\n<div data-blogger-escaped-abp=\"2385\">\n<p><span style=\"font-family: Georgia, Palatino; font-size: 14pt;\">\u00a0<a href=\"https:\/\/4.bp.blogspot.com\/-ccgMe9PdRqk\/W1z3WP8OF2I\/AAAAAAAAIWc\/kWVQaF1Qp8QSuPyusntsgFpJCYCfgDHxgCLcBGAs\/s1600\/20180726_150432.jpg\" data-blogger-escaped-abp=\"2014\" data-blogger-escaped-style=\"margin-left: 1em; margin-right: 1em;\"><img decoding=\"async\" loading=\"lazy\" src=\"https:\/\/4.bp.blogspot.com\/-ccgMe9PdRqk\/W1z3WP8OF2I\/AAAAAAAAIWc\/kWVQaF1Qp8QSuPyusntsgFpJCYCfgDHxgCLcBGAs\/s320\/20180726_150432.jpg\" width=\"320\" height=\"74\" border=\"0\" data-blogger-escaped-abp=\"2015\" data-blogger-escaped-data-original-height=\"370\" data-blogger-escaped-data-original-width=\"1600\" \/><\/a><\/span><\/p>\n<\/div>\n<\/div>\n<\/div>\n<\/div>\n<div style=\"text-align: center;\" data-blogger-escaped-abp=\"2016\">\n<div data-blogger-escaped-abp=\"2141\">\n<div data-blogger-escaped-abp=\"1120\">\n<div data-blogger-escaped-abp=\"2391\">\n<p><span style=\"font-family: Georgia, Palatino; font-size: 14pt;\">Mais sur notre route, nous avons fait la rencontre d&rsquo;un coyote au milieu de la route, d&rsquo;une antilope et des troupeaux de vaches !<\/span><\/p>\n<\/div>\n<\/div>\n<\/div>\n<\/div>\n<div style=\"text-align: center;\" data-blogger-escaped-abp=\"2017\">\n<div data-blogger-escaped-abp=\"2143\">\n<div data-blogger-escaped-abp=\"1123\">\n<div data-blogger-escaped-abp=\"2395\">\n<p><span style=\"font-family: Georgia, Palatino; font-size: 14pt;\">Apr\u00e8s plusieurs dizaines de km, nous atteignons Rachel.<\/span><\/p>\n<\/div>\n<\/div>\n<\/div>\n<\/div>\n<div style=\"text-align: center;\" data-blogger-escaped-abp=\"2018\" data-blogger-escaped-style=\"text-align: center;\">\n<div data-blogger-escaped-abp=\"2019\">\n<div data-blogger-escaped-abp=\"2146\">\n<div data-blogger-escaped-abp=\"1127\">\n<div data-blogger-escaped-abp=\"2400\">\n<p><span style=\"font-family: Georgia, Palatino; font-size: 14pt;\" data-blogger-escaped-abp=\"2020\" data-blogger-escaped-style=\"font-family: &quot;arial&quot; , sans-serif; font-size: 10pt;\">Rachel est une localit\u00e9 d&rsquo;une centaine d&rsquo;habitants du comt\u00e9 de Lincoln, dans le Nevada, \u00c9tats-Unis. <\/span><\/p>\n<p><span style=\"font-family: Georgia, Palatino; font-size: 14pt;\" data-blogger-escaped-abp=\"2020\" data-blogger-escaped-style=\"font-family: &quot;arial&quot; , sans-serif; font-size: 10pt;\">\u00c9tant donn\u00e9 que cette ville est proche de la Nellis Air Force Range et de Zone 51, elle jouit d&rsquo;une relative c\u00e9l\u00e9brit\u00e9 et est tr\u00e8s appr\u00e9ci\u00e9e par les ufologues.<\/span><\/p>\n<\/div>\n<\/div>\n<\/div>\n<\/div>\n<\/div>\n<div style=\"text-align: center;\" data-blogger-escaped-abp=\"2021\">\n<div data-blogger-escaped-abp=\"2149\">\n<div data-blogger-escaped-abp=\"1131\">\n<div data-blogger-escaped-abp=\"2405\">\n<p><span style=\"font-family: Georgia, Palatino; font-size: 14pt;\" data-blogger-escaped-abp=\"2022\" data-blogger-escaped-style=\"color: black; text-align: start;\">En 1996, \u00e0 l&rsquo;occasion de la sortie du film Independence Day, les producteurs et certains acteurs du long-m\u00e9trage organisent une diffusion en avant-premi\u00e8re \u00e0 Rachel. \u00a0 \u00a0 \u00a0 \u00a0 \u00a0 <\/span><\/p>\n<p><span style=\"font-family: Georgia, Palatino; font-size: 14pt;\" data-blogger-escaped-abp=\"2022\" data-blogger-escaped-style=\"color: black; text-align: start;\">Le fameux panneau tant attendu \ud83d\udef8<\/span><\/p>\n<\/div>\n<\/div>\n<\/div>\n<\/div>\n<p class=\"separator\" style=\"text-align: center;\" data-blogger-escaped-abp=\"2025\" data-blogger-escaped-style=\"clear: both; text-align: center;\"><span style=\"font-family: Georgia, Palatino; font-size: 14pt;\"><a href=\"https:\/\/2.bp.blogspot.com\/-bC9TMEV4myw\/W1z-Vd5UtLI\/AAAAAAAAIZg\/4QtyiNUHp2Ej6SkCM08sjexiDuVbCLj0wCEwYBhgL\/s1600\/IMG-20180727-WA0082.jpg\" data-blogger-escaped-abp=\"2026\" data-blogger-escaped-style=\"margin-left: 1em; margin-right: 1em;\"><img decoding=\"async\" loading=\"lazy\" src=\"https:\/\/2.bp.blogspot.com\/-bC9TMEV4myw\/W1z-Vd5UtLI\/AAAAAAAAIZg\/4QtyiNUHp2Ej6SkCM08sjexiDuVbCLj0wCEwYBhgL\/s320\/IMG-20180727-WA0082.jpg\" width=\"156\" height=\"320\" border=\"0\" data-blogger-escaped-abp=\"2027\" data-blogger-escaped-data-original-height=\"1600\" data-blogger-escaped-data-original-width=\"780\" \/>\u00a0<\/a><\/span><span style=\"font-family: Georgia, Palatino; font-size: 14pt;\"><a href=\"https:\/\/2.bp.blogspot.com\/-BCgY7FyMcD0\/W1z-ednMGBI\/AAAAAAAAIZo\/ihnxO-w6t6opOO2Tf0IyKMKTQWYpmzoswCEwYBhgL\/s1600\/IMG-20180727-WA0083.jpg\" data-blogger-escaped-abp=\"2030\" data-blogger-escaped-style=\"margin-left: 1em; margin-right: 1em;\"><img decoding=\"async\" loading=\"lazy\" src=\"https:\/\/2.bp.blogspot.com\/-BCgY7FyMcD0\/W1z-ednMGBI\/AAAAAAAAIZo\/ihnxO-w6t6opOO2Tf0IyKMKTQWYpmzoswCEwYBhgL\/s320\/IMG-20180727-WA0083.jpg\" width=\"155\" height=\"320\" border=\"0\" data-blogger-escaped-abp=\"2031\" data-blogger-escaped-data-original-height=\"1600\" data-blogger-escaped-data-original-width=\"777\" \/><\/a><\/span><\/p>\n<p class=\"separator\" style=\"text-align: center;\" data-blogger-escaped-abp=\"2033\" data-blogger-escaped-style=\"clear: both; text-align: center;\"><span style=\"font-family: Georgia, Palatino; font-size: 14pt;\"><a href=\"https:\/\/1.bp.blogspot.com\/-4mi7lZdM84g\/W1z-phwRV5I\/AAAAAAAAIZw\/5Z7UYjJlsmkoKb2Y-iMk3H-Bz2TjWVJXACEwYBhgL\/s1600\/IMG-20180727-WA0088.jpg\" data-blogger-escaped-abp=\"2034\" data-blogger-escaped-style=\"margin-left: 1em; margin-right: 1em;\"><img decoding=\"async\" loading=\"lazy\" src=\"https:\/\/1.bp.blogspot.com\/-4mi7lZdM84g\/W1z-phwRV5I\/AAAAAAAAIZw\/5Z7UYjJlsmkoKb2Y-iMk3H-Bz2TjWVJXACEwYBhgL\/s320\/IMG-20180727-WA0088.jpg\" width=\"320\" height=\"155\" border=\"0\" data-blogger-escaped-abp=\"2035\" data-blogger-escaped-data-original-height=\"777\" data-blogger-escaped-data-original-width=\"1600\" \/><\/a><\/span><\/p>\n<p class=\"separator\" style=\"text-align: center;\" data-blogger-escaped-abp=\"2037\" data-blogger-escaped-style=\"clear: both; text-align: center;\"><span style=\"font-family: Georgia, Palatino; font-size: 14pt;\"><a href=\"https:\/\/1.bp.blogspot.com\/-RvD4qM_XkH8\/W1z-uwGQ37I\/AAAAAAAAIZ0\/2XhqiXZy4eAvYU26Mjj5JeFZsQg7Q6D5wCEwYBhgL\/s1600\/IMG-20180727-WA0094.jpg\" data-blogger-escaped-abp=\"2038\" data-blogger-escaped-style=\"margin-left: 1em; margin-right: 1em;\"><img decoding=\"async\" loading=\"lazy\" src=\"https:\/\/1.bp.blogspot.com\/-RvD4qM_XkH8\/W1z-uwGQ37I\/AAAAAAAAIZ0\/2XhqiXZy4eAvYU26Mjj5JeFZsQg7Q6D5wCEwYBhgL\/s320\/IMG-20180727-WA0094.jpg\" width=\"320\" height=\"155\" border=\"0\" data-blogger-escaped-abp=\"2039\" data-blogger-escaped-data-original-height=\"777\" data-blogger-escaped-data-original-width=\"1600\" \/><\/a><\/span><\/p>\n<p class=\"separator\" style=\"text-align: center;\" data-blogger-escaped-abp=\"2041\" data-blogger-escaped-style=\"clear: both; text-align: center;\"><span style=\"font-family: Georgia, Palatino; font-size: 14pt;\"><a href=\"https:\/\/2.bp.blogspot.com\/-Hqeru8z6eeg\/W1z_X7T9S5I\/AAAAAAAAIZ8\/nkFd1HOaats9zlzxm9HiAT9S7OM5gsuTQCLcBGAs\/s1600\/IMG-20180727-WA0079.jpg\" data-blogger-escaped-abp=\"2042\" data-blogger-escaped-style=\"margin-left: 1em; margin-right: 1em;\"><img decoding=\"async\" loading=\"lazy\" src=\"https:\/\/2.bp.blogspot.com\/-Hqeru8z6eeg\/W1z_X7T9S5I\/AAAAAAAAIZ8\/nkFd1HOaats9zlzxm9HiAT9S7OM5gsuTQCLcBGAs\/s320\/IMG-20180727-WA0079.jpg\" width=\"320\" height=\"156\" border=\"0\" data-blogger-escaped-abp=\"2043\" data-blogger-escaped-data-original-height=\"781\" data-blogger-escaped-data-original-width=\"1600\" \/><\/a><\/span><\/p>\n<p class=\"separator\" style=\"text-align: center;\" data-blogger-escaped-abp=\"2044\" data-blogger-escaped-style=\"clear: both;\"><span style=\"font-family: Georgia, Palatino; font-size: 14pt;\" data-blogger-escaped-abp=\"2045\" data-blogger-escaped-style=\"font-family: &quot;arial&quot; , sans-serif; font-size: 10pt;\">\u00a0 \u00a0 \u00a0 \u00a0 \u00a0 \u00a0 \u00a0 C est aussi dans cette ville que l on trouve les fameux \u00ab\u00a0Alien Burger\u00a0\u00bb. <\/span><\/p>\n<p class=\"separator\" style=\"text-align: center;\" data-blogger-escaped-abp=\"2044\" data-blogger-escaped-style=\"clear: both;\"><span style=\"font-family: Georgia, Palatino; font-size: 14pt;\" data-blogger-escaped-abp=\"2045\" data-blogger-escaped-style=\"font-family: &quot;arial&quot; , sans-serif; font-size: 10pt;\">Dans ce petit resto, la d\u00e9co est surprenante et tourne autour des Aliens.<\/span><\/p>\n<p class=\"separator\" style=\"text-align: center;\" data-blogger-escaped-abp=\"2046\" data-blogger-escaped-style=\"clear: both; text-align: center;\"><span style=\"font-family: Georgia, Palatino; font-size: 14pt;\"><a href=\"https:\/\/1.bp.blogspot.com\/-2uo0MMvZp34\/W1z4elOLnUI\/AAAAAAAAIWo\/eECSNahwyq0Ejn4AxFQ9GGbWFWakR8jfACLcBGAs\/s1600\/20180727_121701.jpg\" data-blogger-escaped-abp=\"2047\" data-blogger-escaped-style=\"margin-left: 1em; margin-right: 1em;\"><img decoding=\"async\" loading=\"lazy\" src=\"https:\/\/1.bp.blogspot.com\/-2uo0MMvZp34\/W1z4elOLnUI\/AAAAAAAAIWo\/eECSNahwyq0Ejn4AxFQ9GGbWFWakR8jfACLcBGAs\/s320\/20180727_121701.jpg\" width=\"320\" height=\"155\" border=\"0\" data-blogger-escaped-abp=\"2048\" data-blogger-escaped-data-original-height=\"778\" data-blogger-escaped-data-original-width=\"1600\" \/><\/a><\/span><\/p>\n<p class=\"separator\" style=\"text-align: center;\" data-blogger-escaped-abp=\"2050\" data-blogger-escaped-style=\"clear: both; text-align: center;\"><span style=\"font-family: Georgia, Palatino; font-size: 14pt;\"><a href=\"https:\/\/1.bp.blogspot.com\/-TQLQflRe4ZI\/W1z4mECBAmI\/AAAAAAAAIWs\/vNv8UssgMXAtEv4fCsYyhKSTO6A-GQgdACLcBGAs\/s1600\/20180727_121741.jpg\" data-blogger-escaped-abp=\"2051\" data-blogger-escaped-style=\"margin-left: 1em; margin-right: 1em;\"><img decoding=\"async\" loading=\"lazy\" src=\"https:\/\/1.bp.blogspot.com\/-TQLQflRe4ZI\/W1z4mECBAmI\/AAAAAAAAIWs\/vNv8UssgMXAtEv4fCsYyhKSTO6A-GQgdACLcBGAs\/s320\/20180727_121741.jpg\" width=\"320\" height=\"155\" border=\"0\" data-blogger-escaped-abp=\"2052\" data-blogger-escaped-data-original-height=\"778\" data-blogger-escaped-data-original-width=\"1600\" \/><\/a><\/span><\/p>\n<p class=\"separator\" style=\"text-align: center;\" data-blogger-escaped-abp=\"2054\" data-blogger-escaped-style=\"clear: both; text-align: center;\"><span style=\"font-family: Georgia, Palatino; font-size: 14pt;\"><a href=\"https:\/\/3.bp.blogspot.com\/-2xXCXsgy7fc\/W1z4pekr1UI\/AAAAAAAAIWw\/Fi6n0ckc_voOtMmVCf0gupC9bfNyezfQACLcBGAs\/s1600\/20180727_122651.jpg\" data-blogger-escaped-abp=\"2055\" data-blogger-escaped-style=\"margin-left: 1em; margin-right: 1em;\"><img decoding=\"async\" loading=\"lazy\" src=\"https:\/\/3.bp.blogspot.com\/-2xXCXsgy7fc\/W1z4pekr1UI\/AAAAAAAAIWw\/Fi6n0ckc_voOtMmVCf0gupC9bfNyezfQACLcBGAs\/s320\/20180727_122651.jpg\" width=\"320\" height=\"155\" border=\"0\" data-blogger-escaped-abp=\"2056\" data-blogger-escaped-data-original-height=\"778\" data-blogger-escaped-data-original-width=\"1600\" \/><\/a><\/span><\/p>\n<p class=\"separator\" style=\"text-align: center;\" data-blogger-escaped-abp=\"2058\" data-blogger-escaped-style=\"clear: both; text-align: center;\"><span style=\"font-family: Georgia, Palatino; font-size: 14pt;\"><a href=\"https:\/\/3.bp.blogspot.com\/-Dy3v4ZcK7CY\/W1z4smrGHcI\/AAAAAAAAIW0\/dlaxQZWeA-EvZwNa51-8CW1RGCxWWLPcACLcBGAs\/s1600\/20180727_122728.jpg\" data-blogger-escaped-abp=\"2059\" data-blogger-escaped-style=\"margin-left: 1em; margin-right: 1em;\"><img decoding=\"async\" loading=\"lazy\" src=\"https:\/\/3.bp.blogspot.com\/-Dy3v4ZcK7CY\/W1z4smrGHcI\/AAAAAAAAIW0\/dlaxQZWeA-EvZwNa51-8CW1RGCxWWLPcACLcBGAs\/s320\/20180727_122728.jpg\" width=\"320\" height=\"155\" border=\"0\" data-blogger-escaped-abp=\"2060\" data-blogger-escaped-data-original-height=\"778\" data-blogger-escaped-data-original-width=\"1600\" \/><\/a><\/span><\/p>\n<p class=\"separator\" style=\"text-align: center;\" data-blogger-escaped-abp=\"2062\" data-blogger-escaped-style=\"clear: both; text-align: center;\"><span style=\"font-family: Georgia, Palatino; font-size: 14pt;\"><a href=\"https:\/\/2.bp.blogspot.com\/-hwBW7GJaHls\/W1z4xDUS54I\/AAAAAAAAIW4\/zSHyDzULnHwBUTLs1ExqAg8msax1MHioQCLcBGAs\/s1600\/20180727_122736.jpg\" data-blogger-escaped-abp=\"2063\" data-blogger-escaped-style=\"margin-left: 1em; margin-right: 1em;\"><img decoding=\"async\" loading=\"lazy\" src=\"https:\/\/2.bp.blogspot.com\/-hwBW7GJaHls\/W1z4xDUS54I\/AAAAAAAAIW4\/zSHyDzULnHwBUTLs1ExqAg8msax1MHioQCLcBGAs\/s320\/20180727_122736.jpg\" width=\"320\" height=\"155\" border=\"0\" data-blogger-escaped-abp=\"2064\" data-blogger-escaped-data-original-height=\"778\" data-blogger-escaped-data-original-width=\"1600\" \/><\/a><\/span><\/p>\n<p class=\"separator\" style=\"text-align: center;\" data-blogger-escaped-abp=\"2066\" data-blogger-escaped-style=\"clear: both; text-align: center;\"><span style=\"font-family: Georgia, Palatino; font-size: 14pt;\"><a href=\"https:\/\/1.bp.blogspot.com\/-bnCsrNYsqfQ\/W1z4zw-KDUI\/AAAAAAAAIW8\/XToKNPGVgXEe4TgbZkN8sZRLb377vAiXgCLcBGAs\/s1600\/20180727_122745.jpg\" data-blogger-escaped-abp=\"2067\" data-blogger-escaped-style=\"margin-left: 1em; margin-right: 1em;\"><img decoding=\"async\" loading=\"lazy\" src=\"https:\/\/1.bp.blogspot.com\/-bnCsrNYsqfQ\/W1z4zw-KDUI\/AAAAAAAAIW8\/XToKNPGVgXEe4TgbZkN8sZRLb377vAiXgCLcBGAs\/s320\/20180727_122745.jpg\" width=\"155\" height=\"320\" border=\"0\" data-blogger-escaped-abp=\"2068\" data-blogger-escaped-data-original-height=\"1600\" data-blogger-escaped-data-original-width=\"778\" \/>\u00a0<\/a><\/span><span style=\"font-family: Georgia, Palatino; font-size: 14pt;\"><a href=\"https:\/\/4.bp.blogspot.com\/-VweK02Bw-A4\/W1z44OOP05I\/AAAAAAAAIXE\/MB2hgW9WyqUj9owp9_pdN1_kVaUmodWbwCLcBGAs\/s1600\/20180727_122643.jpg\" data-blogger-escaped-abp=\"2071\" data-blogger-escaped-style=\"margin-left: 1em; margin-right: 1em;\"><img decoding=\"async\" loading=\"lazy\" src=\"https:\/\/4.bp.blogspot.com\/-VweK02Bw-A4\/W1z44OOP05I\/AAAAAAAAIXE\/MB2hgW9WyqUj9owp9_pdN1_kVaUmodWbwCLcBGAs\/s320\/20180727_122643.jpg\" width=\"155\" height=\"320\" border=\"0\" data-blogger-escaped-abp=\"2072\" data-blogger-escaped-data-original-height=\"1600\" data-blogger-escaped-data-original-width=\"778\" \/><\/a><\/span><\/p>\n<p class=\"separator\" style=\"text-align: center;\" data-blogger-escaped-abp=\"2074\" data-blogger-escaped-style=\"clear: both; text-align: center;\"><span style=\"font-family: Georgia, Palatino; font-size: 14pt;\"><a href=\"https:\/\/1.bp.blogspot.com\/-CrJoNEpMeaM\/W1z471nKZnI\/AAAAAAAAIXI\/FSKFcYmc0jsfvAnPi7W-kDNmF50njlPOACLcBGAs\/s1600\/IMG-20180727-WA0098.jpg\" data-blogger-escaped-abp=\"2075\" data-blogger-escaped-style=\"margin-left: 1em; margin-right: 1em;\"><img decoding=\"async\" loading=\"lazy\" src=\"https:\/\/1.bp.blogspot.com\/-CrJoNEpMeaM\/W1z471nKZnI\/AAAAAAAAIXI\/FSKFcYmc0jsfvAnPi7W-kDNmF50njlPOACLcBGAs\/s320\/IMG-20180727-WA0098.jpg\" width=\"320\" height=\"155\" border=\"0\" data-blogger-escaped-abp=\"2076\" data-blogger-escaped-data-original-height=\"777\" data-blogger-escaped-data-original-width=\"1600\" \/><\/a><\/span><\/p>\n<p class=\"separator\" style=\"text-align: center;\" data-blogger-escaped-abp=\"2077\" data-blogger-escaped-style=\"clear: both;\"><span style=\"font-family: Georgia, Palatino; font-size: 14pt;\">Nous passons devant le chemin de la fameuse \u00ab\u00a0Zone 51\u00a0\u00bb mais pas possible de s&rsquo;approcher sous peine de grosses sanctions \ud83d\ude41<\/span><\/p>\n<p class=\"separator\" style=\"text-align: center;\" data-blogger-escaped-abp=\"2078\" data-blogger-escaped-style=\"clear: both;\"><span style=\"font-family: Georgia, Palatino; font-size: 14pt;\">\u00c0 priori, la zone se situerait derri\u00e8re les montagnes&#8230;<\/span><\/p>\n<p class=\"separator\" style=\"text-align: center;\" data-blogger-escaped-abp=\"2079\" data-blogger-escaped-style=\"clear: both; text-align: center;\"><span style=\"font-family: Georgia, Palatino; font-size: 14pt;\"><a href=\"https:\/\/2.bp.blogspot.com\/-SpkwlZFN1yA\/W1z5-YWyEMI\/AAAAAAAAIXg\/QvBFjSyTEAoD6WzJ0HF5kFByGBp4jlnTACLcBGAs\/s1600\/20180727_131100.jpg\" data-blogger-escaped-abp=\"2080\" data-blogger-escaped-style=\"margin-left: 1em; margin-right: 1em;\"><img decoding=\"async\" loading=\"lazy\" src=\"https:\/\/2.bp.blogspot.com\/-SpkwlZFN1yA\/W1z5-YWyEMI\/AAAAAAAAIXg\/QvBFjSyTEAoD6WzJ0HF5kFByGBp4jlnTACLcBGAs\/s320\/20180727_131100.jpg\" width=\"320\" height=\"155\" border=\"0\" data-blogger-escaped-abp=\"2081\" data-blogger-escaped-data-original-height=\"778\" data-blogger-escaped-data-original-width=\"1600\" \/><\/a><\/span><\/p>\n<p class=\"separator\" style=\"text-align: center;\" data-blogger-escaped-abp=\"2083\" data-blogger-escaped-style=\"clear: both; text-align: center;\"><span style=\"font-family: Georgia, Palatino; font-size: 14pt;\"><a href=\"https:\/\/4.bp.blogspot.com\/-Q9kTSOtbC7A\/W1z6BJ89ILI\/AAAAAAAAIXk\/1zmFV8bPFnMLN47uA3ojtmLKGJKa0Y__QCLcBGAs\/s1600\/20180727_133515.jpg\" data-blogger-escaped-abp=\"2084\" data-blogger-escaped-style=\"margin-left: 1em; margin-right: 1em;\"><img decoding=\"async\" loading=\"lazy\" src=\"https:\/\/4.bp.blogspot.com\/-Q9kTSOtbC7A\/W1z6BJ89ILI\/AAAAAAAAIXk\/1zmFV8bPFnMLN47uA3ojtmLKGJKa0Y__QCLcBGAs\/s320\/20180727_133515.jpg\" width=\"320\" height=\"155\" border=\"0\" data-blogger-escaped-abp=\"2085\" data-blogger-escaped-data-original-height=\"778\" data-blogger-escaped-data-original-width=\"1600\" \/><\/a><\/span><\/p>\n<p class=\"separator\" style=\"text-align: center;\" data-blogger-escaped-abp=\"2086\" data-blogger-escaped-style=\"clear: both;\"><span style=\"font-family: Georgia, Palatino; font-size: 14pt;\">Nous continuons notre route vers Crystal Spring, faire une boutique perdue au milieu de nul part !<\/span><\/p>\n<p class=\"separator\" style=\"text-align: center;\" data-blogger-escaped-abp=\"2087\" data-blogger-escaped-style=\"clear: both; text-align: center;\"><span style=\"font-family: Georgia, Palatino; font-size: 14pt;\"><a href=\"https:\/\/2.bp.blogspot.com\/-uc6IlHK8oyA\/W1z6pCV8NWI\/AAAAAAAAIXw\/M1amIJ_GajYPcRcpSjTDw3FlWnrVWJtdQCLcBGAs\/s1600\/20180727_134834.jpg\" data-blogger-escaped-abp=\"2088\" data-blogger-escaped-style=\"margin-left: 1em; margin-right: 1em;\"><img decoding=\"async\" loading=\"lazy\" src=\"https:\/\/2.bp.blogspot.com\/-uc6IlHK8oyA\/W1z6pCV8NWI\/AAAAAAAAIXw\/M1amIJ_GajYPcRcpSjTDw3FlWnrVWJtdQCLcBGAs\/s320\/20180727_134834.jpg\" width=\"320\" height=\"155\" border=\"0\" data-blogger-escaped-abp=\"2089\" data-blogger-escaped-data-original-height=\"778\" data-blogger-escaped-data-original-width=\"1600\" \/><\/a><\/span><\/p>\n<p class=\"separator\" style=\"text-align: center;\" data-blogger-escaped-abp=\"2091\" data-blogger-escaped-style=\"clear: both; text-align: center;\"><span style=\"font-family: Georgia, Palatino; font-size: 14pt;\"><a href=\"https:\/\/3.bp.blogspot.com\/-DWaz5VRxiO4\/W1z6tMZ-UnI\/AAAAAAAAIX0\/U2zaBeNfX1cTlf3YaPr58n3FvTPMb1O8gCLcBGAs\/s1600\/20180727_135406.jpg\" data-blogger-escaped-abp=\"2092\" data-blogger-escaped-style=\"margin-left: 1em; margin-right: 1em;\"><img decoding=\"async\" loading=\"lazy\" src=\"https:\/\/3.bp.blogspot.com\/-DWaz5VRxiO4\/W1z6tMZ-UnI\/AAAAAAAAIX0\/U2zaBeNfX1cTlf3YaPr58n3FvTPMb1O8gCLcBGAs\/s320\/20180727_135406.jpg\" width=\"320\" height=\"155\" border=\"0\" data-blogger-escaped-abp=\"2093\" data-blogger-escaped-data-original-height=\"778\" data-blogger-escaped-data-original-width=\"1600\" \/><\/a><\/span><\/p>\n<p class=\"separator\" style=\"text-align: center;\" data-blogger-escaped-abp=\"2095\" data-blogger-escaped-style=\"clear: both;\"><span style=\"font-family: Georgia, Palatino; font-size: 14pt;\">Il est pas loin de 16h et le thermom\u00e8tre est \u00e0 47\u00b0C !!!<\/span><\/p>\n<p class=\"separator\" style=\"text-align: center;\" data-blogger-escaped-abp=\"2097\" data-blogger-escaped-style=\"clear: both;\"><span style=\"font-family: Georgia, Palatino; font-size: 14pt;\">Nous arrivons \u00e0 l&rsquo;h\u00f4tel et un petit plongeon dans la piscine qui n&rsquo;est m\u00eame pas fra\u00eeche tellement il fait chaud.<\/span><\/p>\n<p style=\"text-align: center;\" data-blogger-escaped-abp=\"2097\" data-blogger-escaped-style=\"clear: both;\"><span style=\"font-size: 14pt;\"><strong>RETROUVER UN PETIT FILM SUR\u00a0LE NEVADA DANS L&rsquo;ONGLET \u00a0\u00bb NOS VIDEOS \u00ab\u00a0<\/strong><\/span><\/p>\n","protected":false},"excerpt":{"rendered":"<p>RACHEL Ce matin nous prenons la route pour la route des extra terrestres \ud83d\udef8 Mieux vaut avoir le plein d essence car aucune station d essence avant pr\u00e8s de 200km. Il faut reconna\u00eetre que la route est monotone et il n&rsquo;y a pas grand chose&#8230; \u00a0 Mais sur notre route, nous avons fait la rencontre d&rsquo;un coyote au milieu de la route, d&rsquo;une antilope et des troupeaux de vaches ! Apr\u00e8s plusieurs dizaines de km, nous atteignons Rachel. Rachel est&#8230;<\/p>\n<p class=\"read-more\"><a class=\"btn btn-default\" href=\"https:\/\/initiation-voyages.fr\/index.php\/nevada\/\">Lire la suite<span class=\"screen-reader-text\"> Lire la suite<\/span><\/a><\/p>\n","protected":false},"author":1,"featured_media":0,"parent":0,"menu_order":0,"comment_status":"closed","ping_status":"closed","template":"","meta":[],"_links":{"self":[{"href":"https:\/\/initiation-voyages.fr\/index.php\/wp-json\/wp\/v2\/pages\/763"}],"collection":[{"href":"https:\/\/initiation-voyages.fr\/index.php\/wp-json\/wp\/v2\/pages"}],"about":[{"href":"https:\/\/initiation-voyages.fr\/index.php\/wp-json\/wp\/v2\/types\/page"}],"author":[{"embeddable":true,"href":"https:\/\/initiation-voyages.fr\/index.php\/wp-json\/wp\/v2\/users\/1"}],"replies":[{"embeddable":true,"href":"https:\/\/initiation-voyages.fr\/index.php\/wp-json\/wp\/v2\/comments?post=763"}],"version-history":[{"count":2,"href":"https:\/\/initiation-voyages.fr\/index.php\/wp-json\/wp\/v2\/pages\/763\/revisions"}],"predecessor-version":[{"id":775,"href":"https:\/\/initiation-voyages.fr\/index.php\/wp-json\/wp\/v2\/pages\/763\/revisions\/775"}],"wp:attachment":[{"href":"https:\/\/initiation-voyages.fr\/index.php\/wp-json\/wp\/v2\/media?parent=763"}],"curies":[{"name":"wp","href":"https:\/\/api.w.org\/{rel}","templated":true}]}}