{"id":757,"date":"2020-01-27T13:12:52","date_gmt":"2020-01-27T12:12:52","guid":{"rendered":"http:\/\/initiation-voyages.fr\/?page_id=757"},"modified":"2020-01-28T13:20:06","modified_gmt":"2020-01-28T12:20:06","slug":"wyoming","status":"publish","type":"page","link":"https:\/\/initiation-voyages.fr\/index.php\/wyoming\/","title":{"rendered":"WYOMING"},"content":{"rendered":"<p style=\"text-align: center;\" data-blogger-escaped-abp=\"1712\" data-blogger-escaped-style=\"clear: both; text-align: center;\"><strong><span style=\"font-size: 24pt;\">Jackson Hole<\/span><\/strong><\/p>\n<p class=\"separator\" style=\"text-align: center;\" data-blogger-escaped-abp=\"1712\" data-blogger-escaped-style=\"clear: both; text-align: center;\">Jackson Hole est une station de montagne o\u00f9 nous visitons 2 petits mus\u00e9es tr\u00e8s sympathiques.<\/p>\n<p class=\"separator\" style=\"text-align: center;\" data-blogger-escaped-abp=\"1713\" data-blogger-escaped-style=\"clear: both; text-align: center;\">Le premier est celui de l histoire de la civilisation des USA.<\/p>\n<p class=\"separator\" style=\"text-align: center;\" data-blogger-escaped-abp=\"1714\" data-blogger-escaped-style=\"clear: both; text-align: center;\"><a href=\"https:\/\/3.bp.blogspot.com\/-GbUXuksLYP4\/W1gDpCIumxI\/AAAAAAAAIQ8\/niM4gXSqnHszYvqwBPxCvIINVOEGcjFYACLcBGAs\/s1600\/P1010579.JPG\" data-blogger-escaped-abp=\"1715\" data-blogger-escaped-style=\"margin-left: 1em; margin-right: 1em;\"><img decoding=\"async\" loading=\"lazy\" src=\"https:\/\/3.bp.blogspot.com\/-GbUXuksLYP4\/W1gDpCIumxI\/AAAAAAAAIQ8\/niM4gXSqnHszYvqwBPxCvIINVOEGcjFYACLcBGAs\/s320\/P1010579.JPG\" width=\"320\" height=\"213\" border=\"0\" data-blogger-escaped-abp=\"1716\" data-blogger-escaped-data-original-height=\"1067\" data-blogger-escaped-data-original-width=\"1600\" \/><\/a><\/p>\n<p class=\"separator\" style=\"text-align: center;\" data-blogger-escaped-abp=\"1718\" data-blogger-escaped-style=\"clear: both; text-align: center;\"><a href=\"https:\/\/4.bp.blogspot.com\/-U4wsZcj71oo\/W1gDqYvfb4I\/AAAAAAAAIRA\/rNk5j0BG7rMx7eTZ5sTd2h56fscYcqBHACLcBGAs\/s1600\/P1010583.JPG\" data-blogger-escaped-abp=\"1719\" data-blogger-escaped-style=\"margin-left: 1em; margin-right: 1em;\"><img decoding=\"async\" loading=\"lazy\" src=\"https:\/\/4.bp.blogspot.com\/-U4wsZcj71oo\/W1gDqYvfb4I\/AAAAAAAAIRA\/rNk5j0BG7rMx7eTZ5sTd2h56fscYcqBHACLcBGAs\/s320\/P1010583.JPG\" width=\"320\" height=\"213\" border=\"0\" data-blogger-escaped-abp=\"1720\" data-blogger-escaped-data-original-height=\"1067\" data-blogger-escaped-data-original-width=\"1600\" \/><\/a><\/p>\n<p class=\"separator\" style=\"text-align: center;\" data-blogger-escaped-abp=\"1722\" data-blogger-escaped-style=\"clear: both; text-align: center;\"><a href=\"https:\/\/3.bp.blogspot.com\/-8WSkPi_BJ1M\/W1gApp4mYNI\/AAAAAAAAIO0\/tGlIfnBVx9oGBzXkm99DP8kTHEmYzURSwCLcBGAs\/s1600\/20180724_122357.jpg\" data-blogger-escaped-abp=\"1723\" data-blogger-escaped-style=\"margin-left: 1em; margin-right: 1em;\"><img decoding=\"async\" loading=\"lazy\" src=\"https:\/\/3.bp.blogspot.com\/-8WSkPi_BJ1M\/W1gApp4mYNI\/AAAAAAAAIO0\/tGlIfnBVx9oGBzXkm99DP8kTHEmYzURSwCLcBGAs\/s320\/20180724_122357.jpg\" width=\"320\" height=\"92\" border=\"0\" data-blogger-escaped-abp=\"1724\" data-blogger-escaped-data-original-height=\"464\" data-blogger-escaped-data-original-width=\"1600\" \/><\/a><\/p>\n<p class=\"separator\" style=\"text-align: center;\" data-blogger-escaped-abp=\"1726\" data-blogger-escaped-style=\"clear: both; text-align: center;\"><a href=\"https:\/\/3.bp.blogspot.com\/-7hPJ4hd7WBM\/W1gAq4fhZRI\/AAAAAAAAIO4\/UlGM9h0JPUIxhPV_7dD3AsgfExg87nDkACLcBGAs\/s1600\/20180724_122617.jpg\" data-blogger-escaped-abp=\"1727\" data-blogger-escaped-style=\"margin-left: 1em; margin-right: 1em;\"><img decoding=\"async\" loading=\"lazy\" src=\"https:\/\/3.bp.blogspot.com\/-7hPJ4hd7WBM\/W1gAq4fhZRI\/AAAAAAAAIO4\/UlGM9h0JPUIxhPV_7dD3AsgfExg87nDkACLcBGAs\/s320\/20180724_122617.jpg\" width=\"320\" height=\"155\" border=\"0\" data-blogger-escaped-abp=\"1728\" data-blogger-escaped-data-original-height=\"778\" data-blogger-escaped-data-original-width=\"1600\" \/><\/a><\/p>\n<p class=\"separator\" style=\"text-align: center;\" data-blogger-escaped-abp=\"1730\" data-blogger-escaped-style=\"clear: both; text-align: center;\"><a href=\"https:\/\/3.bp.blogspot.com\/-qIyksvE51Kw\/W1gAtyLj-mI\/AAAAAAAAIO8\/daG0aSfhu9QUyWOjKqhm4ZjmjR4-m9ljwCLcBGAs\/s1600\/20180724_122705.jpg\" data-blogger-escaped-abp=\"1731\" data-blogger-escaped-style=\"margin-left: 1em; margin-right: 1em;\"><img decoding=\"async\" loading=\"lazy\" src=\"https:\/\/3.bp.blogspot.com\/-qIyksvE51Kw\/W1gAtyLj-mI\/AAAAAAAAIO8\/daG0aSfhu9QUyWOjKqhm4ZjmjR4-m9ljwCLcBGAs\/s320\/20180724_122705.jpg\" width=\"155\" height=\"320\" border=\"0\" data-blogger-escaped-abp=\"1732\" data-blogger-escaped-data-original-height=\"1600\" data-blogger-escaped-data-original-width=\"778\" \/><\/a><\/p>\n<p class=\"separator\" style=\"text-align: center;\" data-blogger-escaped-abp=\"1734\" data-blogger-escaped-style=\"clear: both; text-align: center;\"><a href=\"https:\/\/1.bp.blogspot.com\/-50WhmZH2p7A\/W1gA-djqOsI\/AAAAAAAAIPI\/Un_Ayl9250ohlTtPeFuPvr52aiziBvd0gCLcBGAs\/s1600\/20180724_122753.jpg\" data-blogger-escaped-abp=\"1735\" data-blogger-escaped-style=\"margin-left: 1em; margin-right: 1em;\"><img decoding=\"async\" loading=\"lazy\" src=\"https:\/\/1.bp.blogspot.com\/-50WhmZH2p7A\/W1gA-djqOsI\/AAAAAAAAIPI\/Un_Ayl9250ohlTtPeFuPvr52aiziBvd0gCLcBGAs\/s320\/20180724_122753.jpg\" width=\"320\" height=\"95\" border=\"0\" data-blogger-escaped-abp=\"1736\" data-blogger-escaped-data-original-height=\"476\" data-blogger-escaped-data-original-width=\"1600\" \/><\/a><\/p>\n<p class=\"separator\" style=\"text-align: center;\" data-blogger-escaped-abp=\"1738\" data-blogger-escaped-style=\"clear: both; text-align: center;\">Le second sur les Indiens<\/p>\n<p class=\"separator\" style=\"text-align: center;\" data-blogger-escaped-abp=\"1739\" data-blogger-escaped-style=\"clear: both; text-align: center;\"><a href=\"https:\/\/1.bp.blogspot.com\/-hHKAfhIzShg\/W1gBRuMIjmI\/AAAAAAAAIPU\/fjysihJrJd4WDtTC-88Q-j9XCJIxFA0yQCLcBGAs\/s1600\/20180724_125858.jpg\" data-blogger-escaped-abp=\"1740\" data-blogger-escaped-style=\"margin-left: 1em; margin-right: 1em;\"><img decoding=\"async\" loading=\"lazy\" src=\"https:\/\/1.bp.blogspot.com\/-hHKAfhIzShg\/W1gBRuMIjmI\/AAAAAAAAIPU\/fjysihJrJd4WDtTC-88Q-j9XCJIxFA0yQCLcBGAs\/s320\/20180724_125858.jpg\" width=\"320\" height=\"155\" border=\"0\" data-blogger-escaped-abp=\"1741\" data-blogger-escaped-data-original-height=\"778\" data-blogger-escaped-data-original-width=\"1600\" \/><\/a><\/p>\n<p class=\"separator\" style=\"text-align: center;\" data-blogger-escaped-abp=\"1743\" data-blogger-escaped-style=\"clear: both; text-align: center;\"><a href=\"https:\/\/1.bp.blogspot.com\/-Wgs4PMwhkwU\/W1gBWPesgwI\/AAAAAAAAIPY\/Qu_FTKRbMpkxGGUWwpTbHqu22oxnsvyFwCLcBGAs\/s1600\/20180724_125840.jpg\" data-blogger-escaped-abp=\"1744\" data-blogger-escaped-style=\"margin-left: 1em; margin-right: 1em;\"><img decoding=\"async\" loading=\"lazy\" src=\"https:\/\/1.bp.blogspot.com\/-Wgs4PMwhkwU\/W1gBWPesgwI\/AAAAAAAAIPY\/Qu_FTKRbMpkxGGUWwpTbHqu22oxnsvyFwCLcBGAs\/s320\/20180724_125840.jpg\" width=\"320\" height=\"155\" border=\"0\" data-blogger-escaped-abp=\"1745\" data-blogger-escaped-data-original-height=\"778\" data-blogger-escaped-data-original-width=\"1600\" \/><\/a><\/p>\n<p class=\"separator\" style=\"text-align: center;\" data-blogger-escaped-abp=\"1747\" data-blogger-escaped-style=\"clear: both; text-align: center;\"><a href=\"https:\/\/2.bp.blogspot.com\/-uymRlJ6OURA\/W1gBZoPSxfI\/AAAAAAAAIPc\/cLn4e5dvW4A9t2BoQ07qXrbBNQLGe-lOACLcBGAs\/s1600\/20180724_125737.jpg\" data-blogger-escaped-abp=\"1748\" data-blogger-escaped-style=\"margin-left: 1em; margin-right: 1em;\"><img decoding=\"async\" loading=\"lazy\" src=\"https:\/\/2.bp.blogspot.com\/-uymRlJ6OURA\/W1gBZoPSxfI\/AAAAAAAAIPc\/cLn4e5dvW4A9t2BoQ07qXrbBNQLGe-lOACLcBGAs\/s320\/20180724_125737.jpg\" width=\"155\" height=\"320\" border=\"0\" data-blogger-escaped-abp=\"1749\" data-blogger-escaped-data-original-height=\"1600\" data-blogger-escaped-data-original-width=\"778\" \/><\/a><\/p>\n<p class=\"separator\" style=\"text-align: center;\" data-blogger-escaped-abp=\"1751\" data-blogger-escaped-style=\"clear: both; text-align: center;\"><a href=\"https:\/\/1.bp.blogspot.com\/-lVOzYh6Vgts\/W1gBdaVFz3I\/AAAAAAAAIPg\/bAsNWUO7wVYVePEHnctMaGOcFljR4-EWwCLcBGAs\/s1600\/20180724_125532.jpg\" data-blogger-escaped-abp=\"1752\" data-blogger-escaped-style=\"margin-left: 1em; margin-right: 1em;\"><img decoding=\"async\" loading=\"lazy\" src=\"https:\/\/1.bp.blogspot.com\/-lVOzYh6Vgts\/W1gBdaVFz3I\/AAAAAAAAIPg\/bAsNWUO7wVYVePEHnctMaGOcFljR4-EWwCLcBGAs\/s320\/20180724_125532.jpg\" width=\"320\" height=\"155\" border=\"0\" data-blogger-escaped-abp=\"1753\" data-blogger-escaped-data-original-height=\"778\" data-blogger-escaped-data-original-width=\"1600\" \/><\/a><\/p>\n<p class=\"separator\" style=\"text-align: center;\" data-blogger-escaped-abp=\"1755\" data-blogger-escaped-style=\"clear: both; text-align: center;\"><a href=\"https:\/\/4.bp.blogspot.com\/-iUjT3Jo_i9s\/W1gBiIJw0eI\/AAAAAAAAIPk\/lgXfms76UJcUNrK17BjAGExLq2o5wcctACLcBGAs\/s1600\/20180724_125339.jpg\" data-blogger-escaped-abp=\"1756\" data-blogger-escaped-style=\"margin-left: 1em; margin-right: 1em;\"><img decoding=\"async\" loading=\"lazy\" src=\"https:\/\/4.bp.blogspot.com\/-iUjT3Jo_i9s\/W1gBiIJw0eI\/AAAAAAAAIPk\/lgXfms76UJcUNrK17BjAGExLq2o5wcctACLcBGAs\/s320\/20180724_125339.jpg\" width=\"320\" height=\"155\" border=\"0\" data-blogger-escaped-abp=\"1757\" data-blogger-escaped-data-original-height=\"778\" data-blogger-escaped-data-original-width=\"1600\" \/><\/a><\/p>\n<p class=\"separator\" style=\"text-align: center;\" data-blogger-escaped-abp=\"1759\" data-blogger-escaped-style=\"clear: both; text-align: center;\">Jackson Hole est une tr\u00e8s jolie station de montagne avec beaucoup de boutiques sportives !<\/p>\n<p class=\"separator\" style=\"text-align: center;\" data-blogger-escaped-abp=\"1760\" data-blogger-escaped-style=\"clear: both; text-align: center;\"><a href=\"https:\/\/2.bp.blogspot.com\/-8AX44FTDBqw\/W1gDENml4NI\/AAAAAAAAIQU\/A77hgmZ17oEwHVRViwyOu2nMckHYe-XRgCLcBGAs\/s1600\/20180724_130508.jpg\" data-blogger-escaped-abp=\"1761\" data-blogger-escaped-style=\"margin-left: 1em; margin-right: 1em;\"><img decoding=\"async\" loading=\"lazy\" src=\"https:\/\/2.bp.blogspot.com\/-8AX44FTDBqw\/W1gDENml4NI\/AAAAAAAAIQU\/A77hgmZ17oEwHVRViwyOu2nMckHYe-XRgCLcBGAs\/s320\/20180724_130508.jpg\" width=\"320\" height=\"155\" border=\"0\" data-blogger-escaped-abp=\"1762\" data-blogger-escaped-data-original-height=\"778\" data-blogger-escaped-data-original-width=\"1600\" \/><\/a><\/p>\n<p class=\"separator\" style=\"text-align: center;\" data-blogger-escaped-abp=\"1764\" data-blogger-escaped-style=\"clear: both; text-align: center;\"><a href=\"https:\/\/2.bp.blogspot.com\/-9kjObc-9CCQ\/W1gDHAaEOYI\/AAAAAAAAIQY\/YmpzpPc0KB4gmrdEFm6ZnA7UQV09jZ-cwCLcBGAs\/s1600\/20180724_143707.jpg\" data-blogger-escaped-abp=\"1765\" data-blogger-escaped-style=\"margin-left: 1em; margin-right: 1em;\"><img decoding=\"async\" loading=\"lazy\" src=\"https:\/\/2.bp.blogspot.com\/-9kjObc-9CCQ\/W1gDHAaEOYI\/AAAAAAAAIQY\/YmpzpPc0KB4gmrdEFm6ZnA7UQV09jZ-cwCLcBGAs\/s320\/20180724_143707.jpg\" width=\"320\" height=\"155\" border=\"0\" data-blogger-escaped-abp=\"1766\" data-blogger-escaped-data-original-height=\"778\" data-blogger-escaped-data-original-width=\"1600\" \/><\/a><\/p>\n<p class=\"separator\" style=\"text-align: center;\" data-blogger-escaped-abp=\"1768\" data-blogger-escaped-style=\"clear: both; text-align: center;\"><a href=\"https:\/\/1.bp.blogspot.com\/-ueAZrx436Io\/W1gDKuSxHXI\/AAAAAAAAIQc\/16YLi_DbJVIeNglkj5yC8RM9wYR69HSuwCLcBGAs\/s1600\/20180724_143144.jpg\" data-blogger-escaped-abp=\"1769\" data-blogger-escaped-style=\"margin-left: 1em; margin-right: 1em;\"><img decoding=\"async\" loading=\"lazy\" src=\"https:\/\/1.bp.blogspot.com\/-ueAZrx436Io\/W1gDKuSxHXI\/AAAAAAAAIQc\/16YLi_DbJVIeNglkj5yC8RM9wYR69HSuwCLcBGAs\/s320\/20180724_143144.jpg\" width=\"320\" height=\"155\" border=\"0\" data-blogger-escaped-abp=\"1770\" data-blogger-escaped-data-original-height=\"778\" data-blogger-escaped-data-original-width=\"1600\" \/><\/a><\/p>\n<p class=\"separator\" style=\"text-align: center;\" data-blogger-escaped-abp=\"1772\" data-blogger-escaped-style=\"clear: both; text-align: center;\"><a href=\"https:\/\/4.bp.blogspot.com\/-pJJso172xMw\/W1gDMzi3oHI\/AAAAAAAAIQg\/desZZggcekk8whpD8l34ZreynTPUHfAjACLcBGAs\/s1600\/20180724_131240.jpg\" data-blogger-escaped-abp=\"1773\" data-blogger-escaped-style=\"margin-left: 1em; margin-right: 1em;\"><img decoding=\"async\" loading=\"lazy\" src=\"https:\/\/4.bp.blogspot.com\/-pJJso172xMw\/W1gDMzi3oHI\/AAAAAAAAIQg\/desZZggcekk8whpD8l34ZreynTPUHfAjACLcBGAs\/s320\/20180724_131240.jpg\" width=\"155\" height=\"320\" border=\"0\" data-blogger-escaped-abp=\"1774\" data-blogger-escaped-data-original-height=\"1600\" data-blogger-escaped-data-original-width=\"778\" \/><\/a><\/p>\n<p style=\"text-align: center;\" data-blogger-escaped-abp=\"1772\" data-blogger-escaped-style=\"clear: both; text-align: center;\">Arche faite avec des bois d&rsquo;Orignal<\/p>\n<p class=\"separator\" style=\"text-align: center;\" data-blogger-escaped-abp=\"1776\" data-blogger-escaped-style=\"clear: both; text-align: center;\"><a href=\"https:\/\/4.bp.blogspot.com\/-_FzTjdR20cU\/W1gDRFOHJpI\/AAAAAAAAIQk\/nAntoaQnbRMpz3hITKr5tCURDXKbjZ52wCLcBGAs\/s1600\/20180724_131058.jpg\" data-blogger-escaped-abp=\"1777\" data-blogger-escaped-style=\"margin-left: 1em; margin-right: 1em;\"><img decoding=\"async\" loading=\"lazy\" src=\"https:\/\/4.bp.blogspot.com\/-_FzTjdR20cU\/W1gDRFOHJpI\/AAAAAAAAIQk\/nAntoaQnbRMpz3hITKr5tCURDXKbjZ52wCLcBGAs\/s320\/20180724_131058.jpg\" width=\"320\" height=\"155\" border=\"0\" data-blogger-escaped-abp=\"1778\" data-blogger-escaped-data-original-height=\"778\" data-blogger-escaped-data-original-width=\"1600\" \/><\/a><\/p>\n<p style=\"text-align: center;\" data-blogger-escaped-abp=\"1780\" data-blogger-escaped-style=\"clear: both; text-align: center;\"><span style=\"font-size: 14pt;\"><strong>RETROUVER UN PETIT FILM DANS L&rsquo;ONGLET \u00a0\u00bb NOS VIDEOS \u00ab\u00a0<\/strong><\/span><\/p>\n","protected":false},"excerpt":{"rendered":"<p>Jackson Hole Jackson Hole est une station de montagne o\u00f9 nous visitons 2 petits mus\u00e9es tr\u00e8s sympathiques. Le premier est celui de l histoire de la civilisation des USA. Le second sur les Indiens Jackson Hole est une tr\u00e8s jolie station de montagne avec beaucoup de boutiques sportives ! Arche faite avec des bois d&rsquo;Orignal RETROUVER UN PETIT FILM DANS L&rsquo;ONGLET \u00a0\u00bb NOS VIDEOS \u00ab\u00a0<\/p>\n","protected":false},"author":1,"featured_media":0,"parent":0,"menu_order":0,"comment_status":"closed","ping_status":"closed","template":"","meta":[],"_links":{"self":[{"href":"https:\/\/initiation-voyages.fr\/index.php\/wp-json\/wp\/v2\/pages\/757"}],"collection":[{"href":"https:\/\/initiation-voyages.fr\/index.php\/wp-json\/wp\/v2\/pages"}],"about":[{"href":"https:\/\/initiation-voyages.fr\/index.php\/wp-json\/wp\/v2\/types\/page"}],"author":[{"embeddable":true,"href":"https:\/\/initiation-voyages.fr\/index.php\/wp-json\/wp\/v2\/users\/1"}],"replies":[{"embeddable":true,"href":"https:\/\/initiation-voyages.fr\/index.php\/wp-json\/wp\/v2\/comments?post=757"}],"version-history":[{"count":3,"href":"https:\/\/initiation-voyages.fr\/index.php\/wp-json\/wp\/v2\/pages\/757\/revisions"}],"predecessor-version":[{"id":781,"href":"https:\/\/initiation-voyages.fr\/index.php\/wp-json\/wp\/v2\/pages\/757\/revisions\/781"}],"wp:attachment":[{"href":"https:\/\/initiation-voyages.fr\/index.php\/wp-json\/wp\/v2\/media?parent=757"}],"curies":[{"name":"wp","href":"https:\/\/api.w.org\/{rel}","templated":true}]}}