{"id":479,"date":"2018-02-23T14:43:10","date_gmt":"2018-02-23T13:43:10","guid":{"rendered":"http:\/\/initiation-voyages.fr\/?page_id=479"},"modified":"2018-02-23T18:31:50","modified_gmt":"2018-02-23T17:31:50","slug":"parcs-nationaux-californiens-2","status":"publish","type":"page","link":"https:\/\/initiation-voyages.fr\/index.php\/parcs-nationaux-californiens-2\/","title":{"rendered":"PARCS NATIONAUX CALIFORNIENS"},"content":{"rendered":"<div style=\"text-align: center;\" data-blogger-escaped-style=\"text-align: left;\" data-blogger-escaped-abp=\"42218\"><span style=\"font-family: Georgia, Palatino; font-size: 24pt;\"><strong>CALAVERAS BIG TREES<\/strong><\/span><\/div>\n<p style=\"text-align: center;\"><span style=\"font-family: Georgia, Palatino; font-size: 14pt;\"><img decoding=\"async\" loading=\"lazy\" class=\"size-medium wp-image-387 aligncenter\" src=\"http:\/\/initiation-voyages.fr\/wp-content\/uploads\/2017\/12\/DSC02352-300x225.jpg\" alt=\"\" width=\"300\" height=\"225\" srcset=\"https:\/\/initiation-voyages.fr\/wp-content\/uploads\/2017\/12\/DSC02352-300x225.jpg 300w, https:\/\/initiation-voyages.fr\/wp-content\/uploads\/2017\/12\/DSC02352-768x576.jpg 768w, https:\/\/initiation-voyages.fr\/wp-content\/uploads\/2017\/12\/DSC02352-1024x768.jpg 1024w, https:\/\/initiation-voyages.fr\/wp-content\/uploads\/2017\/12\/DSC02352-360x270.jpg 360w, https:\/\/initiation-voyages.fr\/wp-content\/uploads\/2017\/12\/DSC02352-24x18.jpg 24w, https:\/\/initiation-voyages.fr\/wp-content\/uploads\/2017\/12\/DSC02352-36x27.jpg 36w, https:\/\/initiation-voyages.fr\/wp-content\/uploads\/2017\/12\/DSC02352-48x36.jpg 48w\" sizes=\"(max-width: 300px) 100vw, 300px\" \/>Calaveras Big Trees, d\u2019\u00e9normes S\u00e9quoia et toujours de mignons petits \u00e9cureils.<\/span><\/p>\n<p style=\"text-align: center;\"><span style=\"font-family: Georgia, Palatino; font-size: 14pt;\">C&rsquo;est un parc de Californie, pr\u00e9servant deux bosquets de s\u00e9quoias\u00a0g\u00e9ants.<\/span><\/p>\n<p style=\"text-align: center;\"><span style=\"font-family: Georgia, Palatino; font-size: 14pt;\">Il est situ\u00e9 dans les altitudes moyennes de la Sierra Nevada.<\/span><\/p>\n<p style=\"text-align: center;\"><span style=\"font-family: Georgia, Palatino; font-size: 14pt;\">Le parc abrite deux terrains de camping principaux avec un total de 129 terrains de camping,<\/span><\/p>\n<p style=\"text-align: center;\"><span style=\"font-family: Georgia, Palatino; font-size: 14pt;\">six aires de pique-nique et des centaines de kilom\u00e8tres de sentiers \u00e9tablis.<\/span><\/p>\n<p style=\"text-align: center;\"><span style=\"font-family: Georgia, Palatino; font-size: 14pt;\">Le Discovery Tree (l\u2019Arbre de la D\u00e9couverte) est d\u00e9couvert en 1852 et abattu en 1853,<\/span><\/p>\n<p style=\"text-align: center;\"><span style=\"font-family: Georgia, Palatino; font-size: 14pt;\">laissant une souche g\u00e9ante, de 25 pieds de diam\u00e8tre \u00e0 sa base et reconnu pour avoir 1 244 ans une fois abattu.<\/span><\/p>\n<p style=\"text-align: center;\"><span style=\"font-family: Georgia, Palatino; font-size: 14pt;\">l&rsquo;Arbre de la D\u00e9couverte a \u00e9t\u00e9 renomm\u00e9 la Grande Souche.<\/span><\/p>\n<p style=\"text-align: center;\"><span style=\"font-family: Georgia, Palatino; font-size: 14pt;\">Le plus grand arbre du parc d\u2019aujourd&rsquo;hui est l&rsquo;arbre Empire State qui mesure 30 pieds.<\/span><\/p>\n<p style=\"text-align: center;\"><span style=\"font-family: Georgia, Palatino; font-size: 14pt;\"><a href=\"http:\/\/4.bp.blogspot.com\/-VzyYrIgf5ik\/V4dNQXl9E9I\/AAAAAAAAFMs\/IzfNxtMOcUsQKPJAo0Y2tP7p3et4FGH0wCK4B\/s1600\/GOPR2902.JPG\" data-blogger-escaped-abp=\"672\"><img decoding=\"async\" loading=\"lazy\" src=\"https:\/\/4.bp.blogspot.com\/-VzyYrIgf5ik\/V4dNQXl9E9I\/AAAAAAAAFMs\/IzfNxtMOcUsQKPJAo0Y2tP7p3et4FGH0wCK4B\/s320\/GOPR2902.JPG\" width=\"320\" height=\"240\" border=\"0\" data-blogger-escaped-abp=\"673\" \/><\/a>\u00a0<a href=\"http:\/\/3.bp.blogspot.com\/-IDyEeN5uAiM\/V4dNVRTg_0I\/AAAAAAAAFM0\/Pgax7SawckASBHWTj-UQYjylXJRV1bRuwCK4B\/s1600\/GOPR2892.JPG\" data-blogger-escaped-abp=\"674\"><img decoding=\"async\" loading=\"lazy\" src=\"https:\/\/3.bp.blogspot.com\/-IDyEeN5uAiM\/V4dNVRTg_0I\/AAAAAAAAFM0\/Pgax7SawckASBHWTj-UQYjylXJRV1bRuwCK4B\/s320\/GOPR2892.JPG\" width=\"320\" height=\"240\" border=\"0\" data-blogger-escaped-abp=\"675\" \/><\/a>\u00a0<\/span><\/p>\n<p style=\"text-align: center;\"><span style=\"font-family: Georgia, Palatino; font-size: 14pt;\"><a href=\"http:\/\/2.bp.blogspot.com\/-pafdZPQShuo\/V4dNgsFe1YI\/AAAAAAAAFM8\/Zn2_lo4cqDIlbEtCm4LztlAekb7iV8A7ACK4B\/s1600\/GOPR2888.JPG\" data-blogger-escaped-abp=\"676\"><img decoding=\"async\" loading=\"lazy\" src=\"https:\/\/2.bp.blogspot.com\/-pafdZPQShuo\/V4dNgsFe1YI\/AAAAAAAAFM8\/Zn2_lo4cqDIlbEtCm4LztlAekb7iV8A7ACK4B\/s320\/GOPR2888.JPG\" width=\"320\" height=\"240\" border=\"0\" data-blogger-escaped-abp=\"677\" \/><\/a>\u00a0<a href=\"http:\/\/4.bp.blogspot.com\/--edqisKfqvc\/V4dNuXC53hI\/AAAAAAAAFNQ\/WDu50QQmVNMsFhUrEE5CP04YHG-X_HzHgCK4B\/s1600\/GOPR2911.JPG\" data-blogger-escaped-abp=\"678\"><img decoding=\"async\" loading=\"lazy\" src=\"https:\/\/4.bp.blogspot.com\/--edqisKfqvc\/V4dNuXC53hI\/AAAAAAAAFNQ\/WDu50QQmVNMsFhUrEE5CP04YHG-X_HzHgCK4B\/s320\/GOPR2911.JPG\" width=\"320\" height=\"240\" border=\"0\" data-blogger-escaped-abp=\"679\" \/><\/a><\/span><\/p>\n<p style=\"text-align: center;\"><span style=\"font-size: 14pt;\">On se sent vraiment tout petit !!!<\/span><\/p>\n<p>&nbsp;<\/p>\n<p style=\"text-align: center;\"><span style=\"font-size: 24pt;\"><strong><span style=\"font-family: Georgia, Palatino;\">YOSEMITE<\/span><\/strong><\/span><\/p>\n<p style=\"text-align: center;\"><span style=\"font-family: Georgia, Palatino; font-size: 14pt;\"><a href=\"http:\/\/3.bp.blogspot.com\/-waPIY0hwefg\/V4dF_Teg66I\/AAAAAAAAFKY\/Ji3odig8FgsIW51q9VOk3_nR0g04Ir9VgCK4B\/s1600\/DSC02336.JPG\" data-blogger-escaped-abp=\"768\"><img decoding=\"async\" loading=\"lazy\" src=\"https:\/\/3.bp.blogspot.com\/-waPIY0hwefg\/V4dF_Teg66I\/AAAAAAAAFKY\/Ji3odig8FgsIW51q9VOk3_nR0g04Ir9VgCK4B\/s320\/DSC02336.JPG\" width=\"320\" height=\"240\" border=\"0\" data-blogger-escaped-abp=\"769\" \/><\/a><\/span><\/p>\n<p style=\"text-align: center;\"><span style=\"font-family: Georgia, Palatino; font-size: 14pt;\">Le parc national de Yosemite se situe dans les montagnes de la Sierra Nevada en Californie.<\/span><\/p>\n<p style=\"text-align: center;\"><span style=\"font-family: Georgia, Palatino; font-size: 14pt;\">Nous le rejoignons en passant par la Tioga Road.<\/span><\/p>\n<p style=\"text-align: center;\"><span style=\"font-family: Georgia, Palatino; font-size: 14pt;\">Avec une superficie totale de 3\u00a0079 km<sup>2<\/sup>, il est le troisi\u00e8me plus grand parc de Californie.<\/span><\/p>\n<p style=\"text-align: center;\"><span style=\"font-family: Georgia, Palatino; font-size: 14pt;\">Il est le deuxi\u00e8me plus ancien de l\u2019histoire am\u00e9ricaine, apr\u00e8s celui de Yellowstone.<\/span><\/p>\n<p style=\"text-align: center;\"><span style=\"font-family: Georgia, Palatino; font-size: 14pt;\">Plus de 3,5 millions de touristes le fr\u00e9quentent chaque ann\u00e9e.<\/span><\/p>\n<p style=\"text-align: center;\"><span style=\"font-family: Georgia, Palatino; font-size: 14pt;\">Ses\u00a0 chutes d&rsquo;eau et ses d\u00f4mes granitiques spectaculaires attirent chaque ann\u00e9e<\/span><\/p>\n<p style=\"text-align: center;\"><span style=\"font-family: Georgia, Palatino; font-size: 14pt;\">des milliers de randonneurs et de grimpeurs venant du monde entier.<\/span><\/p>\n<p style=\"text-align: center;\"><span style=\"font-family: Georgia, Palatino; font-size: 14pt;\">Le Yosemite est un parc de haute montagne dont la diversit\u00e9 naturelle et paysag\u00e8re a \u00e9t\u00e9 reconnue<\/span><\/p>\n<p style=\"text-align: center;\"><span style=\"font-family: Georgia, Palatino; font-size: 14pt;\">patrimoine de l&rsquo;humanit\u00e9 par l&rsquo;UNESCO en 1984.\u00a0<\/span><\/p>\n<p style=\"text-align: center;\"><span style=\"font-family: Georgia, Palatino; font-size: 14pt;\">Le point culminant est le mont Lyell\u00a0(3\u00a0997 m), au sud-est du parc.<\/span><\/p>\n<p style=\"text-align: center;\"><span style=\"font-family: Georgia, Palatino; font-size: 14pt;\">Le parc est c\u00e9l\u00e8bre pour ses d\u00f4mes dont le granite se fragmente en feuillets\u00a0comme le fameux Half Dome.<\/span><\/p>\n<p style=\"text-align: center;\"><span style=\"font-family: Georgia, Palatino; font-size: 14pt;\"><a href=\"http:\/\/2.bp.blogspot.com\/-ubzAbVaDZao\/V4dHB02VlMI\/AAAAAAAAFKs\/s3PFjraBngYtF8A2YHBYyDcpQm4KJKPrwCK4B\/s1600\/20160711_100323.jpg\" data-blogger-escaped-abp=\"785\"><img decoding=\"async\" loading=\"lazy\" src=\"https:\/\/2.bp.blogspot.com\/-ubzAbVaDZao\/V4dHB02VlMI\/AAAAAAAAFKs\/s3PFjraBngYtF8A2YHBYyDcpQm4KJKPrwCK4B\/s320\/20160711_100323.jpg\" width=\"320\" height=\"180\" border=\"0\" data-blogger-escaped-abp=\"786\" \/><\/a>\u00a0<a href=\"http:\/\/4.bp.blogspot.com\/-215QqUhELbs\/V4dH0VH5HCI\/AAAAAAAAFK4\/NKJ0kuRupUgsrkuy0TgUESh5Z6nhVr9jgCK4B\/s1600\/20160711_093128.jpg\" data-blogger-escaped-abp=\"787\"><img decoding=\"async\" loading=\"lazy\" src=\"https:\/\/4.bp.blogspot.com\/-215QqUhELbs\/V4dH0VH5HCI\/AAAAAAAAFK4\/NKJ0kuRupUgsrkuy0TgUESh5Z6nhVr9jgCK4B\/s320\/20160711_093128.jpg\" width=\"320\" height=\"180\" border=\"0\" data-blogger-escaped-abp=\"788\" \/><\/a>\u00a0<\/span><\/p>\n<p style=\"text-align: center;\"><span style=\"font-family: Georgia, Palatino; font-size: 14pt;\"><a href=\"http:\/\/2.bp.blogspot.com\/-95Ixs2-om28\/V4dG5uAqn-I\/AAAAAAAAFKk\/uRnJt9v7GDMu85QVcN7lkdWYZlpZULY8gCK4B\/s1600\/20160711_100204.jpg\" data-blogger-escaped-abp=\"789\"><img decoding=\"async\" loading=\"lazy\" src=\"https:\/\/2.bp.blogspot.com\/-95Ixs2-om28\/V4dG5uAqn-I\/AAAAAAAAFKk\/uRnJt9v7GDMu85QVcN7lkdWYZlpZULY8gCK4B\/s320\/20160711_100204.jpg\" width=\"320\" height=\"180\" border=\"0\" data-blogger-escaped-abp=\"790\" \/><\/a>\u00a0<a href=\"http:\/\/3.bp.blogspot.com\/-DY-WSIjADdM\/V4dIJAp96II\/AAAAAAAAFLM\/kEUlQ9aTjsQ7BUTb2FfvTbqnHV8JS22GwCK4B\/s1600\/20160711_121547.jpg\" data-blogger-escaped-abp=\"791\"><img decoding=\"async\" loading=\"lazy\" src=\"https:\/\/3.bp.blogspot.com\/-DY-WSIjADdM\/V4dIJAp96II\/AAAAAAAAFLM\/kEUlQ9aTjsQ7BUTb2FfvTbqnHV8JS22GwCK4B\/s320\/20160711_121547.jpg\" width=\"320\" height=\"180\" border=\"0\" data-blogger-escaped-abp=\"792\" \/><\/a><\/span><\/p>\n<p style=\"text-align: center;\"><span style=\"font-family: Georgia, Palatino; font-size: 14pt;\">Les rochers embl\u00e9matiques sont \u00ab\u00a0El Capitan\u00a0\u00bb<\/span><\/p>\n<p style=\"text-align: center;\"><span style=\"font-family: Georgia, Palatino; font-size: 14pt;\"><a href=\"http:\/\/3.bp.blogspot.com\/-_7ytnAKzFSE\/V4dLXtMn6VI\/AAAAAAAAFLc\/iunDStyPQDYc_tIMBfINfguPSIN8QYliwCK4B\/s1600\/DSC02308.JPG\" data-blogger-escaped-abp=\"806\"><img decoding=\"async\" loading=\"lazy\" src=\"https:\/\/3.bp.blogspot.com\/-_7ytnAKzFSE\/V4dLXtMn6VI\/AAAAAAAAFLc\/iunDStyPQDYc_tIMBfINfguPSIN8QYliwCK4B\/s320\/DSC02308.JPG\" width=\"320\" height=\"240\" border=\"0\" data-blogger-escaped-abp=\"807\" \/><\/a>\u00a0<a href=\"http:\/\/3.bp.blogspot.com\/-LWdv9jz1G40\/V4dMmshv29I\/AAAAAAAAFMU\/budE1aiCmbcIuFRDgyEca32BSsFuvKPXQCK4B\/s1600\/GOPR2842.JPG\" data-blogger-escaped-abp=\"808\"><img decoding=\"async\" loading=\"lazy\" src=\"https:\/\/3.bp.blogspot.com\/-LWdv9jz1G40\/V4dMmshv29I\/AAAAAAAAFMU\/budE1aiCmbcIuFRDgyEca32BSsFuvKPXQCK4B\/s320\/GOPR2842.JPG\" width=\"320\" height=\"240\" border=\"0\" data-blogger-escaped-abp=\"809\" \/><\/a><\/span><\/p>\n<p style=\"text-align: center;\"><span style=\"font-family: Georgia, Palatino; font-size: 14pt;\">\u00ab\u00a0Half Dome\u00a0\u00bb<\/span><\/p>\n<p style=\"text-align: center;\"><span style=\"font-family: Georgia, Palatino; font-size: 14pt;\">Et des \u00e9cureils, mais pas d\u2019ours \u2026<\/span><\/p>\n<p style=\"text-align: center;\"><span style=\"font-family: Georgia, Palatino; font-size: 14pt;\"><a href=\"http:\/\/1.bp.blogspot.com\/-LDu-a_Zdtos\/V4dLjqKtXAI\/AAAAAAAAFLk\/C_QjZTqkx0YxEN8UEqAbikugJ2ctwWPlQCK4B\/s1600\/DSC02319.JPG\" data-blogger-escaped-abp=\"824\"><img decoding=\"async\" loading=\"lazy\" src=\"https:\/\/1.bp.blogspot.com\/-LDu-a_Zdtos\/V4dLjqKtXAI\/AAAAAAAAFLk\/C_QjZTqkx0YxEN8UEqAbikugJ2ctwWPlQCK4B\/s320\/DSC02319.JPG\" width=\"320\" height=\"240\" border=\"0\" data-blogger-escaped-abp=\"825\" \/><\/a>\u00a0<a href=\"http:\/\/3.bp.blogspot.com\/-lenFnBDrSds\/V4dMdBCdQgI\/AAAAAAAAFMM\/DSIo3GIqLR8jxX-nIQcKs5aODsq86xVQQCK4B\/s1600\/DSC02317.JPG\" data-blogger-escaped-abp=\"826\"><img decoding=\"async\" loading=\"lazy\" src=\"https:\/\/3.bp.blogspot.com\/-lenFnBDrSds\/V4dMdBCdQgI\/AAAAAAAAFMM\/DSIo3GIqLR8jxX-nIQcKs5aODsq86xVQQCK4B\/s320\/DSC02317.JPG\" width=\"320\" height=\"240\" border=\"0\" data-blogger-escaped-abp=\"827\" \/><\/a><\/span><\/p>\n<p style=\"text-align: center;\"><span style=\"font-family: Georgia, Palatino; font-size: 14pt;\">Nous avons fait un picnic au bord de la rivi\u00e8re avec les canards\u00a0!<\/span><\/p>\n<p style=\"text-align: center;\"><span style=\"font-family: Georgia, Palatino; font-size: 14pt;\"><a href=\"http:\/\/4.bp.blogspot.com\/-CJG01LyIXZs\/V4dIDLJGw-I\/AAAAAAAAFLA\/j2y3uVVPIpAqaBBosQYv3pv49LTe2CpJgCK4B\/s1600\/20160711_125001.jpg\" data-blogger-escaped-abp=\"837\"><img decoding=\"async\" loading=\"lazy\" src=\"https:\/\/4.bp.blogspot.com\/-CJG01LyIXZs\/V4dIDLJGw-I\/AAAAAAAAFLA\/j2y3uVVPIpAqaBBosQYv3pv49LTe2CpJgCK4B\/s320\/20160711_125001.jpg\" width=\"320\" height=\"180\" border=\"0\" data-blogger-escaped-abp=\"838\" \/><\/a><\/span><\/p>\n<p style=\"text-align: center;\"><span style=\"font-family: Georgia, Palatino; font-size: 14pt;\">Heureusement la temp\u00e9rature est de nouveau au rendez-vous\u00a0!<\/span><\/p>\n<p style=\"text-align: center;\"><span style=\"font-family: Georgia, Palatino; font-size: 14pt;\">Mais doucement environ 26\u00b0C.<\/span><\/p>\n<p style=\"text-align: center;\"><span style=\"font-family: Georgia, Palatino; font-size: 14pt;\"><a href=\"http:\/\/1.bp.blogspot.com\/-8pMftvVB7VM\/V4dMPn15kwI\/AAAAAAAAFL4\/s_paN_FBuywtGHj4pmSdMZaa3gcdAmKLACK4B\/s1600\/DSC02324.JPG\" data-blogger-escaped-abp=\"853\"><img decoding=\"async\" loading=\"lazy\" src=\"https:\/\/1.bp.blogspot.com\/-8pMftvVB7VM\/V4dMPn15kwI\/AAAAAAAAFL4\/s_paN_FBuywtGHj4pmSdMZaa3gcdAmKLACK4B\/s320\/DSC02324.JPG\" width=\"320\" height=\"240\" border=\"0\" data-blogger-escaped-abp=\"854\" \/><\/a>\u00a0<a href=\"http:\/\/2.bp.blogspot.com\/-4r74g5lO_DE\/V4dMK1rp4yI\/AAAAAAAAFLw\/c1FajQP7Z4co6qalqWd4ipq6VoCfaXCAACK4B\/s1600\/DSC02322.JPG\" data-blogger-escaped-abp=\"855\"><img decoding=\"async\" loading=\"lazy\" src=\"https:\/\/2.bp.blogspot.com\/-4r74g5lO_DE\/V4dMK1rp4yI\/AAAAAAAAFLw\/c1FajQP7Z4co6qalqWd4ipq6VoCfaXCAACK4B\/s320\/DSC02322.JPG\" width=\"320\" height=\"240\" border=\"0\" data-blogger-escaped-abp=\"856\" \/><\/a>\u00a0<\/span><\/p>\n<p style=\"text-align: center;\"><span style=\"font-family: Georgia, Palatino; font-size: 14pt;\"><a href=\"http:\/\/3.bp.blogspot.com\/-ew_SbSrB3xk\/V4dMPg9TLQI\/AAAAAAAAFMA\/j6so1imZBuwWS9qrCDottBbsxtmPDRdrgCK4B\/s1600\/DSC02325.JPG\" data-blogger-escaped-abp=\"857\"><img decoding=\"async\" loading=\"lazy\" src=\"https:\/\/3.bp.blogspot.com\/-ew_SbSrB3xk\/V4dMPg9TLQI\/AAAAAAAAFMA\/j6so1imZBuwWS9qrCDottBbsxtmPDRdrgCK4B\/s320\/DSC02325.JPG\" width=\"320\" height=\"240\" border=\"0\" data-blogger-escaped-abp=\"858\" \/><\/a><\/span><\/p>\n<p style=\"text-align: center;\"><span style=\"font-family: Georgia, Palatino; font-size: 14pt;\">C\u2019est dans le parc que nous passerons la nuit.<\/span><\/p>\n<div style=\"text-align: center;\" data-blogger-escaped-style=\"text-align: center;\" data-blogger-escaped-abp=\"760\"><span style=\"font-size: 14pt;\"><strong>RETROUVER UN PETIT FILM SUR\u00a0LES PARCS NATIONAUX CALIFORNIENS <\/strong><\/span><\/div>\n<div style=\"text-align: center;\" data-blogger-escaped-style=\"text-align: center;\" data-blogger-escaped-abp=\"760\"><span style=\"font-size: 14pt;\"><strong>DANS L&rsquo;ONGLET \u00a0\u00bb NOS VIDEOS \u00ab\u00a0<\/strong>\u00a0<\/span><\/div>\n<div style=\"text-align: center;\" data-blogger-escaped-style=\"text-align: center;\" data-blogger-escaped-abp=\"4757\">\n<div data-blogger-escaped-abp=\"9238\">\n<div data-blogger-escaped-abp=\"4199\">\n<div data-blogger-escaped-style=\"text-align: center;\" data-blogger-escaped-abp=\"4757\"><\/div>\n<div data-blogger-escaped-style=\"text-align: center;\" data-blogger-escaped-abp=\"4757\"><\/div>\n<div data-blogger-escaped-style=\"text-align: center;\" data-blogger-escaped-abp=\"4757\"><\/div>\n<div data-blogger-escaped-style=\"text-align: center;\" data-blogger-escaped-abp=\"4757\"><\/div>\n<div data-blogger-escaped-style=\"text-align: center;\" data-blogger-escaped-abp=\"4757\"><\/div>\n<\/div>\n<\/div>\n<\/div>\n<p>&nbsp;<\/p>\n<p style=\"text-align: center;\"><span style=\"font-size: 14pt;\">\u00a0<\/span><\/p>\n","protected":false},"excerpt":{"rendered":"<p>CALAVERAS BIG TREES Calaveras Big Trees, d\u2019\u00e9normes S\u00e9quoia et toujours de mignons petits \u00e9cureils. C&rsquo;est un parc de Californie, pr\u00e9servant deux bosquets de s\u00e9quoias\u00a0g\u00e9ants. Il est situ\u00e9 dans les altitudes moyennes de la Sierra Nevada. Le parc abrite deux terrains de camping principaux avec un total de 129 terrains de camping, six aires de pique-nique et des centaines de kilom\u00e8tres de sentiers \u00e9tablis. Le Discovery Tree (l\u2019Arbre de la D\u00e9couverte) est d\u00e9couvert en 1852 et abattu en 1853, laissant une&#8230;<\/p>\n<p class=\"read-more\"><a class=\"btn btn-default\" href=\"https:\/\/initiation-voyages.fr\/index.php\/parcs-nationaux-californiens-2\/\">Lire la suite<span class=\"screen-reader-text\"> Lire la suite<\/span><\/a><\/p>\n","protected":false},"author":1,"featured_media":0,"parent":0,"menu_order":0,"comment_status":"closed","ping_status":"closed","template":"","meta":[],"_links":{"self":[{"href":"https:\/\/initiation-voyages.fr\/index.php\/wp-json\/wp\/v2\/pages\/479"}],"collection":[{"href":"https:\/\/initiation-voyages.fr\/index.php\/wp-json\/wp\/v2\/pages"}],"about":[{"href":"https:\/\/initiation-voyages.fr\/index.php\/wp-json\/wp\/v2\/types\/page"}],"author":[{"embeddable":true,"href":"https:\/\/initiation-voyages.fr\/index.php\/wp-json\/wp\/v2\/users\/1"}],"replies":[{"embeddable":true,"href":"https:\/\/initiation-voyages.fr\/index.php\/wp-json\/wp\/v2\/comments?post=479"}],"version-history":[{"count":4,"href":"https:\/\/initiation-voyages.fr\/index.php\/wp-json\/wp\/v2\/pages\/479\/revisions"}],"predecessor-version":[{"id":580,"href":"https:\/\/initiation-voyages.fr\/index.php\/wp-json\/wp\/v2\/pages\/479\/revisions\/580"}],"wp:attachment":[{"href":"https:\/\/initiation-voyages.fr\/index.php\/wp-json\/wp\/v2\/media?parent=479"}],"curies":[{"name":"wp","href":"https:\/\/api.w.org\/{rel}","templated":true}]}}