{"id":284,"date":"2018-01-21T18:32:32","date_gmt":"2018-01-21T17:32:32","guid":{"rendered":"http:\/\/initiation-voyages.fr\/?page_id=284"},"modified":"2018-01-21T19:06:30","modified_gmt":"2018-01-21T18:06:30","slug":"ardeche","status":"publish","type":"page","link":"https:\/\/initiation-voyages.fr\/index.php\/ardeche\/","title":{"rendered":"ARDECHE"},"content":{"rendered":"<div data-blogger-escaped-style=\"text-align: left;\">\n<p style=\"text-align: center;\"><span style=\"font-size: 14pt;\">L&rsquo;Ard\u00e8che est un d\u00e9partement de la r\u00e9gion Auvergne-Rh\u00f4ne-Alpes d&rsquo;une superficie de 5529 km\u00b2 avec une population avoisinant les 324200 habitants.<\/span><\/p>\n<p style=\"text-align: center;\"><span style=\"font-size: 14pt;\">Il doit son nom \u00e0 la rivi\u00e8re \u00a0\u00bb Ard\u00e8che \u00a0\u00bb qui le traverse d&rsquo;ouest en est.\u00a0<\/span><\/p>\n<p style=\"text-align: center;\"><span style=\"font-size: 14pt;\">Cette r\u00e9gion est habit\u00e9e depuis des centaines de milliers d&rsquo;ann\u00e9es et abrite un grand nombre de grottes et d&rsquo;avens.<\/span><\/p>\n<p style=\"text-align: center;\"><span style=\"font-size: 14pt;\">Le terrain \u00e9tant tr\u00e8s accident\u00e9, les routes y sont tr\u00e8s \u00e9troites, sinueuses et offrent un panorama grandiose.\u00a0<\/span><\/p>\n<\/div>\n<p style=\"text-align: center;\"><span style=\"font-size: 14pt;\">C&rsquo;est une r\u00e9gion que nous avons parcouru \u00e0 diverses reprises en camping car.<\/span><\/p>\n<p>\u00a0 \u00a0 \u00a0 \u00a0 \u00a0 \u00a0 \u00a0 \u00a0 \u00a0 \u00a0 \u00a0 \u00a0 \u00a0 \u00a0 \u00a0 \u00a0 \u00a0 \u00a0 \u00a0 \u00a0 \u00a0 \u00a0 \u00a0 \u00a0 \u00a0 \u00a0 \u00a0 \u00a0 \u00a0 \u00a0 \u00a0 \u00a0 \u00a0 \u00a0 \u00a0 \u00a0 \u00a0 \u00a0 \u00a0 \u00a0 \u00a0 \u00a0 \u00a0 \u00a0 \u00a0 \u00a0 \u00a0 \u00a0 \u00a0 \u00a0\u00a0<img decoding=\"async\" loading=\"lazy\" class=\"alignnone size-medium wp-image-417\" src=\"http:\/\/initiation-voyages.fr\/wp-content\/uploads\/2018\/01\/20170603_160106-300x225.jpg\" alt=\"\" width=\"300\" height=\"225\" srcset=\"https:\/\/initiation-voyages.fr\/wp-content\/uploads\/2018\/01\/20170603_160106-300x225.jpg 300w, https:\/\/initiation-voyages.fr\/wp-content\/uploads\/2018\/01\/20170603_160106-768x576.jpg 768w, https:\/\/initiation-voyages.fr\/wp-content\/uploads\/2018\/01\/20170603_160106-1024x768.jpg 1024w, https:\/\/initiation-voyages.fr\/wp-content\/uploads\/2018\/01\/20170603_160106-360x270.jpg 360w, https:\/\/initiation-voyages.fr\/wp-content\/uploads\/2018\/01\/20170603_160106-24x18.jpg 24w, https:\/\/initiation-voyages.fr\/wp-content\/uploads\/2018\/01\/20170603_160106-36x27.jpg 36w, https:\/\/initiation-voyages.fr\/wp-content\/uploads\/2018\/01\/20170603_160106-48x36.jpg 48w\" sizes=\"(max-width: 300px) 100vw, 300px\" \/> <img decoding=\"async\" loading=\"lazy\" class=\"alignnone size-medium wp-image-418\" src=\"http:\/\/initiation-voyages.fr\/wp-content\/uploads\/2018\/01\/20170603_160129-Copie-300x225.jpg\" alt=\"\" width=\"300\" height=\"225\" srcset=\"https:\/\/initiation-voyages.fr\/wp-content\/uploads\/2018\/01\/20170603_160129-Copie-300x225.jpg 300w, https:\/\/initiation-voyages.fr\/wp-content\/uploads\/2018\/01\/20170603_160129-Copie-768x576.jpg 768w, https:\/\/initiation-voyages.fr\/wp-content\/uploads\/2018\/01\/20170603_160129-Copie-1024x768.jpg 1024w, https:\/\/initiation-voyages.fr\/wp-content\/uploads\/2018\/01\/20170603_160129-Copie-360x270.jpg 360w, https:\/\/initiation-voyages.fr\/wp-content\/uploads\/2018\/01\/20170603_160129-Copie-24x18.jpg 24w, https:\/\/initiation-voyages.fr\/wp-content\/uploads\/2018\/01\/20170603_160129-Copie-36x27.jpg 36w, https:\/\/initiation-voyages.fr\/wp-content\/uploads\/2018\/01\/20170603_160129-Copie-48x36.jpg 48w\" sizes=\"(max-width: 300px) 100vw, 300px\" \/><\/p>\n<div style=\"text-align: center;\" data-blogger-escaped-style=\"text-align: center;\">\n<p><span style=\"font-family: Georgia, Palatino; font-size: 14pt;\"><a href=\"http:\/\/4.bp.blogspot.com\/-971YB-23OJ0\/V1AztAT1F3I\/AAAAAAAACUI\/QY4NMpLwNOIy1rdHMOVIoIoqJStwFixHQCK4B\/s1600\/20140427_113016.jpg\">\u00a0<img decoding=\"async\" loading=\"lazy\" src=\"https:\/\/4.bp.blogspot.com\/-971YB-23OJ0\/V1AztAT1F3I\/AAAAAAAACUI\/QY4NMpLwNOIy1rdHMOVIoIoqJStwFixHQCK4B\/s320\/20140427_113016.jpg\" width=\"320\" height=\"240\" border=\"0\" \/><\/a><a href=\"http:\/\/1.bp.blogspot.com\/-7ga7vTq_DUg\/V1Az-F1iiWI\/AAAAAAAACUw\/v5YSl5lkdr0X-BpHJ-y8gEhfesxOJRrSgCK4B\/s1600\/20140427_112831.jpg\">\u00a0\u00a0<\/a><\/span><\/p>\n<\/div>\n<div style=\"text-align: center;\" data-blogger-escaped-style=\"text-align: center;\">\n<p><span style=\"font-family: Georgia, Palatino; font-size: 14pt;\"><a href=\"http:\/\/4.bp.blogspot.com\/-DMen1UNXBKg\/V1A0yZ88CgI\/AAAAAAAACWA\/J7FftarUbDoR3oeUzGgKfKnVVpAdZqFMQCK4B\/s1600\/20140503_121325.jpg\"><img decoding=\"async\" loading=\"lazy\" src=\"https:\/\/4.bp.blogspot.com\/-DMen1UNXBKg\/V1A0yZ88CgI\/AAAAAAAACWA\/J7FftarUbDoR3oeUzGgKfKnVVpAdZqFMQCK4B\/s320\/20140503_121325.jpg\" width=\"320\" height=\"240\" border=\"0\" \/><\/a><a href=\"http:\/\/1.bp.blogspot.com\/-d-c8SSiGq40\/V1A0ysckJXI\/AAAAAAAACWI\/g9vrh_RvgB4vwTT2snlCIwso6c_oSYnUACK4B\/s1600\/20140503_121332.jpg\">\u00a0<img decoding=\"async\" loading=\"lazy\" src=\"https:\/\/1.bp.blogspot.com\/-d-c8SSiGq40\/V1A0ysckJXI\/AAAAAAAACWI\/g9vrh_RvgB4vwTT2snlCIwso6c_oSYnUACK4B\/s320\/20140503_121332.jpg\" width=\"320\" height=\"240\" border=\"0\" \/><\/a><\/span><\/p>\n<\/div>\n<div style=\"text-align: center;\" data-blogger-escaped-style=\"text-align: center;\">\n<p><span style=\"font-family: Georgia, Palatino; font-size: 14pt;\"><a href=\"http:\/\/4.bp.blogspot.com\/-QB99EqsXcrg\/V1A0qvnbE8I\/AAAAAAAACVo\/rjM5XpTjBdMCJc817tOHM9uy98GOV8M9QCK4B\/s1600\/20140503_121359.jpg\"><img decoding=\"async\" loading=\"lazy\" src=\"https:\/\/4.bp.blogspot.com\/-QB99EqsXcrg\/V1A0qvnbE8I\/AAAAAAAACVo\/rjM5XpTjBdMCJc817tOHM9uy98GOV8M9QCK4B\/s320\/20140503_121359.jpg\" width=\"320\" height=\"240\" border=\"0\" \/><\/a><a href=\"http:\/\/4.bp.blogspot.com\/-oefY2sYlyqA\/V1A0sm6D03I\/AAAAAAAACVw\/58E587UYskkCwaNPWXPL9o5vnX1xQKMHwCK4B\/s1600\/20140503_121429.jpg\">\u00a0<img decoding=\"async\" loading=\"lazy\" src=\"https:\/\/4.bp.blogspot.com\/-oefY2sYlyqA\/V1A0sm6D03I\/AAAAAAAACVw\/58E587UYskkCwaNPWXPL9o5vnX1xQKMHwCK4B\/s320\/20140503_121429.jpg\" width=\"320\" height=\"240\" border=\"0\" \/><\/a><\/span><\/p>\n<\/div>\n<div style=\"text-align: center;\" data-blogger-escaped-style=\"text-align: center;\">\n<p><span style=\"font-family: Georgia, Palatino; font-size: 14pt;\"><a href=\"http:\/\/1.bp.blogspot.com\/-SLwB66W1Ijc\/V1A0zx5TzVI\/AAAAAAAACWQ\/fFGGblIFjzkW4UwXQMu7rfOeK4gL70wLACK4B\/s1600\/20140503_121823.jpg\"><img decoding=\"async\" loading=\"lazy\" src=\"https:\/\/1.bp.blogspot.com\/-SLwB66W1Ijc\/V1A0zx5TzVI\/AAAAAAAACWQ\/fFGGblIFjzkW4UwXQMu7rfOeK4gL70wLACK4B\/s320\/20140503_121823.jpg\" width=\"320\" height=\"240\" border=\"0\" \/><\/a>\u00a0<a href=\"http:\/\/4.bp.blogspot.com\/-yw6hvdX8hJs\/V1A27aZoxYI\/AAAAAAAACYk\/-bvmz9ITbrsWjaPGQO27EpPFdP36Pj72gCK4B\/s1600\/IMG_1109.JPG\"><img decoding=\"async\" loading=\"lazy\" src=\"https:\/\/4.bp.blogspot.com\/-yw6hvdX8hJs\/V1A27aZoxYI\/AAAAAAAACYk\/-bvmz9ITbrsWjaPGQO27EpPFdP36Pj72gCK4B\/s320\/IMG_1109.JPG\" width=\"320\" height=\"240\" border=\"0\" \/><\/a><\/span><\/p>\n<\/div>\n<div style=\"text-align: center;\" data-blogger-escaped-style=\"text-align: center;\">\n<p><span style=\"font-family: Georgia, Palatino; font-size: 14pt;\"><a href=\"http:\/\/4.bp.blogspot.com\/-tM73ByD210c\/V1A2lvNXeTI\/AAAAAAAACXM\/xjMW-Fh0ba0OXG85xzAqhQFAm62-iWZmgCK4B\/s1600\/IMG_1110.JPG\"><img decoding=\"async\" loading=\"lazy\" src=\"https:\/\/4.bp.blogspot.com\/-tM73ByD210c\/V1A2lvNXeTI\/AAAAAAAACXM\/xjMW-Fh0ba0OXG85xzAqhQFAm62-iWZmgCK4B\/s320\/IMG_1110.JPG\" width=\"320\" height=\"240\" border=\"0\" \/><\/a>\u00a0<a href=\"http:\/\/2.bp.blogspot.com\/-qBDb4nf_9zc\/V1A10oo9G_I\/AAAAAAAACWw\/oF6_xhV3IyEGncdlx6pvXqLktg7gyEaLwCK4B\/s1600\/IMG_1111.JPG\"><img decoding=\"async\" loading=\"lazy\" src=\"https:\/\/2.bp.blogspot.com\/-qBDb4nf_9zc\/V1A10oo9G_I\/AAAAAAAACWw\/oF6_xhV3IyEGncdlx6pvXqLktg7gyEaLwCK4B\/s320\/IMG_1111.JPG\" width=\"320\" height=\"240\" border=\"0\" \/><\/a><\/span><\/p>\n<p><span style=\"font-size: 14pt;\"><strong>VALLON PONT D&rsquo;ARC<\/strong><\/span><\/p>\n<p><span style=\"font-size: 14pt;\">C&rsquo;est le village principal du sud de l&rsquo;ard\u00e8che avec sa fameuse Arche qui enjambe la rivi\u00e8re.<\/span><\/p>\n<p><span style=\"font-size: 14pt;\"><img decoding=\"async\" loading=\"lazy\" class=\"alignnone size-medium wp-image-419\" src=\"http:\/\/initiation-voyages.fr\/wp-content\/uploads\/2018\/01\/20170604_113949-300x225.jpg\" alt=\"\" width=\"300\" height=\"225\" srcset=\"https:\/\/initiation-voyages.fr\/wp-content\/uploads\/2018\/01\/20170604_113949-300x225.jpg 300w, https:\/\/initiation-voyages.fr\/wp-content\/uploads\/2018\/01\/20170604_113949-768x576.jpg 768w, https:\/\/initiation-voyages.fr\/wp-content\/uploads\/2018\/01\/20170604_113949-1024x768.jpg 1024w, https:\/\/initiation-voyages.fr\/wp-content\/uploads\/2018\/01\/20170604_113949-360x270.jpg 360w, https:\/\/initiation-voyages.fr\/wp-content\/uploads\/2018\/01\/20170604_113949-24x18.jpg 24w, https:\/\/initiation-voyages.fr\/wp-content\/uploads\/2018\/01\/20170604_113949-36x27.jpg 36w, https:\/\/initiation-voyages.fr\/wp-content\/uploads\/2018\/01\/20170604_113949-48x36.jpg 48w\" sizes=\"(max-width: 300px) 100vw, 300px\" \/><\/span><\/p>\n<\/div>\n<div style=\"text-align: center;\" data-blogger-escaped-style=\"text-align: center;\">\n<p><span style=\"font-family: Georgia, Palatino; font-size: 14pt;\" data-blogger-escaped-style=\"color: blue; font-size: large;\">Une petite baignade \u00e0 Vallon Pont d&rsquo;Arc<\/span><\/p>\n<\/div>\n<div style=\"text-align: center;\" data-blogger-escaped-style=\"text-align: center;\">\n<p><span style=\"font-family: Georgia, Palatino; font-size: 14pt;\"><a href=\"http:\/\/3.bp.blogspot.com\/-laFe8xeWbC4\/V1A24C5sCeI\/AAAAAAAACYM\/VNx7NWUR3DMnG6bQFu7e1uFS42ktkmT8QCK4B\/s1600\/IMG_1102.JPG\"><img decoding=\"async\" loading=\"lazy\" src=\"https:\/\/3.bp.blogspot.com\/-laFe8xeWbC4\/V1A24C5sCeI\/AAAAAAAACYM\/VNx7NWUR3DMnG6bQFu7e1uFS42ktkmT8QCK4B\/s320\/IMG_1102.JPG\" width=\"320\" height=\"240\" border=\"0\" \/><\/a>\u00a0<a href=\"http:\/\/3.bp.blogspot.com\/-IJ86UVvY7mc\/V1A241ldy8I\/AAAAAAAACYU\/X18_C-KhDfU9rlPgO6WJAmf5HrV1FUdvwCK4B\/s1600\/IMG_1103.JPG\"><img decoding=\"async\" loading=\"lazy\" src=\"https:\/\/3.bp.blogspot.com\/-IJ86UVvY7mc\/V1A241ldy8I\/AAAAAAAACYU\/X18_C-KhDfU9rlPgO6WJAmf5HrV1FUdvwCK4B\/s320\/IMG_1103.JPG\" width=\"320\" height=\"240\" border=\"0\" \/><\/a><\/span><\/p>\n<\/div>\n<div style=\"text-align: center;\" data-blogger-escaped-style=\"text-align: center;\">\n<p><span style=\"font-family: Georgia, Palatino; font-size: 14pt;\"><a href=\"http:\/\/1.bp.blogspot.com\/-isEcPhL1t14\/V1A15JCa5YI\/AAAAAAAACW4\/SRjva1w2LNM2EIaNh4pL3aQvUxiFI86lgCK4B\/s1600\/IMG_1104.JPG\"><img decoding=\"async\" loading=\"lazy\" src=\"https:\/\/1.bp.blogspot.com\/-isEcPhL1t14\/V1A15JCa5YI\/AAAAAAAACW4\/SRjva1w2LNM2EIaNh4pL3aQvUxiFI86lgCK4B\/s320\/IMG_1104.JPG\" width=\"320\" height=\"240\" border=\"0\" \/><\/a>\u00a0<\/span><span style=\"font-family: Georgia, Palatino; font-size: 14pt;\">\u00a0<\/span><a style=\"font-family: Georgia, Palatino; font-size: 14pt;\" href=\"http:\/\/3.bp.blogspot.com\/-BmUN4976vIc\/V1A2ryVxrWI\/AAAAAAAACXc\/WLVZV8iicBgO-rEtH_6Tesokcb_NQXH6gCK4B\/s1600\/IMG_1107.JPG\"><img decoding=\"async\" loading=\"lazy\" src=\"https:\/\/3.bp.blogspot.com\/-BmUN4976vIc\/V1A2ryVxrWI\/AAAAAAAACXc\/WLVZV8iicBgO-rEtH_6Tesokcb_NQXH6gCK4B\/s320\/IMG_1107.JPG\" width=\"320\" height=\"240\" border=\"0\" \/><\/a><\/p>\n<\/div>\n<div style=\"text-align: center;\" data-blogger-escaped-style=\"text-align: center;\">\n<p><span style=\"font-family: Georgia, Palatino; font-size: 14pt;\"><a href=\"http:\/\/2.bp.blogspot.com\/-YzPE1NvfaSI\/V1A21CmvnzI\/AAAAAAAACX0\/IUWEC7kOS3kT0Ny-Xhyi4L6-Afl54yLPwCK4B\/s1600\/IMG_1108.JPG\"><img decoding=\"async\" loading=\"lazy\" src=\"https:\/\/2.bp.blogspot.com\/-YzPE1NvfaSI\/V1A21CmvnzI\/AAAAAAAACX0\/IUWEC7kOS3kT0Ny-Xhyi4L6-Afl54yLPwCK4B\/s320\/IMG_1108.JPG\" width=\"320\" height=\"240\" border=\"0\" \/><\/a>\u00a0<\/span><\/p>\n<\/div>\n<div style=\"text-align: center;\" data-blogger-escaped-style=\"text-align: center;\">\n<p><span style=\"font-family: Georgia, Palatino; font-size: 14pt;\" data-blogger-escaped-style=\"color: blue; font-size: large;\">Un des attraits touristiques est la descente de l&rsquo;Ard\u00e8che en cano\u00eb ou kayak en famille ou entre amis.<\/span><\/p>\n<p><span style=\"font-family: Georgia, Palatino; font-size: 14pt;\" data-blogger-escaped-style=\"color: blue; font-size: large;\"><img decoding=\"async\" loading=\"lazy\" class=\"alignnone size-medium wp-image-421\" src=\"http:\/\/initiation-voyages.fr\/wp-content\/uploads\/2018\/01\/20170604_104105-300x61.jpg\" alt=\"\" width=\"300\" height=\"61\" srcset=\"https:\/\/initiation-voyages.fr\/wp-content\/uploads\/2018\/01\/20170604_104105-300x61.jpg 300w, https:\/\/initiation-voyages.fr\/wp-content\/uploads\/2018\/01\/20170604_104105-768x157.jpg 768w, https:\/\/initiation-voyages.fr\/wp-content\/uploads\/2018\/01\/20170604_104105-1024x209.jpg 1024w, https:\/\/initiation-voyages.fr\/wp-content\/uploads\/2018\/01\/20170604_104105-604x123.jpg 604w, https:\/\/initiation-voyages.fr\/wp-content\/uploads\/2018\/01\/20170604_104105-24x5.jpg 24w, https:\/\/initiation-voyages.fr\/wp-content\/uploads\/2018\/01\/20170604_104105-36x7.jpg 36w, https:\/\/initiation-voyages.fr\/wp-content\/uploads\/2018\/01\/20170604_104105-48x10.jpg 48w\" sizes=\"(max-width: 300px) 100vw, 300px\" \/><\/span><\/p>\n<\/div>\n<div style=\"text-align: center;\" data-blogger-escaped-style=\"text-align: center;\">\n<p><span style=\"font-family: Georgia, Palatino; font-size: 14pt;\" data-blogger-escaped-style=\"color: blue; font-size: large;\">Je regarde Enric et les gar\u00e7ons s&rsquo;\u00e9loigner dans leur cano\u00eb<\/span><\/p>\n<\/div>\n<div style=\"text-align: center;\" data-blogger-escaped-style=\"text-align: center;\">\n<p><span style=\"font-family: Georgia, Palatino; font-size: 14pt;\"><a href=\"http:\/\/2.bp.blogspot.com\/-igRXoTb02PE\/V1A0OtHp04I\/AAAAAAAACVI\/-XGpxnyjaqcXVq9u2aJfNQWRXWHHizVKQCK4B\/s1600\/20140501_110752.jpg\"><img decoding=\"async\" loading=\"lazy\" src=\"https:\/\/2.bp.blogspot.com\/-igRXoTb02PE\/V1A0OtHp04I\/AAAAAAAACVI\/-XGpxnyjaqcXVq9u2aJfNQWRXWHHizVKQCK4B\/s320\/20140501_110752.jpg\" width=\"320\" height=\"240\" border=\"0\" \/><\/a>\u00a0<a href=\"http:\/\/2.bp.blogspot.com\/-_tCugXDpMhM\/V1A0WkbpNFI\/AAAAAAAACVU\/GgPj7JtHe5ISkWtTfovpAp0WduvCmyuagCK4B\/s1600\/20140501_110813.jpg\"><img decoding=\"async\" loading=\"lazy\" src=\"https:\/\/2.bp.blogspot.com\/-_tCugXDpMhM\/V1A0WkbpNFI\/AAAAAAAACVU\/GgPj7JtHe5ISkWtTfovpAp0WduvCmyuagCK4B\/s320\/20140501_110813.jpg\" width=\"320\" height=\"240\" border=\"0\" \/><\/a><\/span><\/p>\n<\/div>\n<div style=\"text-align: center;\" data-blogger-escaped-style=\"text-align: center;\">\n<p><span style=\"font-family: Georgia, Palatino; font-size: 14pt;\">\u00a0<a href=\"http:\/\/3.bp.blogspot.com\/-l_urx8duzf0\/V1A2wZVLY-I\/AAAAAAAACXk\/gPBH_74ZjW4L2ySYErARXVHACWKdnDFjwCK4B\/s1600\/IMG_1117.JPG\"><img decoding=\"async\" loading=\"lazy\" src=\"https:\/\/3.bp.blogspot.com\/-l_urx8duzf0\/V1A2wZVLY-I\/AAAAAAAACXk\/gPBH_74ZjW4L2ySYErARXVHACWKdnDFjwCK4B\/s320\/IMG_1117.JPG\" width=\"320\" height=\"240\" border=\"0\" \/>\u00a0<img decoding=\"async\" loading=\"lazy\" class=\"size-medium wp-image-420\" src=\"http:\/\/initiation-voyages.fr\/wp-content\/uploads\/2018\/01\/GOPR4305-300x225.jpg\" alt=\"\" width=\"300\" height=\"225\" srcset=\"https:\/\/initiation-voyages.fr\/wp-content\/uploads\/2018\/01\/GOPR4305-300x225.jpg 300w, https:\/\/initiation-voyages.fr\/wp-content\/uploads\/2018\/01\/GOPR4305-768x576.jpg 768w, https:\/\/initiation-voyages.fr\/wp-content\/uploads\/2018\/01\/GOPR4305-1024x768.jpg 1024w, https:\/\/initiation-voyages.fr\/wp-content\/uploads\/2018\/01\/GOPR4305-360x270.jpg 360w, https:\/\/initiation-voyages.fr\/wp-content\/uploads\/2018\/01\/GOPR4305-24x18.jpg 24w, https:\/\/initiation-voyages.fr\/wp-content\/uploads\/2018\/01\/GOPR4305-36x27.jpg 36w, https:\/\/initiation-voyages.fr\/wp-content\/uploads\/2018\/01\/GOPR4305-48x36.jpg 48w\" sizes=\"(max-width: 300px) 100vw, 300px\" \/><\/a><\/span><\/p>\n<p><span style=\"font-size: 14pt;\"><strong>LES GROTTES<\/strong><\/span><\/p>\n<\/div>\n<div style=\"text-align: center;\" data-blogger-escaped-style=\"text-align: center;\">\n<p>E<span style=\"font-size: 14pt;\">n Ard\u00e8che il y a 6 grottes principales dont celle de St Marcel d&rsquo;Ard\u00e8che que nous avons visit\u00e9.<\/span><\/p>\n<p><span style=\"font-size: 14pt;\"><span style=\"font-family: Georgia, Palatino;\">Nous avons \u00e9t\u00e9<\/span> transport\u00e9s dans un univers f\u00e9\u00e9rique. <\/span><\/p>\n<p><span style=\"font-size: 14pt;\">Nous y avons d\u00e9couvert des salles immenses et la cascade des gours (bassins de calcite) unique en Europe.<\/span><\/p>\n<p><span style=\"font-size: 14pt;\">On y trouve aussi une balade le long d&rsquo;un sentier de d\u00e9couverte appel\u00e9 \u00ab\u00a0Le chemin de la grosse pierre\u00a0\u00bb <\/span><\/p>\n<p><span style=\"font-size: 14pt;\">afin d&rsquo;y d\u00e9couvrir la faune et la flore des Gorges de l\u2019Ard\u00e8che, un menhir ainsi qu&rsquo;un dolmen.<\/span><\/p>\n<\/div>\n<div style=\"text-align: center;\" data-blogger-escaped-style=\"text-align: center;\">\n<p><span style=\"font-family: Georgia, Palatino; font-size: 14pt;\"><a href=\"http:\/\/3.bp.blogspot.com\/-izkRJ_V_E0M\/V1A4C7JhauI\/AAAAAAAACY4\/WtruscVCoOYMBC4ehsNGD0Rhi46l69D4QCK4B\/s1600\/IMG_1145.JPG\"><img decoding=\"async\" loading=\"lazy\" src=\"https:\/\/3.bp.blogspot.com\/-izkRJ_V_E0M\/V1A4C7JhauI\/AAAAAAAACY4\/WtruscVCoOYMBC4ehsNGD0Rhi46l69D4QCK4B\/s320\/IMG_1145.JPG\" width=\"320\" height=\"240\" border=\"0\" \/><\/a>\u00a0<a href=\"http:\/\/1.bp.blogspot.com\/-VvrVZfbom_k\/V1FlrWAoG-I\/AAAAAAAACcw\/9RovCSiaRS8YDUjsGYdxITGuKhMYmIb9wCK4B\/s1600\/IMG_1140.JPG\"><img decoding=\"async\" loading=\"lazy\" src=\"https:\/\/1.bp.blogspot.com\/-VvrVZfbom_k\/V1FlrWAoG-I\/AAAAAAAACcw\/9RovCSiaRS8YDUjsGYdxITGuKhMYmIb9wCK4B\/s320\/IMG_1140.JPG\" width=\"320\" height=\"240\" border=\"0\" \/><\/a><\/span><\/p>\n<p>&nbsp;<\/p>\n<\/div>\n<div style=\"text-align: center;\" data-blogger-escaped-style=\"text-align: center;\">\n<p><span style=\"font-size: 18.6667px;\"><strong><span style=\"font-family: Georgia, Palatino;\">LES VILLAGES ARDECHOIS<\/span><\/strong><\/span><\/p>\n<\/div>\n<div style=\"text-align: center;\" data-blogger-escaped-style=\"text-align: center;\">\n<p><span style=\"font-family: Georgia, Palatino; font-size: 14pt;\">\u00a0<a href=\"http:\/\/4.bp.blogspot.com\/-thWxITrmH4s\/V1A49AxJyvI\/AAAAAAAACaw\/AvW7TduMsucpQFCGSX780mRo-B8MfhhmwCK4B\/s1600\/IMG_1138.JPG\"><img decoding=\"async\" loading=\"lazy\" src=\"https:\/\/4.bp.blogspot.com\/-thWxITrmH4s\/V1A49AxJyvI\/AAAAAAAACaw\/AvW7TduMsucpQFCGSX780mRo-B8MfhhmwCK4B\/s320\/IMG_1138.JPG\" width=\"320\" height=\"240\" border=\"0\" \/><\/a><\/span><span style=\"font-family: Georgia, Palatino; font-size: 14pt;\">\u00a0<\/span><\/p>\n<\/div>\n<div style=\"text-align: center;\" data-blogger-escaped-style=\"text-align: center;\">\n<p><span style=\"font-family: Georgia, Palatino; font-size: 14pt;\"><a href=\"http:\/\/2.bp.blogspot.com\/-qOXCUuPjm64\/V1A6VIZfD3I\/AAAAAAAACcQ\/mltK1-SCX7ENV4WC-OI1zxMdy17Bo0qEwCK4B\/s1600\/IMG_1153.JPG\"><img decoding=\"async\" src=\"https:\/\/2.bp.blogspot.com\/-qOXCUuPjm64\/V1A6VIZfD3I\/AAAAAAAACcQ\/mltK1-SCX7ENV4WC-OI1zxMdy17Bo0qEwCK4B\/s400\/IMG_1153.JPG\" border=\"0\" \/><\/a><\/span><\/p>\n<\/div>\n<div style=\"text-align: center;\" data-blogger-escaped-style=\"text-align: center;\">\n<p><span style=\"font-family: Georgia, Palatino; font-size: 14pt;\"><a href=\"http:\/\/4.bp.blogspot.com\/-kGZE5x8hTIE\/V1A6SOgNg6I\/AAAAAAAACcI\/-4O__1RVS8U0s5IB5vZiyGt0RNAyHq4nACK4B\/s1600\/IMG_1155.JPG\"><img decoding=\"async\" loading=\"lazy\" src=\"https:\/\/4.bp.blogspot.com\/-kGZE5x8hTIE\/V1A6SOgNg6I\/AAAAAAAACcI\/-4O__1RVS8U0s5IB5vZiyGt0RNAyHq4nACK4B\/s320\/IMG_1155.JPG\" width=\"320\" height=\"240\" border=\"0\" \/><\/a>\u00a0<a href=\"http:\/\/2.bp.blogspot.com\/-Cv73u4z_gSU\/V1A57h1JZKI\/AAAAAAAACbY\/4d4Pz6iiLwEQ_LsQvIj6DJsekEJL39V0QCK4B\/s1600\/IMG_1159.JPG\"><img decoding=\"async\" loading=\"lazy\" src=\"https:\/\/2.bp.blogspot.com\/-Cv73u4z_gSU\/V1A57h1JZKI\/AAAAAAAACbY\/4d4Pz6iiLwEQ_LsQvIj6DJsekEJL39V0QCK4B\/s320\/IMG_1159.JPG\" width=\"320\" height=\"240\" border=\"0\" \/><\/a><\/span><\/p>\n<\/div>\n<div style=\"text-align: center;\" data-blogger-escaped-style=\"text-align: center;\">\n<p><span style=\"font-family: Georgia, Palatino; font-size: 14pt;\"><a href=\"http:\/\/1.bp.blogspot.com\/-6LxLrfqox9A\/V1A53LrqCzI\/AAAAAAAACbQ\/gNcglHu1pRQLGforlGPo1DafZR4L3k_MwCK4B\/s1600\/IMG_1148.JPG\"><img decoding=\"async\" loading=\"lazy\" src=\"https:\/\/1.bp.blogspot.com\/-6LxLrfqox9A\/V1A53LrqCzI\/AAAAAAAACbQ\/gNcglHu1pRQLGforlGPo1DafZR4L3k_MwCK4B\/s320\/IMG_1148.JPG\" width=\"320\" height=\"240\" border=\"0\" \/><\/a>\u00a0<a href=\"http:\/\/1.bp.blogspot.com\/-Cm6dEJpw4no\/V1A58AQ64bI\/AAAAAAAACbg\/DzDNZPdcft4xVZ61wgG0HKE3AAVr_-NMgCK4B\/s1600\/IMG_1149.JPG\"><img decoding=\"async\" loading=\"lazy\" src=\"https:\/\/1.bp.blogspot.com\/-Cm6dEJpw4no\/V1A58AQ64bI\/AAAAAAAACbg\/DzDNZPdcft4xVZ61wgG0HKE3AAVr_-NMgCK4B\/s320\/IMG_1149.JPG\" width=\"320\" height=\"240\" border=\"0\" \/><\/a><\/span><\/p>\n<\/div>\n<div style=\"text-align: center;\" data-blogger-escaped-style=\"text-align: center;\">\n<p><span style=\"font-family: Georgia, Palatino; font-size: 14pt;\"><a href=\"http:\/\/3.bp.blogspot.com\/-ai4bb1r1hJM\/V1A51PFAipI\/AAAAAAAACbI\/O8EqgSYpKNUZKkgFlUwOy9jGB78JYQJJQCK4B\/s1600\/IMG_1151.JPG\"><img decoding=\"async\" loading=\"lazy\" src=\"https:\/\/3.bp.blogspot.com\/-ai4bb1r1hJM\/V1A51PFAipI\/AAAAAAAACbI\/O8EqgSYpKNUZKkgFlUwOy9jGB78JYQJJQCK4B\/s320\/IMG_1151.JPG\" width=\"320\" height=\"240\" border=\"0\" \/><\/a>\u00a0<a href=\"http:\/\/1.bp.blogspot.com\/-iVvS7YgWYiI\/V1A4on20M7I\/AAAAAAAACaI\/OboTpt5VvKIMqPNzmcW44oBIiEi1yqOsQCK4B\/s1600\/IMG_1132.JPG\"><img decoding=\"async\" loading=\"lazy\" src=\"https:\/\/1.bp.blogspot.com\/-iVvS7YgWYiI\/V1A4on20M7I\/AAAAAAAACaI\/OboTpt5VvKIMqPNzmcW44oBIiEi1yqOsQCK4B\/s320\/IMG_1132.JPG\" width=\"320\" height=\"240\" border=\"0\" \/><\/a><\/span><\/p>\n<p><img decoding=\"async\" loading=\"lazy\" class=\"alignnone size-medium wp-image-422\" src=\"http:\/\/initiation-voyages.fr\/wp-content\/uploads\/2018\/01\/20170605_134153-300x225.jpg\" alt=\"\" width=\"300\" height=\"225\" srcset=\"https:\/\/initiation-voyages.fr\/wp-content\/uploads\/2018\/01\/20170605_134153-300x225.jpg 300w, https:\/\/initiation-voyages.fr\/wp-content\/uploads\/2018\/01\/20170605_134153-768x576.jpg 768w, https:\/\/initiation-voyages.fr\/wp-content\/uploads\/2018\/01\/20170605_134153-1024x768.jpg 1024w, https:\/\/initiation-voyages.fr\/wp-content\/uploads\/2018\/01\/20170605_134153-360x270.jpg 360w, https:\/\/initiation-voyages.fr\/wp-content\/uploads\/2018\/01\/20170605_134153-24x18.jpg 24w, https:\/\/initiation-voyages.fr\/wp-content\/uploads\/2018\/01\/20170605_134153-36x27.jpg 36w, https:\/\/initiation-voyages.fr\/wp-content\/uploads\/2018\/01\/20170605_134153-48x36.jpg 48w\" sizes=\"(max-width: 300px) 100vw, 300px\" \/><\/p>\n<\/div>\n<div style=\"text-align: center;\" data-blogger-escaped-style=\"text-align: center;\">\n<p><span style=\"font-family: Georgia, Palatino; font-size: 14pt;\" data-blogger-escaped-style=\"color: blue; font-size: large;\">Nous terminerons notre balade par une petite gourmandise sucr\u00e9e !<\/span><\/p>\n<\/div>\n<div data-blogger-escaped-style=\"text-align: center;\">\n<p><span style=\"font-family: Georgia, Palatino; font-size: 14pt;\"><a href=\"http:\/\/1.bp.blogspot.com\/-YMCDGbvj5EE\/V1A0lr8UVYI\/AAAAAAAACVg\/Vfekx1u7gB8byjy_suuATVP8YK2H6uoDQCK4B\/s1600\/20140502_143922.jpg\"><img decoding=\"async\" loading=\"lazy\" class=\"aligncenter\" src=\"https:\/\/1.bp.blogspot.com\/-YMCDGbvj5EE\/V1A0lr8UVYI\/AAAAAAAACVg\/Vfekx1u7gB8byjy_suuATVP8YK2H6uoDQCK4B\/s320\/20140502_143922.jpg\" width=\"320\" height=\"240\" border=\"0\" \/><\/a><\/span><\/p>\n<\/div>\n","protected":false},"excerpt":{"rendered":"<p>L&rsquo;Ard\u00e8che est un d\u00e9partement de la r\u00e9gion Auvergne-Rh\u00f4ne-Alpes d&rsquo;une superficie de 5529 km\u00b2 avec une population avoisinant les 324200 habitants. Il doit son nom \u00e0 la rivi\u00e8re \u00a0\u00bb Ard\u00e8che \u00a0\u00bb qui le traverse d&rsquo;ouest en est.\u00a0 Cette r\u00e9gion est habit\u00e9e depuis des centaines de milliers d&rsquo;ann\u00e9es et abrite un grand nombre de grottes et d&rsquo;avens. Le terrain \u00e9tant tr\u00e8s accident\u00e9, les routes y sont tr\u00e8s \u00e9troites, sinueuses et offrent un panorama grandiose.\u00a0 C&rsquo;est une r\u00e9gion que nous avons parcouru \u00e0&#8230;<\/p>\n<p class=\"read-more\"><a class=\"btn btn-default\" href=\"https:\/\/initiation-voyages.fr\/index.php\/ardeche\/\">Lire la suite<span class=\"screen-reader-text\"> Lire la suite<\/span><\/a><\/p>\n","protected":false},"author":1,"featured_media":0,"parent":0,"menu_order":0,"comment_status":"closed","ping_status":"closed","template":"","meta":[],"_links":{"self":[{"href":"https:\/\/initiation-voyages.fr\/index.php\/wp-json\/wp\/v2\/pages\/284"}],"collection":[{"href":"https:\/\/initiation-voyages.fr\/index.php\/wp-json\/wp\/v2\/pages"}],"about":[{"href":"https:\/\/initiation-voyages.fr\/index.php\/wp-json\/wp\/v2\/types\/page"}],"author":[{"embeddable":true,"href":"https:\/\/initiation-voyages.fr\/index.php\/wp-json\/wp\/v2\/users\/1"}],"replies":[{"embeddable":true,"href":"https:\/\/initiation-voyages.fr\/index.php\/wp-json\/wp\/v2\/comments?post=284"}],"version-history":[{"count":4,"href":"https:\/\/initiation-voyages.fr\/index.php\/wp-json\/wp\/v2\/pages\/284\/revisions"}],"predecessor-version":[{"id":429,"href":"https:\/\/initiation-voyages.fr\/index.php\/wp-json\/wp\/v2\/pages\/284\/revisions\/429"}],"wp:attachment":[{"href":"https:\/\/initiation-voyages.fr\/index.php\/wp-json\/wp\/v2\/media?parent=284"}],"curies":[{"name":"wp","href":"https:\/\/api.w.org\/{rel}","templated":true}]}}