{"id":282,"date":"2018-01-21T19:04:10","date_gmt":"2018-01-21T18:04:10","guid":{"rendered":"http:\/\/initiation-voyages.fr\/?page_id=282"},"modified":"2018-02-23T13:58:58","modified_gmt":"2018-02-23T12:58:58","slug":"disneyland-paris","status":"publish","type":"page","link":"https:\/\/initiation-voyages.fr\/index.php\/disneyland-paris\/","title":{"rendered":"DISNEYLAND PARIS"},"content":{"rendered":"<div style=\"text-align: center;\" data-blogger-escaped-style=\"text-align: center;\"><\/div>\n<div style=\"text-align: center;\" data-blogger-escaped-style=\"text-align: center;\"><span style=\"font-size: 14pt;\">Disneyland Paris est un parc d&rsquo;attractions\u00a0de\u00a0<span class=\"nowrap\">22,30 km\u00b2 qui a ouvert ses portes en avril 92 <\/span><\/span><\/div>\n<div style=\"text-align: center;\" data-blogger-escaped-style=\"text-align: center;\"><span style=\"font-size: 14pt;\"><span class=\"nowrap\">et<\/span>\u00a0situ\u00e9 en sa majeure partie dans la commune de Chessy \u00e0 l&rsquo;est de Paris.<\/span><\/div>\n<div style=\"text-align: center;\" data-blogger-escaped-style=\"text-align: center;\"><span style=\"font-size: 14pt;\">Le complexe touristique comprend deux parcs \u00e0 th\u00e8mes : <\/span><\/div>\n<div style=\"text-align: center;\" data-blogger-escaped-style=\"text-align: center;\"><span style=\"font-size: 14pt;\">l<\/span><span style=\"font-size: 14pt;\">e parc Disneyland et le parc Walt Disney Studio, ainsi que des hotel, restaurants et un golf.<\/span><\/div>\n<div data-blogger-escaped-style=\"text-align: center;\"><\/div>\n<div style=\"text-align: center;\" data-blogger-escaped-style=\"text-align: center;\"><span style=\"font-size: 24pt;\"><span style=\"font-family: Georgia, Palatino;\">\u00a0<strong>2012<\/strong><\/span><\/span><\/div>\n<div style=\"text-align: center;\" data-blogger-escaped-style=\"text-align: center;\">\n<p><span style=\"font-family: Georgia, Palatino; font-size: 14pt;\" data-blogger-escaped-style=\"color: blue; font-size: large;\">Nous d\u00e9cidons de faire une surprise aux gar\u00e7ons,\u00a0<\/span><span style=\"font-family: Georgia, Palatino; font-size: 14pt;\">nous allons voir Mickey pour les 20 ans du parc.<\/span><\/p>\n<\/div>\n<div style=\"text-align: center;\" data-blogger-escaped-style=\"text-align: center;\">\n<p><span style=\"font-family: Georgia, Palatino; font-size: 14pt;\" data-blogger-escaped-style=\"color: blue; font-size: large;\">Nous allons \u00e0 Disneyland Paris en camping car.<\/span><\/p>\n<\/div>\n<div style=\"text-align: center;\" data-blogger-escaped-style=\"text-align: center;\">\n<p><span style=\"font-family: Georgia, Palatino; font-size: 14pt;\"><a href=\"http:\/\/3.bp.blogspot.com\/-ff3WKt6OOA8\/V1AqgIp4sTI\/AAAAAAAACJ0\/53bDlZACo0U45XjcN6YF3uBG_bbcnWxHwCK4B\/s1600\/IMG_0452.jpg\"><img decoding=\"async\" loading=\"lazy\" src=\"https:\/\/3.bp.blogspot.com\/-ff3WKt6OOA8\/V1AqgIp4sTI\/AAAAAAAACJ0\/53bDlZACo0U45XjcN6YF3uBG_bbcnWxHwCK4B\/s320\/IMG_0452.jpg\" width=\"239\" height=\"320\" border=\"0\" \/><\/a><\/span><\/p>\n<\/div>\n<div style=\"text-align: center;\" data-blogger-escaped-style=\"text-align: center;\">\n<p><span style=\"font-family: Georgia, Palatino; font-size: 14pt;\" data-blogger-escaped-style=\"color: blue; font-size: large;\">Nous roulons le soir, arrivons la nuit et dormons devant le parc.<\/span><\/p>\n<\/div>\n<div style=\"text-align: center;\" data-blogger-escaped-style=\"text-align: center;\">\n<p><span style=\"font-family: Georgia, Palatino; font-size: 14pt;\" data-blogger-escaped-style=\"color: blue; font-size: large;\">Au r\u00e9veil voil\u00e0 ce que nous voyons &#8230;<\/span><\/p>\n<\/div>\n<div style=\"text-align: center;\" data-blogger-escaped-style=\"text-align: center;\">\n<p><span style=\"font-family: Georgia, Palatino; font-size: 14pt;\"><a href=\"http:\/\/3.bp.blogspot.com\/-9aI6aDYHcKI\/V1AqXAhAP0I\/AAAAAAAACI8\/g0tURFrQkVolHRvJLza0r5vAshm9Bha_ACK4B\/s1600\/IMG_0453.jpg\"><img decoding=\"async\" loading=\"lazy\" src=\"https:\/\/3.bp.blogspot.com\/-9aI6aDYHcKI\/V1AqXAhAP0I\/AAAAAAAACI8\/g0tURFrQkVolHRvJLza0r5vAshm9Bha_ACK4B\/s320\/IMG_0453.jpg\" width=\"320\" height=\"239\" border=\"0\" \/><\/a><\/span><\/p>\n<\/div>\n<div style=\"text-align: center;\" data-blogger-escaped-style=\"text-align: center;\">\n<p><span style=\"font-family: Georgia, Palatino; font-size: 14pt;\" data-blogger-escaped-style=\"color: blue; font-size: large;\">Le ch\u00e2teau de la Belle au bois dormant. <\/span><\/p>\n<\/div>\n<div style=\"text-align: center;\" data-blogger-escaped-style=\"text-align: center;\">\n<p><span style=\"font-family: Georgia, Palatino; font-size: 14pt;\" data-blogger-escaped-style=\"color: blue; font-size: large;\">Ca y est !\u00a0On y est !<\/span><\/p>\n<\/div>\n<div style=\"text-align: center;\" data-blogger-escaped-style=\"text-align: center;\">\n<p><span style=\"font-family: Georgia, Palatino; font-size: 14pt;\" data-blogger-escaped-style=\"color: blue; font-size: large;\">La magie commence pour tout le monde !<\/span><\/p>\n<p><span style=\"font-size: 14pt;\">Nous commen\u00e7ons notre premi\u00e8re journ\u00e9e au parc Disneyland !<\/span><\/p>\n<\/div>\n<div style=\"text-align: center;\" data-blogger-escaped-style=\"text-align: center;\">\n<p><span style=\"font-family: Georgia, Palatino; font-size: 14pt;\"><a href=\"http:\/\/4.bp.blogspot.com\/-sTYB7k4AuSs\/V1Aq1i3Ld2I\/AAAAAAAACKc\/-ioNITVpP7YusRvMfBGIc3YlrqO4rLyxQCK4B\/s1600\/IMG_0457.jpg\"><img decoding=\"async\" loading=\"lazy\" src=\"https:\/\/4.bp.blogspot.com\/-sTYB7k4AuSs\/V1Aq1i3Ld2I\/AAAAAAAACKc\/-ioNITVpP7YusRvMfBGIc3YlrqO4rLyxQCK4B\/s320\/IMG_0457.jpg\" width=\"239\" height=\"320\" border=\"0\" \/><\/a><a href=\"http:\/\/3.bp.blogspot.com\/-mTmsgM7PTCg\/V1Ar1UQbvxI\/AAAAAAAACMU\/9jwO0--fyycgoLbOq8ii3_OjGFLIsFTBwCK4B\/s1600\/IMG_0498.jpg\">\u00a0<img decoding=\"async\" loading=\"lazy\" src=\"https:\/\/3.bp.blogspot.com\/-mTmsgM7PTCg\/V1Ar1UQbvxI\/AAAAAAAACMU\/9jwO0--fyycgoLbOq8ii3_OjGFLIsFTBwCK4B\/s320\/IMG_0498.jpg\" width=\"239\" height=\"320\" border=\"0\" \/><\/a><\/span><\/p>\n<\/div>\n<div style=\"text-align: center;\" data-blogger-escaped-style=\"text-align: center;\">\n<p><span style=\"font-family: Georgia, Palatino; font-size: 14pt;\">\u00a0<a href=\"http:\/\/3.bp.blogspot.com\/-jO7iIYc3f20\/V1Aqd9o9_WI\/AAAAAAAACJk\/fHLYs2Ajb6kD-iG7yWg7WxPq7O-jm-s2ACK4B\/s1600\/IMG_0462.jpg\"><img decoding=\"async\" loading=\"lazy\" src=\"https:\/\/3.bp.blogspot.com\/-jO7iIYc3f20\/V1Aqd9o9_WI\/AAAAAAAACJk\/fHLYs2Ajb6kD-iG7yWg7WxPq7O-jm-s2ACK4B\/s320\/IMG_0462.jpg\" width=\"239\" height=\"320\" border=\"0\" \/><\/a><\/span><\/p>\n<\/div>\n<div style=\"text-align: center;\" data-blogger-escaped-style=\"text-align: center;\">\n<p><span style=\"font-family: Georgia, Palatino; font-size: 14pt;\"><a href=\"http:\/\/2.bp.blogspot.com\/-f9E7hM6QTDk\/V1AqvsAdwqI\/AAAAAAAACKM\/Vd_Tl5x3zNsQDAB5FGQgVfDB71GFqXrOACK4B\/s1600\/IMG_0467.jpg\"><img decoding=\"async\" loading=\"lazy\" src=\"https:\/\/2.bp.blogspot.com\/-f9E7hM6QTDk\/V1AqvsAdwqI\/AAAAAAAACKM\/Vd_Tl5x3zNsQDAB5FGQgVfDB71GFqXrOACK4B\/s320\/IMG_0467.jpg\" width=\"320\" height=\"239\" border=\"0\" \/><\/a>\u00a0<a href=\"http:\/\/1.bp.blogspot.com\/-NCbqhTQWMuc\/V1Aqt95boOI\/AAAAAAAACKE\/sVZ8oZMq9DsyQCGt06EcbUFSXa9E3i7PACK4B\/s1600\/IMG_0468.jpg\"><img decoding=\"async\" loading=\"lazy\" src=\"https:\/\/1.bp.blogspot.com\/-NCbqhTQWMuc\/V1Aqt95boOI\/AAAAAAAACKE\/sVZ8oZMq9DsyQCGt06EcbUFSXa9E3i7PACK4B\/s320\/IMG_0468.jpg\" width=\"320\" height=\"239\" border=\"0\" \/><\/a><\/span><\/p>\n<\/div>\n<div style=\"text-align: center;\" data-blogger-escaped-style=\"text-align: center;\">\n<p><span style=\"font-family: Georgia, Palatino; font-size: 14pt;\"><a href=\"http:\/\/4.bp.blogspot.com\/-dUgvoof5CEQ\/V1AqxR58aSI\/AAAAAAAACKU\/DXI2Ns7PHhQDFbAQfjP2XzuKmX9-6ZKYQCK4B\/s1600\/IMG_0469.jpg\"><img decoding=\"async\" loading=\"lazy\" src=\"https:\/\/4.bp.blogspot.com\/-dUgvoof5CEQ\/V1AqxR58aSI\/AAAAAAAACKU\/DXI2Ns7PHhQDFbAQfjP2XzuKmX9-6ZKYQCK4B\/s320\/IMG_0469.jpg\" width=\"320\" height=\"239\" border=\"0\" \/><\/a>\u00a0<a href=\"http:\/\/2.bp.blogspot.com\/-G_D-Xan3I2I\/V1Aq5zjEzhI\/AAAAAAAACK8\/9J6D7gfmomcNkGLfiU5C1rpAoJo3fTMgACK4B\/s1600\/IMG_0458.jpg\"><img decoding=\"async\" loading=\"lazy\" src=\"https:\/\/2.bp.blogspot.com\/-G_D-Xan3I2I\/V1Aq5zjEzhI\/AAAAAAAACK8\/9J6D7gfmomcNkGLfiU5C1rpAoJo3fTMgACK4B\/s320\/IMG_0458.jpg\" width=\"239\" height=\"320\" border=\"0\" \/><\/a><\/span><\/p>\n<\/div>\n<div style=\"text-align: center;\" data-blogger-escaped-style=\"text-align: center;\">\n<p><span style=\"font-family: Georgia, Palatino; font-size: 14pt;\"><a href=\"http:\/\/1.bp.blogspot.com\/-xV1-b1MyoiA\/V1Aq5I2CVzI\/AAAAAAAACKs\/q89Q_ZhK3D8hlRM6xDFXgz7PIFSCRDf_QCK4B\/s1600\/IMG_0459.jpg\"><img decoding=\"async\" loading=\"lazy\" src=\"https:\/\/1.bp.blogspot.com\/-xV1-b1MyoiA\/V1Aq5I2CVzI\/AAAAAAAACKs\/q89Q_ZhK3D8hlRM6xDFXgz7PIFSCRDf_QCK4B\/s320\/IMG_0459.jpg\" width=\"320\" height=\"239\" border=\"0\" \/><\/a>\u00a0<\/span><span style=\"font-family: Georgia, Palatino; font-size: 14pt;\">\u00a0<\/span><a style=\"font-family: Georgia, Palatino; font-size: 14pt;\" href=\"http:\/\/4.bp.blogspot.com\/-DkaAFopmiQk\/V1AsBYDEjEI\/AAAAAAAACMs\/duTJzRgP0y8TmsPYP_-CywIseGQIZRriACK4B\/s1600\/IMG_0488.jpg\"><img decoding=\"async\" loading=\"lazy\" src=\"https:\/\/4.bp.blogspot.com\/-DkaAFopmiQk\/V1AsBYDEjEI\/AAAAAAAACMs\/duTJzRgP0y8TmsPYP_-CywIseGQIZRriACK4B\/s320\/IMG_0488.jpg\" width=\"320\" height=\"239\" border=\"0\" \/><\/a><\/p>\n<\/div>\n<div style=\"text-align: center;\" data-blogger-escaped-style=\"text-align: center;\">\n<p><span style=\"font-family: Georgia, Palatino; font-size: 14pt;\">\u00a0<a href=\"http:\/\/4.bp.blogspot.com\/-06oH_ksaKKE\/V1ArzjYfj-I\/AAAAAAAACME\/bK-J_sxiUyEN4t89at_RiPq3EmGpIy-WgCK4B\/s1600\/IMG_0491.jpg\"><img decoding=\"async\" loading=\"lazy\" src=\"https:\/\/4.bp.blogspot.com\/-06oH_ksaKKE\/V1ArzjYfj-I\/AAAAAAAACME\/bK-J_sxiUyEN4t89at_RiPq3EmGpIy-WgCK4B\/s320\/IMG_0491.jpg\" width=\"320\" height=\"239\" border=\"0\" \/><\/a><\/span><\/p>\n<\/div>\n<div style=\"text-align: center;\" data-blogger-escaped-style=\"text-align: center;\">\n<p><span style=\"font-family: Georgia, Palatino; font-size: 14pt;\"><a href=\"http:\/\/1.bp.blogspot.com\/-8339cd7DHjs\/V1Aroh00SHI\/AAAAAAAACLY\/dw0HEsFlhMUQ_Bv5WU6ZQjpvcVkajdX_ACK4B\/s1600\/IMG_0493.jpg\"><img decoding=\"async\" loading=\"lazy\" src=\"https:\/\/1.bp.blogspot.com\/-8339cd7DHjs\/V1Aroh00SHI\/AAAAAAAACLY\/dw0HEsFlhMUQ_Bv5WU6ZQjpvcVkajdX_ACK4B\/s320\/IMG_0493.jpg\" width=\"320\" height=\"239\" border=\"0\" \/><\/a>\u00a0<a href=\"http:\/\/1.bp.blogspot.com\/-KdNjLkf7GgM\/V1AsgU-N4fI\/AAAAAAAACNg\/mN3-Tf793hgqbdCouvv6uQGstW8O39lBwCK4B\/s1600\/IMG_0494.jpg\"><img decoding=\"async\" loading=\"lazy\" src=\"https:\/\/1.bp.blogspot.com\/-KdNjLkf7GgM\/V1AsgU-N4fI\/AAAAAAAACNg\/mN3-Tf793hgqbdCouvv6uQGstW8O39lBwCK4B\/s320\/IMG_0494.jpg\" width=\"320\" height=\"239\" border=\"0\" \/><\/a><\/span><\/p>\n<\/div>\n<div style=\"text-align: center;\" data-blogger-escaped-style=\"text-align: center;\">\n<p><span style=\"font-family: Georgia, Palatino; font-size: 14pt;\"><a href=\"http:\/\/1.bp.blogspot.com\/-jzC5H1Es0sw\/V1Ar2cvJLrI\/AAAAAAAACMk\/BMM3ohu2Hn00_5HA1-w8iotNBAIesmBhwCK4B\/s1600\/IMG_0470.jpg\"><img decoding=\"async\" loading=\"lazy\" src=\"https:\/\/1.bp.blogspot.com\/-jzC5H1Es0sw\/V1Ar2cvJLrI\/AAAAAAAACMk\/BMM3ohu2Hn00_5HA1-w8iotNBAIesmBhwCK4B\/s320\/IMG_0470.jpg\" width=\"320\" height=\"239\" border=\"0\" \/><\/a>\u00a0<a href=\"http:\/\/1.bp.blogspot.com\/-M2ECkAsU5fI\/V1Ar05BPidI\/AAAAAAAACMM\/uyawQXdcKao9xeoy7GoeuvXLo7MthWPEACK4B\/s1600\/IMG_0471.jpg\"><img decoding=\"async\" loading=\"lazy\" src=\"https:\/\/1.bp.blogspot.com\/-M2ECkAsU5fI\/V1Ar05BPidI\/AAAAAAAACMM\/uyawQXdcKao9xeoy7GoeuvXLo7MthWPEACK4B\/s320\/IMG_0471.jpg\" width=\"320\" height=\"239\" border=\"0\" \/><\/a><\/span><\/p>\n<\/div>\n<div style=\"text-align: center;\" data-blogger-escaped-style=\"text-align: center;\">\n<p><span style=\"font-family: Georgia, Palatino; font-size: 14pt;\"><a href=\"http:\/\/1.bp.blogspot.com\/-O_FaiNOA2bk\/V1Arvt4gEfI\/AAAAAAAACL0\/SZZgY0XopSIwJ6vrDauzuL1JqoBwQ4bEwCK4B\/s1600\/IMG_0472.jpg\"><img decoding=\"async\" loading=\"lazy\" src=\"https:\/\/1.bp.blogspot.com\/-O_FaiNOA2bk\/V1Arvt4gEfI\/AAAAAAAACL0\/SZZgY0XopSIwJ6vrDauzuL1JqoBwQ4bEwCK4B\/s320\/IMG_0472.jpg\" width=\"239\" height=\"320\" border=\"0\" \/><\/a>\u00a0<a href=\"http:\/\/3.bp.blogspot.com\/-5E6B2--bTbE\/V1AsfZZDFiI\/AAAAAAAACNY\/kWIDzzH4Gd4DT6E1-6Gl77RAo6cx9ez5wCK4B\/s1600\/IMG_0476.jpg\"><img decoding=\"async\" loading=\"lazy\" src=\"https:\/\/3.bp.blogspot.com\/-5E6B2--bTbE\/V1AsfZZDFiI\/AAAAAAAACNY\/kWIDzzH4Gd4DT6E1-6Gl77RAo6cx9ez5wCK4B\/s320\/IMG_0476.jpg\" width=\"320\" height=\"239\" border=\"0\" \/><\/a><\/span><\/p>\n<\/div>\n<div style=\"text-align: center;\" data-blogger-escaped-style=\"text-align: center;\">\n<p><span style=\"font-family: Georgia, Palatino; font-size: 14pt;\">\u00a0<a href=\"http:\/\/1.bp.blogspot.com\/-lARRLd1VOpQ\/V1Askf8ldpI\/AAAAAAAACOM\/oovNwU8OuoUOLBDiM2Kfw41dPpCqKv79gCK4B\/s1600\/IMG_0478.jpg\"><img decoding=\"async\" loading=\"lazy\" src=\"https:\/\/1.bp.blogspot.com\/-lARRLd1VOpQ\/V1Askf8ldpI\/AAAAAAAACOM\/oovNwU8OuoUOLBDiM2Kfw41dPpCqKv79gCK4B\/s320\/IMG_0478.jpg\" width=\"320\" height=\"239\" border=\"0\" \/><\/a><\/span><a style=\"font-family: Georgia, Palatino; font-size: 14pt;\" href=\"http:\/\/1.bp.blogspot.com\/-QadhyZo13Xg\/V1AsjhcMQ6I\/AAAAAAAACN8\/uXrSLGZKs2ovc0VxbYvyCLkiflPyoHSWACK4B\/s1600\/IMG_0480.jpg\">\u00a0<img decoding=\"async\" loading=\"lazy\" src=\"https:\/\/1.bp.blogspot.com\/-QadhyZo13Xg\/V1AsjhcMQ6I\/AAAAAAAACN8\/uXrSLGZKs2ovc0VxbYvyCLkiflPyoHSWACK4B\/s320\/IMG_0480.jpg\" width=\"320\" height=\"239\" border=\"0\" \/><\/a><\/p>\n<\/div>\n<div style=\"text-align: center;\" data-blogger-escaped-style=\"text-align: center;\">\n<p><span style=\"font-family: Georgia, Palatino; font-size: 14pt;\"><a href=\"http:\/\/4.bp.blogspot.com\/-aQyTcfZ4w28\/V1AshYZATQI\/AAAAAAAACNo\/9vuEkyvTu7EEQhCz4jRbo3tt3z0baiyTQCK4B\/s1600\/IMG_0482.jpg\"><img decoding=\"async\" loading=\"lazy\" src=\"https:\/\/4.bp.blogspot.com\/-aQyTcfZ4w28\/V1AshYZATQI\/AAAAAAAACNo\/9vuEkyvTu7EEQhCz4jRbo3tt3z0baiyTQCK4B\/s320\/IMG_0482.jpg\" width=\"320\" height=\"239\" border=\"0\" \/><\/a>\u00a0<a href=\"http:\/\/2.bp.blogspot.com\/-w1mqNvF0g08\/V1Ase53ovCI\/AAAAAAAACNQ\/oqFVAEnwg8Y8CSj9yKWgfPVZGT-cWbFiwCK4B\/s1600\/IMG_0483.jpg\"><img decoding=\"async\" loading=\"lazy\" src=\"https:\/\/2.bp.blogspot.com\/-w1mqNvF0g08\/V1Ase53ovCI\/AAAAAAAACNQ\/oqFVAEnwg8Y8CSj9yKWgfPVZGT-cWbFiwCK4B\/s320\/IMG_0483.jpg\" width=\"320\" height=\"239\" border=\"0\" \/><\/a><\/span><\/p>\n<\/div>\n<div style=\"text-align: center;\" data-blogger-escaped-style=\"text-align: center;\">\n<p><span style=\"font-family: Georgia, Palatino; font-size: 14pt;\"><a href=\"http:\/\/1.bp.blogspot.com\/-T4jz1PdHVZ0\/V1Ask7E3ydI\/AAAAAAAACOU\/MOFxzvfKHtAfGFzH5wORtS7_WTTCf4owACK4B\/s1600\/IMG_0484.jpg\"><img decoding=\"async\" loading=\"lazy\" src=\"https:\/\/1.bp.blogspot.com\/-T4jz1PdHVZ0\/V1Ask7E3ydI\/AAAAAAAACOU\/MOFxzvfKHtAfGFzH5wORtS7_WTTCf4owACK4B\/s320\/IMG_0484.jpg\" width=\"320\" height=\"239\" border=\"0\" \/><\/a>\u00a0<\/span><\/p>\n<p><span style=\"font-family: Georgia, Palatino; font-size: 14pt;\">Nous attaquons notre deuxi\u00e8me journ\u00e9e au parc Walt Disney studio, qui a ouvert ses portes en mars 2002.<\/span><\/p>\n<p><span style=\"font-size: 14pt;\">Ce dernier est un peu moins f\u00e9\u00e9rique et plus \u00e0 sensations fortes.<\/span><\/p>\n<\/div>\n<div style=\"text-align: center;\" data-blogger-escaped-style=\"text-align: center;\">\n<p><span style=\"font-family: Georgia, Palatino; font-size: 14pt;\"><a href=\"http:\/\/2.bp.blogspot.com\/-96gvpZwbOcM\/V1As-p2Z5uI\/AAAAAAAACOk\/nTyNVc3MLkQhibxnkPiSvnite1xH4wtIwCK4B\/s1600\/IMG_0521.jpg\"><img decoding=\"async\" loading=\"lazy\" src=\"https:\/\/2.bp.blogspot.com\/-96gvpZwbOcM\/V1As-p2Z5uI\/AAAAAAAACOk\/nTyNVc3MLkQhibxnkPiSvnite1xH4wtIwCK4B\/s320\/IMG_0521.jpg\" width=\"239\" height=\"320\" border=\"0\" \/><\/a>\u00a0<a href=\"http:\/\/3.bp.blogspot.com\/-KfrTVe9TQn4\/V1AtYpn6usI\/AAAAAAAACPQ\/hfHdLn9iHssL4x4JFoKReb1CYYTzo6j4gCK4B\/s1600\/IMG_0522.jpg\"><img decoding=\"async\" loading=\"lazy\" src=\"https:\/\/3.bp.blogspot.com\/-KfrTVe9TQn4\/V1AtYpn6usI\/AAAAAAAACPQ\/hfHdLn9iHssL4x4JFoKReb1CYYTzo6j4gCK4B\/s320\/IMG_0522.jpg\" width=\"320\" height=\"239\" border=\"0\" \/><\/a><\/span><\/p>\n<\/div>\n<div style=\"text-align: center;\" data-blogger-escaped-style=\"text-align: center;\">\n<p><span style=\"font-family: Georgia, Palatino; font-size: 14pt;\"><a href=\"http:\/\/1.bp.blogspot.com\/-T1FIlilOtv8\/V1Atr4krWAI\/AAAAAAAACQE\/A3OLLf3w2m0qH0VL-TdL9bmYZDu_E1JEgCK4B\/s1600\/IMG_0499.jpg\"><img decoding=\"async\" loading=\"lazy\" src=\"https:\/\/1.bp.blogspot.com\/-T1FIlilOtv8\/V1Atr4krWAI\/AAAAAAAACQE\/A3OLLf3w2m0qH0VL-TdL9bmYZDu_E1JEgCK4B\/s320\/IMG_0499.jpg\" width=\"320\" height=\"239\" border=\"0\" \/><\/a>\u00a0<a href=\"http:\/\/4.bp.blogspot.com\/-iBU88uJY1rA\/V1AteNfplZI\/AAAAAAAACPY\/_oVqxKdzNRkPosWXecfFMchD-q4znxBNwCK4B\/s1600\/IMG_0500.jpg\"><img decoding=\"async\" loading=\"lazy\" src=\"https:\/\/4.bp.blogspot.com\/-iBU88uJY1rA\/V1AteNfplZI\/AAAAAAAACPY\/_oVqxKdzNRkPosWXecfFMchD-q4znxBNwCK4B\/s320\/IMG_0500.jpg\" width=\"320\" height=\"239\" border=\"0\" \/><\/a><\/span><\/p>\n<\/div>\n<div style=\"text-align: center;\" data-blogger-escaped-style=\"text-align: center;\">\n<p><span style=\"font-family: Georgia, Palatino; font-size: 14pt;\"><a href=\"http:\/\/1.bp.blogspot.com\/-fst0dCcgSqs\/V1AtRA7ypoI\/AAAAAAAACPA\/lrN60I1j3KYtifZ-p0vlzi-vY6h8bAWSQCK4B\/s1600\/IMG_0503.jpg\"><img decoding=\"async\" loading=\"lazy\" src=\"https:\/\/1.bp.blogspot.com\/-fst0dCcgSqs\/V1AtRA7ypoI\/AAAAAAAACPA\/lrN60I1j3KYtifZ-p0vlzi-vY6h8bAWSQCK4B\/s320\/IMG_0503.jpg\" width=\"320\" height=\"239\" border=\"0\" \/><\/a>\u00a0<a href=\"http:\/\/3.bp.blogspot.com\/-zSY6tPIAwkU\/V1AtjITEsUI\/AAAAAAAACPw\/V2VTXV7NSBMRgxv4nP0hd1TDCuxNesXxACK4B\/s1600\/IMG_0504.jpg\"><img decoding=\"async\" loading=\"lazy\" src=\"https:\/\/3.bp.blogspot.com\/-zSY6tPIAwkU\/V1AtjITEsUI\/AAAAAAAACPw\/V2VTXV7NSBMRgxv4nP0hd1TDCuxNesXxACK4B\/s320\/IMG_0504.jpg\" width=\"320\" height=\"239\" border=\"0\" \/><\/a><\/span><\/p>\n<\/div>\n<div style=\"text-align: center;\" data-blogger-escaped-style=\"text-align: center;\">\n<p><span style=\"font-family: Georgia, Palatino; font-size: 14pt;\"><a href=\"http:\/\/4.bp.blogspot.com\/-kcVb-cIC3XM\/V1Athn236FI\/AAAAAAAACPg\/Dz0TCLt3pbAyK3I04O0oZOL7cYV3t_mWQCK4B\/s1600\/IMG_0505.jpg\"><img decoding=\"async\" loading=\"lazy\" src=\"https:\/\/4.bp.blogspot.com\/-kcVb-cIC3XM\/V1Athn236FI\/AAAAAAAACPg\/Dz0TCLt3pbAyK3I04O0oZOL7cYV3t_mWQCK4B\/s320\/IMG_0505.jpg\" width=\"239\" height=\"320\" border=\"0\" \/><\/a><\/span><\/p>\n<\/div>\n<div style=\"text-align: center;\" data-blogger-escaped-style=\"text-align: center;\">\n<p><span style=\"font-family: Georgia, Palatino; font-size: 14pt;\">Et la parade &#8230; trop bien !<\/span><span style=\"font-family: Georgia, Palatino; font-size: 14pt;\">\u00a0<\/span><\/p>\n<\/div>\n<div style=\"text-align: center;\" data-blogger-escaped-style=\"text-align: center;\">\n<p><span style=\"font-family: Georgia, Palatino; font-size: 14pt;\"><a href=\"http:\/\/3.bp.blogspot.com\/-x8idm6EobOo\/V1Atwrm-ReI\/AAAAAAAACQc\/e8nBI-fgcTgUTF356Uun_gH7zxwCW4kQQCK4B\/s1600\/IMG_0513.jpg\"><img decoding=\"async\" loading=\"lazy\" src=\"https:\/\/3.bp.blogspot.com\/-x8idm6EobOo\/V1Atwrm-ReI\/AAAAAAAACQc\/e8nBI-fgcTgUTF356Uun_gH7zxwCW4kQQCK4B\/s320\/IMG_0513.jpg\" width=\"320\" height=\"239\" border=\"0\" \/><\/a>\u00a0<a href=\"http:\/\/2.bp.blogspot.com\/-vqP8sq4VxfY\/V1AtJ83IgnI\/AAAAAAAACO4\/KqbK0yDpTbE8_UMeO3AlSbXOwYZqTG5ewCK4B\/s1600\/IMG_0514.jpg\"><img decoding=\"async\" loading=\"lazy\" src=\"https:\/\/2.bp.blogspot.com\/-vqP8sq4VxfY\/V1AtJ83IgnI\/AAAAAAAACO4\/KqbK0yDpTbE8_UMeO3AlSbXOwYZqTG5ewCK4B\/s320\/IMG_0514.jpg\" width=\"320\" height=\"239\" border=\"0\" \/><\/a><\/span><\/p>\n<\/div>\n<div style=\"text-align: center;\" data-blogger-escaped-style=\"text-align: center;\">\n<p><span style=\"font-family: Georgia, Palatino; font-size: 14pt;\">\u00a0<a href=\"http:\/\/2.bp.blogspot.com\/-34bpUpMMBOA\/V1AtuSDiB9I\/AAAAAAAACQU\/ADf_vO2xMG4zuF2nSCmIqd8IygUAlwhewCK4B\/s1600\/IMG_0516.jpg\"><img decoding=\"async\" loading=\"lazy\" src=\"https:\/\/2.bp.blogspot.com\/-34bpUpMMBOA\/V1AtuSDiB9I\/AAAAAAAACQU\/ADf_vO2xMG4zuF2nSCmIqd8IygUAlwhewCK4B\/s320\/IMG_0516.jpg\" width=\"320\" height=\"239\" border=\"0\" \/><\/a><\/span><a style=\"font-family: Georgia, Palatino; font-size: 14pt;\" href=\"http:\/\/1.bp.blogspot.com\/-9nCbI--XOAc\/V1AtHWIFy5I\/AAAAAAAACOs\/aaMNz5nMP9M0yQbIMjC3CvthTr-PBSUqQCK4B\/s1600\/IMG_0518.jpg\">\u00a0<img decoding=\"async\" loading=\"lazy\" src=\"https:\/\/1.bp.blogspot.com\/-9nCbI--XOAc\/V1AtHWIFy5I\/AAAAAAAACOs\/aaMNz5nMP9M0yQbIMjC3CvthTr-PBSUqQCK4B\/s320\/IMG_0518.jpg\" width=\"320\" height=\"239\" border=\"0\" \/><\/a><\/p>\n<\/div>\n<div style=\"text-align: center;\" data-blogger-escaped-style=\"text-align: center;\">\n<p><span style=\"font-family: Georgia, Palatino; font-size: 14pt;\"><a href=\"http:\/\/2.bp.blogspot.com\/-hwfno9Qm-gQ\/V1AttPsvIdI\/AAAAAAAACQM\/H7eLaR_lUA4SiC-qgHjCLj16Nnd1zMXewCK4B\/s1600\/IMG_0519.jpg\"><img decoding=\"async\" loading=\"lazy\" src=\"https:\/\/2.bp.blogspot.com\/-hwfno9Qm-gQ\/V1AttPsvIdI\/AAAAAAAACQM\/H7eLaR_lUA4SiC-qgHjCLj16Nnd1zMXewCK4B\/s320\/IMG_0519.jpg\" width=\"320\" height=\"239\" border=\"0\" \/><\/a>\u00a0<a href=\"http:\/\/3.bp.blogspot.com\/-rElP_5Vzs28\/V1Ati7g9J8I\/AAAAAAAACPs\/w0Sq8MuPCDUVOp1UrV5vJoysBYB3bp_uwCK4B\/s1600\/IMG_0520.jpg\"><img decoding=\"async\" loading=\"lazy\" src=\"https:\/\/3.bp.blogspot.com\/-rElP_5Vzs28\/V1Ati7g9J8I\/AAAAAAAACPs\/w0Sq8MuPCDUVOp1UrV5vJoysBYB3bp_uwCK4B\/s320\/IMG_0520.jpg\" width=\"320\" height=\"239\" border=\"0\" \/><\/a><\/span><\/p>\n<\/div>\n<div style=\"text-align: center;\" data-blogger-escaped-style=\"text-align: center;\">\n<p><span style=\"font-family: Georgia, Palatino; font-size: 14pt;\"><a href=\"http:\/\/1.bp.blogspot.com\/-nqPcNHjI1LI\/V1At8HCmTYI\/AAAAAAAACRA\/uoiRGCqNyacjIsN5xdhsHit4xbnHA8YTwCK4B\/s1600\/IMG_0508.jpg\"><img decoding=\"async\" loading=\"lazy\" src=\"https:\/\/1.bp.blogspot.com\/-nqPcNHjI1LI\/V1At8HCmTYI\/AAAAAAAACRA\/uoiRGCqNyacjIsN5xdhsHit4xbnHA8YTwCK4B\/s320\/IMG_0508.jpg\" width=\"320\" height=\"239\" border=\"0\" \/><\/a>\u00a0<a href=\"http:\/\/3.bp.blogspot.com\/-lyIfexLCU5s\/V1At8CK0SEI\/AAAAAAAACRI\/ZDF8wjbHIXgAZRjtOAewhzF4XHW0nFUqACK4B\/s1600\/IMG_0509.jpg\"><img decoding=\"async\" loading=\"lazy\" src=\"https:\/\/3.bp.blogspot.com\/-lyIfexLCU5s\/V1At8CK0SEI\/AAAAAAAACRI\/ZDF8wjbHIXgAZRjtOAewhzF4XHW0nFUqACK4B\/s320\/IMG_0509.jpg\" width=\"320\" height=\"239\" border=\"0\" \/><\/a><\/span><\/p>\n<\/div>\n<div style=\"text-align: center;\" data-blogger-escaped-style=\"text-align: center;\">\n<p><span style=\"font-family: Georgia, Palatino; font-size: 14pt;\"><a href=\"http:\/\/3.bp.blogspot.com\/-FQBjP9-mACQ\/V1At6vvyNTI\/AAAAAAAACQw\/Ddsg_euSSJgoaYrjnimpZj7WJBVoiqmWgCK4B\/s1600\/IMG_0510.jpg\"><img decoding=\"async\" loading=\"lazy\" src=\"https:\/\/3.bp.blogspot.com\/-FQBjP9-mACQ\/V1At6vvyNTI\/AAAAAAAACQw\/Ddsg_euSSJgoaYrjnimpZj7WJBVoiqmWgCK4B\/s320\/IMG_0510.jpg\" width=\"320\" height=\"239\" border=\"0\" \/><\/a>\u00a0<a href=\"http:\/\/2.bp.blogspot.com\/-TnSX0Os9CXY\/V1At7UvuVPI\/AAAAAAAACQ4\/OwptlnjvGQMtdlp1dykFnlUWldIEkjy9QCK4B\/s1600\/IMG_0511.jpg\"><img decoding=\"async\" loading=\"lazy\" src=\"https:\/\/2.bp.blogspot.com\/-TnSX0Os9CXY\/V1At7UvuVPI\/AAAAAAAACQ4\/OwptlnjvGQMtdlp1dykFnlUWldIEkjy9QCK4B\/s320\/IMG_0511.jpg\" width=\"320\" height=\"239\" border=\"0\" \/><\/a><\/span><\/p>\n<\/div>\n<div style=\"text-align: center;\" data-blogger-escaped-style=\"text-align: center;\">\n<p><span style=\"font-family: Georgia, Palatino; font-size: 14pt;\"><a href=\"http:\/\/4.bp.blogspot.com\/-wj2TlGHvA0o\/V1At9HVtH4I\/AAAAAAAACRQ\/sEuPKS_Nt6gxrpnlg_HO8xETQUAkPAfVgCK4B\/s1600\/IMG_0512.jpg\"><img decoding=\"async\" loading=\"lazy\" src=\"https:\/\/4.bp.blogspot.com\/-wj2TlGHvA0o\/V1At9HVtH4I\/AAAAAAAACRQ\/sEuPKS_Nt6gxrpnlg_HO8xETQUAkPAfVgCK4B\/s320\/IMG_0512.jpg\" width=\"320\" height=\"239\" border=\"0\" \/><\/a>\u00a0<\/span><\/p>\n<\/div>\n<div style=\"text-align: center;\" data-blogger-escaped-style=\"text-align: center;\">\n<p><span style=\"font-family: Georgia, Palatino; font-size: 14pt;\" data-blogger-escaped-style=\"color: blue; font-size: large;\">Disney sera toujours aussi magique !<\/span><\/p>\n<\/div>\n<div style=\"text-align: center;\" data-blogger-escaped-style=\"text-align: center;\">\n<p><span style=\"font-family: Georgia, Palatino; font-size: 14pt;\" data-blogger-escaped-style=\"color: blue; font-size: large;\">Au revoir et \u00e0 la prochaine Mickey !!!<\/span><\/p>\n<\/div>\n<div data-blogger-escaped-style=\"text-align: center;\">\n<p><span style=\"font-family: Georgia, Palatino; font-size: 14pt;\"><a href=\"http:\/\/1.bp.blogspot.com\/-k74Wmu6tFIg\/V1Aq4YAN7FI\/AAAAAAAACKk\/jLxkmo_bSX4fcMISyEi8WI6rn3TFO3GZwCK4B\/s1600\/IMG_0456.jpg\"><img decoding=\"async\" loading=\"lazy\" class=\"aligncenter\" src=\"https:\/\/1.bp.blogspot.com\/-k74Wmu6tFIg\/V1Aq4YAN7FI\/AAAAAAAACKk\/jLxkmo_bSX4fcMISyEi8WI6rn3TFO3GZwCK4B\/s320\/IMG_0456.jpg\" width=\"320\" height=\"239\" border=\"0\" \/><\/a><\/span><\/p>\n<\/div>\n","protected":false},"excerpt":{"rendered":"<p>Disneyland Paris est un parc d&rsquo;attractions\u00a0de\u00a022,30 km\u00b2 qui a ouvert ses portes en avril 92 et\u00a0situ\u00e9 en sa majeure partie dans la commune de Chessy \u00e0 l&rsquo;est de Paris. Le complexe touristique comprend deux parcs \u00e0 th\u00e8mes : le parc Disneyland et le parc Walt Disney Studio, ainsi que des hotel, restaurants et un golf. \u00a02012 Nous d\u00e9cidons de faire une surprise aux gar\u00e7ons,\u00a0nous allons voir Mickey pour les 20 ans du parc. Nous allons \u00e0 Disneyland Paris en camping&#8230;<\/p>\n<p class=\"read-more\"><a class=\"btn btn-default\" href=\"https:\/\/initiation-voyages.fr\/index.php\/disneyland-paris\/\">Lire la suite<span class=\"screen-reader-text\"> Lire la suite<\/span><\/a><\/p>\n","protected":false},"author":1,"featured_media":0,"parent":0,"menu_order":0,"comment_status":"closed","ping_status":"closed","template":"","meta":[],"_links":{"self":[{"href":"https:\/\/initiation-voyages.fr\/index.php\/wp-json\/wp\/v2\/pages\/282"}],"collection":[{"href":"https:\/\/initiation-voyages.fr\/index.php\/wp-json\/wp\/v2\/pages"}],"about":[{"href":"https:\/\/initiation-voyages.fr\/index.php\/wp-json\/wp\/v2\/types\/page"}],"author":[{"embeddable":true,"href":"https:\/\/initiation-voyages.fr\/index.php\/wp-json\/wp\/v2\/users\/1"}],"replies":[{"embeddable":true,"href":"https:\/\/initiation-voyages.fr\/index.php\/wp-json\/wp\/v2\/comments?post=282"}],"version-history":[{"count":8,"href":"https:\/\/initiation-voyages.fr\/index.php\/wp-json\/wp\/v2\/pages\/282\/revisions"}],"predecessor-version":[{"id":541,"href":"https:\/\/initiation-voyages.fr\/index.php\/wp-json\/wp\/v2\/pages\/282\/revisions\/541"}],"wp:attachment":[{"href":"https:\/\/initiation-voyages.fr\/index.php\/wp-json\/wp\/v2\/media?parent=282"}],"curies":[{"name":"wp","href":"https:\/\/api.w.org\/{rel}","templated":true}]}}