{"id":280,"date":"2018-02-23T17:46:49","date_gmt":"2018-02-23T16:46:49","guid":{"rendered":"http:\/\/initiation-voyages.fr\/?page_id=280"},"modified":"2018-02-23T17:46:49","modified_gmt":"2018-02-23T16:46:49","slug":"puy-du-fou","status":"publish","type":"page","link":"https:\/\/initiation-voyages.fr\/index.php\/puy-du-fou\/","title":{"rendered":"PUY DU FOU"},"content":{"rendered":"<div data-blogger-escaped-style=\"text-align: left;\">\n<p style=\"text-align: center;\"><span style=\"font-family: Georgia, Palatino; font-size: 24pt;\" data-blogger-escaped-style=\"color: blue; font-size: large;\">2015<\/span><\/p>\n<\/div>\n<div style=\"text-align: center;\" data-blogger-escaped-style=\"text-align: center;\">\n<p><span style=\"font-family: Georgia, Palatino; font-size: 14pt;\" data-blogger-escaped-style=\"color: blue; font-size: large;\">Nous sommes all\u00e9s au parc du Puy du Fou <\/span><\/p>\n<\/div>\n<div style=\"text-align: center;\" data-blogger-escaped-style=\"text-align: center;\">\n<p><span style=\"font-family: Georgia, Palatino; font-size: 14pt;\">pendant nos vacances en Bretagne.<\/span><\/p>\n<\/div>\n<div style=\"text-align: center;\" data-blogger-escaped-style=\"text-align: center;\">\n<p><span style=\"font-family: Georgia, Palatino; font-size: 14pt;\" data-blogger-escaped-style=\"color: blue; font-size: large;\">Ce n&rsquo;est pas un parc d&rsquo;attractions mais un parc de spectales !<\/span><\/p>\n<\/div>\n<div style=\"text-align: center;\" data-blogger-escaped-style=\"text-align: center;\">\n<p><span style=\"font-family: Georgia, Palatino; font-size: 14pt;\" data-blogger-escaped-style=\"color: blue; font-size: large;\">Nous sommes en camping car avec le cousin d&rsquo;Enric <\/span><span style=\"font-family: Georgia, Palatino; font-size: 14pt;\" data-blogger-escaped-style=\"color: blue; font-size: large;\">sur l&rsquo;aire de camping car du parc.<\/span><\/p>\n<\/div>\n<div style=\"text-align: center;\" data-blogger-escaped-style=\"text-align: center;\">\n<p><span style=\"font-family: Georgia, Palatino; font-size: 14pt;\" data-blogger-escaped-style=\"color: blue; font-size: large;\">Il fait pas tr\u00e8s chaud le soir, nous sommes pr\u00e8s de la Bretagne !!!<\/span><\/p>\n<\/div>\n<div style=\"text-align: center;\" data-blogger-escaped-style=\"text-align: center;\">\n<p><span style=\"font-family: Georgia, Palatino; font-size: 14pt;\">\u00a0<img decoding=\"async\" loading=\"lazy\" class=\"alignnone size-medium wp-image-556\" src=\"http:\/\/initiation-voyages.fr\/wp-content\/uploads\/2018\/02\/DSC05687-Copie-300x169.jpg\" alt=\"\" width=\"300\" height=\"169\" srcset=\"https:\/\/initiation-voyages.fr\/wp-content\/uploads\/2018\/02\/DSC05687-Copie-300x169.jpg 300w, https:\/\/initiation-voyages.fr\/wp-content\/uploads\/2018\/02\/DSC05687-Copie-768x432.jpg 768w, https:\/\/initiation-voyages.fr\/wp-content\/uploads\/2018\/02\/DSC05687-Copie-1024x576.jpg 1024w, https:\/\/initiation-voyages.fr\/wp-content\/uploads\/2018\/02\/DSC05687-Copie-480x270.jpg 480w, https:\/\/initiation-voyages.fr\/wp-content\/uploads\/2018\/02\/DSC05687-Copie-24x13.jpg 24w, https:\/\/initiation-voyages.fr\/wp-content\/uploads\/2018\/02\/DSC05687-Copie-36x20.jpg 36w, https:\/\/initiation-voyages.fr\/wp-content\/uploads\/2018\/02\/DSC05687-Copie-48x27.jpg 48w\" sizes=\"(max-width: 300px) 100vw, 300px\" \/><\/span><\/p>\n<\/div>\n<div style=\"text-align: center;\" data-blogger-escaped-style=\"text-align: center;\">\n<p><span style=\"font-family: Georgia, Palatino; font-size: 14pt;\" data-blogger-escaped-style=\"color: blue; font-size: large;\">D\u00e8s le lendemain, <\/span><span style=\"font-family: Georgia, Palatino; font-size: 14pt;\" data-blogger-escaped-style=\"color: blue; font-size: large;\">nous nous rendons au parc &#8230;<\/span><\/p>\n<\/div>\n<div style=\"text-align: center;\" data-blogger-escaped-style=\"text-align: center;\">\n<p><span style=\"font-family: Georgia, Palatino; font-size: 14pt;\" data-blogger-escaped-style=\"color: blue; font-size: large;\">Nous commen\u00e7ons par le village.<\/span><\/p>\n<\/div>\n<div style=\"text-align: center;\" data-blogger-escaped-style=\"text-align: center;\">\n<p><span style=\"font-family: Georgia, Palatino; font-size: 14pt;\"><a href=\"http:\/\/2.bp.blogspot.com\/-OR10QG0I5r4\/V1AhxMor1NI\/AAAAAAAACDY\/LPdTtaBNSNwoRRxjmuiU5F3QJeyMrajtQCK4B\/s1600\/DSC07841.JPG\"><img decoding=\"async\" loading=\"lazy\" src=\"https:\/\/2.bp.blogspot.com\/-OR10QG0I5r4\/V1AhxMor1NI\/AAAAAAAACDY\/LPdTtaBNSNwoRRxjmuiU5F3QJeyMrajtQCK4B\/s320\/DSC07841.JPG\" width=\"320\" height=\"240\" border=\"0\" \/><\/a>\u00a0<a href=\"http:\/\/3.bp.blogspot.com\/-1C65AvT80bo\/V1Ahs0oZpDI\/AAAAAAAACDQ\/6Y31zsZVYbwQPJS0iU0rrYl6Pf9Mk2SwACK4B\/s1600\/DSC07842.JPG\"><img decoding=\"async\" loading=\"lazy\" src=\"https:\/\/3.bp.blogspot.com\/-1C65AvT80bo\/V1Ahs0oZpDI\/AAAAAAAACDQ\/6Y31zsZVYbwQPJS0iU0rrYl6Pf9Mk2SwACK4B\/s320\/DSC07842.JPG\" width=\"320\" height=\"240\" border=\"0\" \/><\/a><\/span><\/p>\n<\/div>\n<div style=\"text-align: center;\" data-blogger-escaped-style=\"text-align: center;\">\n<p><span style=\"font-family: Georgia, Palatino; font-size: 14pt;\"><a href=\"http:\/\/1.bp.blogspot.com\/-1Ud4zbqMKD0\/V1AngipsCBI\/AAAAAAAACIs\/UbhNQjh5eTwdwAJ6VbBbUW5WvthpUbUbQCK4B\/s1600\/DSC05834.JPG\"><img decoding=\"async\" loading=\"lazy\" src=\"https:\/\/1.bp.blogspot.com\/-1Ud4zbqMKD0\/V1AngipsCBI\/AAAAAAAACIs\/UbhNQjh5eTwdwAJ6VbBbUW5WvthpUbUbQCK4B\/s320\/DSC05834.JPG\" width=\"320\" height=\"180\" border=\"0\" \/><\/a>\u00a0<\/span><\/p>\n<\/div>\n<div style=\"text-align: center;\" data-blogger-escaped-style=\"text-align: center;\">\n<p><span style=\"font-family: Georgia, Palatino; font-size: 14pt;\"><a href=\"http:\/\/3.bp.blogspot.com\/-KaEwfA5Rzfw\/V1AiHlAOgrI\/AAAAAAAACDw\/gsdBqoYEviQb-9jqsZQ5V-u8cepkMhYfACK4B\/s1600\/DSC07844.JPG\"><img decoding=\"async\" loading=\"lazy\" src=\"https:\/\/3.bp.blogspot.com\/-KaEwfA5Rzfw\/V1AiHlAOgrI\/AAAAAAAACDw\/gsdBqoYEviQb-9jqsZQ5V-u8cepkMhYfACK4B\/s320\/DSC07844.JPG\" width=\"320\" height=\"240\" border=\"0\" \/><\/a>\u00a0<a href=\"http:\/\/4.bp.blogspot.com\/-BRdb5gpAPMA\/V1AhydZU71I\/AAAAAAAACDo\/brAX60lhOoICDLr8yKMuWs5qrLwn9NBsACK4B\/s1600\/DSC07853.JPG\"><img decoding=\"async\" loading=\"lazy\" src=\"https:\/\/4.bp.blogspot.com\/-BRdb5gpAPMA\/V1AhydZU71I\/AAAAAAAACDo\/brAX60lhOoICDLr8yKMuWs5qrLwn9NBsACK4B\/s320\/DSC07853.JPG\" width=\"320\" height=\"240\" border=\"0\" \/><\/a><\/span><span style=\"font-family: Georgia, Palatino; font-size: 14pt;\">\u00a0<\/span><\/p>\n<\/div>\n<div style=\"text-align: center;\" data-blogger-escaped-style=\"text-align: center;\">\n<p><span style=\"font-family: Georgia, Palatino; font-size: 14pt;\"><a href=\"http:\/\/3.bp.blogspot.com\/-xKVupsdS8Vg\/V1Ahr3WV2jI\/AAAAAAAACDI\/w-N51IbWNVUqBhCVVXvk3Y0GJkKJWcrUQCK4B\/s1600\/DSC07847.JPG\"><img decoding=\"async\" loading=\"lazy\" src=\"https:\/\/3.bp.blogspot.com\/-xKVupsdS8Vg\/V1Ahr3WV2jI\/AAAAAAAACDI\/w-N51IbWNVUqBhCVVXvk3Y0GJkKJWcrUQCK4B\/s320\/DSC07847.JPG\" width=\"240\" height=\"320\" border=\"0\" \/><\/a>\u00a0<a href=\"http:\/\/2.bp.blogspot.com\/-JLTZJyaufg8\/V1AiR9h8I-I\/AAAAAAAACEg\/PnDV-XjvmDUXK_TlPx5pGvkbufwWGXG1gCK4B\/s1600\/DSC07850.JPG\"><img decoding=\"async\" loading=\"lazy\" src=\"https:\/\/2.bp.blogspot.com\/-JLTZJyaufg8\/V1AiR9h8I-I\/AAAAAAAACEg\/PnDV-XjvmDUXK_TlPx5pGvkbufwWGXG1gCK4B\/s320\/DSC07850.JPG\" width=\"320\" height=\"240\" border=\"0\" \/><\/a><\/span><\/p>\n<\/div>\n<div style=\"text-align: center;\" data-blogger-escaped-style=\"text-align: center;\">\n<p><span style=\"font-family: Georgia, Palatino; font-size: 14pt;\"><a href=\"http:\/\/4.bp.blogspot.com\/-S7ZswKIme3s\/V1AiOgkLgJI\/AAAAAAAACD4\/4Bgu4HGGmwEF5YxqFPAqMTBA_hC_w3GJwCK4B\/s1600\/DSC07854.JPG\"><img decoding=\"async\" loading=\"lazy\" src=\"https:\/\/4.bp.blogspot.com\/-S7ZswKIme3s\/V1AiOgkLgJI\/AAAAAAAACD4\/4Bgu4HGGmwEF5YxqFPAqMTBA_hC_w3GJwCK4B\/s320\/DSC07854.JPG\" width=\"320\" height=\"240\" border=\"0\" \/><\/a>\u00a0<a href=\"http:\/\/4.bp.blogspot.com\/-4ivXJsZ4-XY\/V1AiQRGsKcI\/AAAAAAAACEA\/B2zD16oFjWYTxMG9yJkKDouOn5q7qU-NgCK4B\/s1600\/DSC07855.JPG\"><img decoding=\"async\" loading=\"lazy\" src=\"https:\/\/4.bp.blogspot.com\/-4ivXJsZ4-XY\/V1AiQRGsKcI\/AAAAAAAACEA\/B2zD16oFjWYTxMG9yJkKDouOn5q7qU-NgCK4B\/s320\/DSC07855.JPG\" width=\"240\" height=\"320\" border=\"0\" \/><\/a><\/span><\/p>\n<\/div>\n<div style=\"text-align: center;\" data-blogger-escaped-style=\"text-align: center;\">\n<p><span style=\"font-family: Georgia, Palatino; font-size: 14pt;\" data-blogger-escaped-style=\"color: blue; font-size: large;\">Nous d\u00e9couvrons les ar\u00e8nes du parc o\u00f9 se d\u00e9roule le spectacle \u00e9poustouflant des romains.<\/span><\/p>\n<\/div>\n<div style=\"text-align: center;\" data-blogger-escaped-style=\"text-align: center;\">\n<p><span style=\"font-family: Georgia, Palatino; font-size: 14pt;\" data-blogger-escaped-style=\"color: blue; font-size: large;\">Et l\u00e0 un soleil de plomb qui r\u00e9chauffe &#8230; m\u00eame un peu trop &#8230;<\/span><\/p>\n<\/div>\n<div style=\"text-align: center;\" data-blogger-escaped-style=\"text-align: center;\">\n<p><span style=\"font-family: Georgia, Palatino; font-size: 14pt;\"><a href=\"http:\/\/2.bp.blogspot.com\/-4g0ljT4zrfY\/V1AiQ9KE9NI\/AAAAAAAACEQ\/QHDjfPy9KasHHpqeQx8w7vqrZZVQhlriwCK4B\/s1600\/DSC07856.JPG\"><img decoding=\"async\" loading=\"lazy\" src=\"https:\/\/2.bp.blogspot.com\/-4g0ljT4zrfY\/V1AiQ9KE9NI\/AAAAAAAACEQ\/QHDjfPy9KasHHpqeQx8w7vqrZZVQhlriwCK4B\/s320\/DSC07856.JPG\" width=\"320\" height=\"240\" border=\"0\" \/><\/a>\u00a0<a href=\"http:\/\/4.bp.blogspot.com\/-zSEOx8HuE48\/V1AiQ5aGnEI\/AAAAAAAACEI\/ivHExpUMONguOHc85QzF8sGTabBlie7jQCK4B\/s1600\/DSC07857.JPG\"><img decoding=\"async\" loading=\"lazy\" src=\"https:\/\/4.bp.blogspot.com\/-zSEOx8HuE48\/V1AiQ5aGnEI\/AAAAAAAACEI\/ivHExpUMONguOHc85QzF8sGTabBlie7jQCK4B\/s320\/DSC07857.JPG\" width=\"320\" height=\"240\" border=\"0\" \/><\/a><\/span><\/p>\n<\/div>\n<div style=\"text-align: center;\" data-blogger-escaped-style=\"text-align: center;\">\n<p><span style=\"font-family: Georgia, Palatino; font-size: 14pt;\"><a href=\"http:\/\/4.bp.blogspot.com\/-IUobD29f7J0\/V1Ak_lmHfrI\/AAAAAAAACFA\/88GD__meuSYzC4KYsHWFqZ76BHd6wtGAACK4B\/s1600\/DSC07859.JPG\"><img decoding=\"async\" loading=\"lazy\" src=\"https:\/\/4.bp.blogspot.com\/-IUobD29f7J0\/V1Ak_lmHfrI\/AAAAAAAACFA\/88GD__meuSYzC4KYsHWFqZ76BHd6wtGAACK4B\/s320\/DSC07859.JPG\" width=\"320\" height=\"240\" border=\"0\" \/><\/a><\/span><\/p>\n<\/div>\n<div style=\"text-align: center;\" data-blogger-escaped-style=\"text-align: center;\">\n<p><span style=\"font-family: Georgia, Palatino; font-size: 14pt;\" data-blogger-escaped-style=\"color: blue; font-size: large;\">Le spectacles des oiseaux en musique.<\/span><\/p>\n<\/div>\n<div style=\"text-align: center;\" data-blogger-escaped-style=\"text-align: center;\">\n<p><span style=\"font-family: Georgia, Palatino; font-size: 14pt;\" data-blogger-escaped-style=\"color: blue; font-size: large;\">C&rsquo;est juste magnifique et impressionnant de voir autant d&rsquo;oiseaux et de rapaces dans le ciel&#8230;<\/span><span style=\"font-family: Georgia, Palatino; font-size: 14pt;\">\u00a0<\/span><\/p>\n<\/div>\n<div style=\"text-align: center;\" data-blogger-escaped-style=\"text-align: center;\">\n<p><span style=\"font-family: Georgia, Palatino; font-size: 14pt;\"><a href=\"http:\/\/2.bp.blogspot.com\/-Ld2fs9Vu_2o\/V1Ak98EgR6I\/AAAAAAAACE4\/5-NeMHt83HcnG3qt16omDj_9H8BeM3HCwCK4B\/s1600\/DSC07873.JPG\"><img decoding=\"async\" loading=\"lazy\" src=\"https:\/\/2.bp.blogspot.com\/-Ld2fs9Vu_2o\/V1Ak98EgR6I\/AAAAAAAACE4\/5-NeMHt83HcnG3qt16omDj_9H8BeM3HCwCK4B\/s320\/DSC07873.JPG\" width=\"240\" height=\"320\" border=\"0\" \/><\/a>\u00a0<a href=\"http:\/\/1.bp.blogspot.com\/-7VQU-wWkvnU\/V1AmdEtuyEI\/AAAAAAAACGs\/mnwQVRMxf8M5qkn9bu1rC6rYNlithvnbQCK4B\/s1600\/DSC07882.JPG\"><img decoding=\"async\" loading=\"lazy\" src=\"https:\/\/1.bp.blogspot.com\/-7VQU-wWkvnU\/V1AmdEtuyEI\/AAAAAAAACGs\/mnwQVRMxf8M5qkn9bu1rC6rYNlithvnbQCK4B\/s320\/DSC07882.JPG\" width=\"320\" height=\"240\" border=\"0\" \/><\/a><\/span><\/p>\n<\/div>\n<div style=\"text-align: center;\" data-blogger-escaped-style=\"text-align: center;\">\n<p><span style=\"font-family: Georgia, Palatino; font-size: 14pt;\"><a href=\"http:\/\/1.bp.blogspot.com\/-lJEmH_4QxtE\/V1AlET9Vp9I\/AAAAAAAACF4\/1VCATqJp4r8Zgje6j8QZCQ-9s37yOvE7QCK4B\/s1600\/DSC07876.JPG\"><img decoding=\"async\" loading=\"lazy\" src=\"https:\/\/1.bp.blogspot.com\/-lJEmH_4QxtE\/V1AlET9Vp9I\/AAAAAAAACF4\/1VCATqJp4r8Zgje6j8QZCQ-9s37yOvE7QCK4B\/s320\/DSC07876.JPG\" width=\"240\" height=\"320\" border=\"0\" \/><\/a>\u00a0<a href=\"http:\/\/2.bp.blogspot.com\/-GBJdNozN7UY\/V1AlEcZyrAI\/AAAAAAAACF0\/KHoAigpHZZ86x38numhwVls3n3CUcjsWwCK4B\/s1600\/DSC07869.JPG\"><img decoding=\"async\" loading=\"lazy\" src=\"https:\/\/2.bp.blogspot.com\/-GBJdNozN7UY\/V1AlEcZyrAI\/AAAAAAAACF0\/KHoAigpHZZ86x38numhwVls3n3CUcjsWwCK4B\/s320\/DSC07869.JPG\" width=\"240\" height=\"320\" border=\"0\" \/><\/a><\/span><\/p>\n<\/div>\n<div style=\"text-align: center;\" data-blogger-escaped-style=\"text-align: center;\">\n<p><span style=\"font-family: Georgia, Palatino; font-size: 14pt;\" data-blogger-escaped-style=\"color: blue; font-size: large;\">Les Vikings !<\/span><\/p>\n<\/div>\n<div style=\"text-align: center;\" data-blogger-escaped-style=\"text-align: center;\">\n<p><span style=\"font-family: Georgia, Palatino; font-size: 14pt;\" data-blogger-escaped-style=\"color: blue; font-size: large;\">Spectacle impressionnant et un bateau qui sort de nul part.<\/span><\/p>\n<\/div>\n<div style=\"text-align: center;\" data-blogger-escaped-style=\"text-align: center;\">\n<p><span style=\"font-family: Georgia, Palatino; font-size: 14pt;\" data-blogger-escaped-style=\"color: blue; font-size: large;\">Nous restons scotch\u00e9s sur nos si\u00e8ges.<\/span><\/p>\n<\/div>\n<div style=\"text-align: center;\" data-blogger-escaped-style=\"text-align: center;\">\n<p><span style=\"font-family: Georgia, Palatino; font-size: 14pt;\"><a href=\"http:\/\/4.bp.blogspot.com\/-gRvJ6Tjllv4\/V1AlEnp3VBI\/AAAAAAAACGA\/lMbfINY0yjYH2t3jvRzr02ghAhaSTXRDgCK4B\/s1600\/DSC07860.JPG\"><img decoding=\"async\" loading=\"lazy\" src=\"https:\/\/4.bp.blogspot.com\/-gRvJ6Tjllv4\/V1AlEnp3VBI\/AAAAAAAACGA\/lMbfINY0yjYH2t3jvRzr02ghAhaSTXRDgCK4B\/s320\/DSC07860.JPG\" width=\"320\" height=\"240\" border=\"0\" \/><\/a>\u00a0<a href=\"http:\/\/4.bp.blogspot.com\/-02p0VxE8Yag\/V1AlE4COcRI\/AAAAAAAACGI\/-2mNTG9gDL8ZS5DDiQuWayQWeMvxbrLvACK4B\/s1600\/DSC07863.JPG\"><img decoding=\"async\" loading=\"lazy\" src=\"https:\/\/4.bp.blogspot.com\/-02p0VxE8Yag\/V1AlE4COcRI\/AAAAAAAACGI\/-2mNTG9gDL8ZS5DDiQuWayQWeMvxbrLvACK4B\/s320\/DSC07863.JPG\" width=\"320\" height=\"240\" border=\"0\" \/><\/a><\/span><\/p>\n<\/div>\n<div style=\"text-align: center;\" data-blogger-escaped-style=\"text-align: center;\">\n<p><span style=\"font-family: Georgia, Palatino; font-size: 14pt;\"><a href=\"http:\/\/2.bp.blogspot.com\/-va-e1iofB18\/V1AlDHNHe4I\/AAAAAAAACFQ\/DG4UfR4PUcIRw2LgjI1HwaxBoN8K9lOcwCK4B\/s1600\/DSC07864.JPG\"><img decoding=\"async\" loading=\"lazy\" src=\"https:\/\/2.bp.blogspot.com\/-va-e1iofB18\/V1AlDHNHe4I\/AAAAAAAACFQ\/DG4UfR4PUcIRw2LgjI1HwaxBoN8K9lOcwCK4B\/s320\/DSC07864.JPG\" width=\"320\" height=\"240\" border=\"0\" \/><\/a>\u00a0<a href=\"http:\/\/4.bp.blogspot.com\/-zMFdg2VMj-k\/V1AlAI-tWCI\/AAAAAAAACFI\/r6o-TfEejMIZQbBJCvyazglAFoWy0QNqgCK4B\/s1600\/DSC07866.JPG\"><img decoding=\"async\" loading=\"lazy\" src=\"https:\/\/4.bp.blogspot.com\/-zMFdg2VMj-k\/V1AlAI-tWCI\/AAAAAAAACFI\/r6o-TfEejMIZQbBJCvyazglAFoWy0QNqgCK4B\/s320\/DSC07866.JPG\" width=\"320\" height=\"240\" border=\"0\" \/><\/a><\/span><\/p>\n<\/div>\n<div style=\"text-align: center;\" data-blogger-escaped-style=\"text-align: center;\">\n<p><span style=\"font-family: Georgia, Palatino; font-size: 14pt;\" data-blogger-escaped-style=\"color: blue; font-size: large;\">Un petit coin de tranquillit\u00e9 et po\u00e9sie avec <\/span><\/p>\n<\/div>\n<div style=\"text-align: center;\" data-blogger-escaped-style=\"text-align: center;\">\n<p><span style=\"font-family: Georgia, Palatino; font-size: 14pt;\" data-blogger-escaped-style=\"color: blue; font-size: large;\">La Fontaine o\u00f9 les fables sont cont\u00e9s <\/span><\/p>\n<\/div>\n<div style=\"text-align: center;\" data-blogger-escaped-style=\"text-align: center;\">\n<p><span style=\"font-family: Georgia, Palatino; font-size: 14pt;\" data-blogger-escaped-style=\"color: blue; font-size: large;\">et o\u00f9 les animaux et la nature prennent vie. <\/span><\/p>\n<\/div>\n<div style=\"text-align: center;\" data-blogger-escaped-style=\"text-align: center;\">\n<p><span style=\"font-family: Georgia, Palatino; font-size: 14pt;\" data-blogger-escaped-style=\"color: blue; font-size: large;\">C&rsquo;est magique.<\/span><\/p>\n<\/div>\n<div style=\"text-align: center;\" data-blogger-escaped-style=\"text-align: center;\">\n<p><span style=\"font-family: Georgia, Palatino; font-size: 14pt;\"><a href=\"http:\/\/1.bp.blogspot.com\/-k5-f2BotR7s\/V1AnG8WH5zI\/AAAAAAAACIE\/YzEnHgWwuoYHzIYzDVGCfRtC3XEVJmmzgCK4B\/s1600\/DSC07883.JPG\"><img decoding=\"async\" loading=\"lazy\" src=\"https:\/\/1.bp.blogspot.com\/-k5-f2BotR7s\/V1AnG8WH5zI\/AAAAAAAACIE\/YzEnHgWwuoYHzIYzDVGCfRtC3XEVJmmzgCK4B\/s320\/DSC07883.JPG\" width=\"320\" height=\"240\" border=\"0\" \/><\/a>\u00a0<a href=\"http:\/\/2.bp.blogspot.com\/-T5bEiKaxgmc\/V1AnFgDd2iI\/AAAAAAAACHw\/wF6C0s5VlIIJg0MoWAprLXe2taX77ODVwCK4B\/s1600\/DSC07895.JPG\"><img decoding=\"async\" loading=\"lazy\" src=\"https:\/\/2.bp.blogspot.com\/-T5bEiKaxgmc\/V1AnFgDd2iI\/AAAAAAAACHw\/wF6C0s5VlIIJg0MoWAprLXe2taX77ODVwCK4B\/s320\/DSC07895.JPG\" width=\"320\" height=\"240\" border=\"0\" \/><\/a><\/span><\/p>\n<\/div>\n<div style=\"text-align: center;\" data-blogger-escaped-style=\"text-align: center;\">\n<p><span style=\"font-family: Georgia, Palatino; font-size: 14pt;\"><a href=\"http:\/\/4.bp.blogspot.com\/-AIN16y9aTUc\/V1AmdNU5BzI\/AAAAAAAACGo\/Qt527ZfMydkAd7t6pieFLGjLTdNQiYbFgCK4B\/s1600\/DSC07896.JPG\"><img decoding=\"async\" loading=\"lazy\" src=\"https:\/\/4.bp.blogspot.com\/-AIN16y9aTUc\/V1AmdNU5BzI\/AAAAAAAACGo\/Qt527ZfMydkAd7t6pieFLGjLTdNQiYbFgCK4B\/s320\/DSC07896.JPG\" width=\"240\" height=\"320\" border=\"0\" \/><\/a>\u00a0<a href=\"http:\/\/2.bp.blogspot.com\/-zfmzGhGxzCE\/V1AnFYK23yI\/AAAAAAAACHg\/5EIyavMqBWI5qGPilBfwS2H_vB4hm614QCK4B\/s1600\/DSC07884.JPG\"><img decoding=\"async\" loading=\"lazy\" src=\"https:\/\/2.bp.blogspot.com\/-zfmzGhGxzCE\/V1AnFYK23yI\/AAAAAAAACHg\/5EIyavMqBWI5qGPilBfwS2H_vB4hm614QCK4B\/s320\/DSC07884.JPG\" width=\"320\" height=\"240\" border=\"0\" \/><\/a><\/span><\/p>\n<\/div>\n<div style=\"text-align: center;\" data-blogger-escaped-style=\"text-align: center;\">\n<p><span style=\"font-family: Georgia, Palatino; font-size: 14pt;\"><a href=\"http:\/\/1.bp.blogspot.com\/-qqMiYAIwK4E\/V1AmepyUW4I\/AAAAAAAACG8\/oEOpf2AvRP4uJLsA7rc-N_lSsW6UGuBxwCK4B\/s1600\/DSC07885.JPG\"><img decoding=\"async\" loading=\"lazy\" src=\"https:\/\/1.bp.blogspot.com\/-qqMiYAIwK4E\/V1AmepyUW4I\/AAAAAAAACG8\/oEOpf2AvRP4uJLsA7rc-N_lSsW6UGuBxwCK4B\/s320\/DSC07885.JPG\" width=\"320\" height=\"240\" border=\"0\" \/><\/a>\u00a0<a href=\"http:\/\/4.bp.blogspot.com\/-QFbIiQE1ui8\/V1AmfMyZdGI\/AAAAAAAACHE\/hRft0GZ6P4UTqe44a6vLQETj5mqb176XgCK4B\/s1600\/DSC07887.JPG\"><img decoding=\"async\" loading=\"lazy\" src=\"https:\/\/4.bp.blogspot.com\/-QFbIiQE1ui8\/V1AmfMyZdGI\/AAAAAAAACHE\/hRft0GZ6P4UTqe44a6vLQETj5mqb176XgCK4B\/s320\/DSC07887.JPG\" width=\"320\" height=\"240\" border=\"0\" \/><\/a><\/span><span style=\"font-family: Georgia, Palatino; font-size: 14pt;\">\u00a0<\/span><\/p>\n<\/div>\n<div style=\"text-align: center;\" data-blogger-escaped-style=\"text-align: center;\">\n<p><span style=\"font-family: Georgia, Palatino; font-size: 14pt;\"><a href=\"http:\/\/1.bp.blogspot.com\/-CMXDyGN8OA4\/V1Amatm4CjI\/AAAAAAAACGc\/IM8uw9ROi2kiwcy6Lp2BYvv5NQJM6P5fgCK4B\/s1600\/DSC07888.JPG\"><img decoding=\"async\" loading=\"lazy\" src=\"https:\/\/1.bp.blogspot.com\/-CMXDyGN8OA4\/V1Amatm4CjI\/AAAAAAAACGc\/IM8uw9ROi2kiwcy6Lp2BYvv5NQJM6P5fgCK4B\/s320\/DSC07888.JPG\" width=\"240\" height=\"320\" border=\"0\" \/><\/a><a href=\"http:\/\/1.bp.blogspot.com\/-b5yo6ApQ64s\/V1Ami7ijHhI\/AAAAAAAACHM\/JmoJmOQy_NMmzU5B2lGoU0gqTrnQjjL7wCK4B\/s1600\/DSC07890.JPG\">\u00a0<img decoding=\"async\" loading=\"lazy\" src=\"https:\/\/1.bp.blogspot.com\/-b5yo6ApQ64s\/V1Ami7ijHhI\/AAAAAAAACHM\/JmoJmOQy_NMmzU5B2lGoU0gqTrnQjjL7wCK4B\/s320\/DSC07890.JPG\" width=\"320\" height=\"240\" border=\"0\" \/><\/a><\/span><\/p>\n<\/div>\n<div style=\"text-align: center;\" data-blogger-escaped-style=\"text-align: center;\">\n<p><span style=\"font-family: Georgia, Palatino; font-size: 14pt;\" data-blogger-escaped-style=\"color: blue; font-size: large;\">C&rsquo;est un parc magnifique <\/span><\/p>\n<\/div>\n<div style=\"text-align: center;\" data-blogger-escaped-style=\"text-align: center;\">\n<p><span style=\"font-family: Georgia, Palatino; font-size: 14pt;\" data-blogger-escaped-style=\"color: blue; font-size: large;\">tant dans les d\u00e9cors que dans les spectacles !<\/span><\/p>\n<\/div>\n<div style=\"text-align: center;\" data-blogger-escaped-style=\"text-align: center;\">\n<p><span style=\"font-family: Georgia, Palatino; font-size: 14pt;\" data-blogger-escaped-style=\"color: blue; font-size: large;\">Beaucoup d&rsquo;autres spectacles que nous avons fait <\/span><\/p>\n<\/div>\n<div style=\"text-align: center;\" data-blogger-escaped-style=\"text-align: center;\">\n<p><span style=\"font-family: Georgia, Palatino; font-size: 14pt;\" data-blogger-escaped-style=\"color: blue; font-size: large;\">mais pas pu prendre en photos ou vid\u00e9os !<\/span><\/p>\n<\/div>\n<div data-blogger-escaped-style=\"text-align: center;\">\n<p style=\"text-align: center;\"><span style=\"font-family: Georgia, Palatino; font-size: 14pt;\" data-blogger-escaped-style=\"color: blue; font-size: large;\">Un super souvenir !<\/span><\/p>\n<\/div>\n","protected":false},"excerpt":{"rendered":"<p>2015 Nous sommes all\u00e9s au parc du Puy du Fou pendant nos vacances en Bretagne. Ce n&rsquo;est pas un parc d&rsquo;attractions mais un parc de spectales ! Nous sommes en camping car avec le cousin d&rsquo;Enric sur l&rsquo;aire de camping car du parc. Il fait pas tr\u00e8s chaud le soir, nous sommes pr\u00e8s de la Bretagne !!! \u00a0 D\u00e8s le lendemain, nous nous rendons au parc &#8230; Nous commen\u00e7ons par le village. \u00a0 \u00a0 \u00a0\u00a0 \u00a0 \u00a0 Nous d\u00e9couvrons les&#8230;<\/p>\n<p class=\"read-more\"><a class=\"btn btn-default\" href=\"https:\/\/initiation-voyages.fr\/index.php\/puy-du-fou\/\">Lire la suite<span class=\"screen-reader-text\"> Lire la suite<\/span><\/a><\/p>\n","protected":false},"author":1,"featured_media":0,"parent":0,"menu_order":0,"comment_status":"closed","ping_status":"closed","template":"","meta":[],"_links":{"self":[{"href":"https:\/\/initiation-voyages.fr\/index.php\/wp-json\/wp\/v2\/pages\/280"}],"collection":[{"href":"https:\/\/initiation-voyages.fr\/index.php\/wp-json\/wp\/v2\/pages"}],"about":[{"href":"https:\/\/initiation-voyages.fr\/index.php\/wp-json\/wp\/v2\/types\/page"}],"author":[{"embeddable":true,"href":"https:\/\/initiation-voyages.fr\/index.php\/wp-json\/wp\/v2\/users\/1"}],"replies":[{"embeddable":true,"href":"https:\/\/initiation-voyages.fr\/index.php\/wp-json\/wp\/v2\/comments?post=280"}],"version-history":[{"count":3,"href":"https:\/\/initiation-voyages.fr\/index.php\/wp-json\/wp\/v2\/pages\/280\/revisions"}],"predecessor-version":[{"id":557,"href":"https:\/\/initiation-voyages.fr\/index.php\/wp-json\/wp\/v2\/pages\/280\/revisions\/557"}],"wp:attachment":[{"href":"https:\/\/initiation-voyages.fr\/index.php\/wp-json\/wp\/v2\/media?parent=280"}],"curies":[{"name":"wp","href":"https:\/\/api.w.org\/{rel}","templated":true}]}}