{"id":274,"date":"2018-02-22T22:06:40","date_gmt":"2018-02-22T21:06:40","guid":{"rendered":"http:\/\/initiation-voyages.fr\/?page_id=274"},"modified":"2018-02-22T22:06:40","modified_gmt":"2018-02-22T21:06:40","slug":"cote-catalane","status":"publish","type":"page","link":"https:\/\/initiation-voyages.fr\/index.php\/cote-catalane\/","title":{"rendered":"COTE CATALANE"},"content":{"rendered":"<div data-blogger-escaped-style=\"text-align: left;\">\n<p style=\"text-align: center;\"><span style=\"font-family: Georgia, Palatino; font-size: 24pt;\">\u00a02014<\/span><\/p>\n<\/div>\n<div style=\"text-align: center;\" data-blogger-escaped-style=\"text-align: center;\">\n<p><span style=\"font-family: Georgia, Palatino; font-size: 14pt;\" data-blogger-escaped-style=\"color: blue; font-size: large;\">\u00a0Cette ann\u00e9e, nous optons pour des vacances en camping car sur les c\u00f4tes de la Catalogne.<\/span><\/p>\n<\/div>\n<div style=\"text-align: center;\" data-blogger-escaped-style=\"text-align: center;\">\n<p><span style=\"font-family: Georgia, Palatino; font-size: 14pt;\">\u00a0<a href=\"http:\/\/3.bp.blogspot.com\/-v-TVSCspy_E\/V1V1ER6yUFI\/AAAAAAAADDU\/0RdbRe6-XEEeuFxKMuK6O64KaEX3xoeIACK4B\/s1600\/vacances%2B2014%2B%252859%2529.jpg\"><img decoding=\"async\" loading=\"lazy\" src=\"https:\/\/3.bp.blogspot.com\/-v-TVSCspy_E\/V1V1ER6yUFI\/AAAAAAAADDU\/0RdbRe6-XEEeuFxKMuK6O64KaEX3xoeIACK4B\/s320\/vacances%2B2014%2B%252859%2529.jpg\" width=\"240\" height=\"320\" border=\"0\" \/><\/a><\/span><\/p>\n<\/div>\n<div style=\"text-align: center;\" data-blogger-escaped-style=\"text-align: center;\">\n<p><span style=\"font-size: 14pt;\"><span style=\"font-family: Georgia, Palatino;\" data-blogger-escaped-style=\"color: blue; font-size: large;\">L&rsquo;Estartit, petite <\/span>station baln\u00e9aire de la Costa Brava.<\/span><\/p>\n<p><span style=\"font-size: 14pt;\">\u00a0Elle est tr\u00e8s pris\u00e9e et l&rsquo;on peut y pratiquer le nautisme, le kayak &#8230;\u00a0 <\/span><\/p>\n<p><span style=\"font-size: 14pt;\">Elle est notamment fr\u00e9quent\u00e9e par les plongeurs europ\u00e9ens qui viennent plonger sur les Iles Medes.\u00a0\u00a0<\/span><\/p>\n<\/div>\n<div style=\"text-align: center;\" data-blogger-escaped-style=\"text-align: center;\">\n<p><span style=\"font-family: Georgia, Palatino; font-size: 14pt;\"><a href=\"http:\/\/3.bp.blogspot.com\/-7GW4GGyQpIU\/V1V4FvRFBTI\/AAAAAAAADG8\/p29giNUHA3A_SLzxnobodHrOjmiwtkCTACK4B\/s1600\/vacances%2B2014%2B%2528132%2529.jpg\"><img decoding=\"async\" loading=\"lazy\" src=\"https:\/\/3.bp.blogspot.com\/-7GW4GGyQpIU\/V1V4FvRFBTI\/AAAAAAAADG8\/p29giNUHA3A_SLzxnobodHrOjmiwtkCTACK4B\/s320\/vacances%2B2014%2B%2528132%2529.jpg\" width=\"320\" height=\"240\" border=\"0\" \/><\/a>\u00a0<a href=\"http:\/\/2.bp.blogspot.com\/-H0Wk6jXeXlg\/V1V4FMY-FgI\/AAAAAAAADG0\/dPAWWWjJi24_UtFs8iM8I9Q_E7GR3Px-gCK4B\/s1600\/vacances%2B2014%2B%2528134%2529.jpg\"><img decoding=\"async\" loading=\"lazy\" src=\"https:\/\/2.bp.blogspot.com\/-H0Wk6jXeXlg\/V1V4FMY-FgI\/AAAAAAAADG0\/dPAWWWjJi24_UtFs8iM8I9Q_E7GR3Px-gCK4B\/s320\/vacances%2B2014%2B%2528134%2529.jpg\" width=\"320\" height=\"240\" border=\"0\" \/><\/a><\/span><\/p>\n<\/div>\n<div style=\"text-align: center;\" data-blogger-escaped-style=\"text-align: center;\">\n<p><span style=\"font-family: Georgia, Palatino; font-size: 14pt;\"><a href=\"http:\/\/3.bp.blogspot.com\/-258FzCpWiAY\/V1V381GQfuI\/AAAAAAAADGs\/M-_LCFTS614ldMeJkW2FiLNMvP-jjqi8gCK4B\/s1600\/vacances%2B2014%2B%2528140%2529.jpg\"><img decoding=\"async\" loading=\"lazy\" src=\"https:\/\/3.bp.blogspot.com\/-258FzCpWiAY\/V1V381GQfuI\/AAAAAAAADGs\/M-_LCFTS614ldMeJkW2FiLNMvP-jjqi8gCK4B\/s320\/vacances%2B2014%2B%2528140%2529.jpg\" width=\"320\" height=\"240\" border=\"0\" \/><\/a>\u00a0<a href=\"http:\/\/4.bp.blogspot.com\/-SS4WuCCY-RM\/V1V25hIagzI\/AAAAAAAADFQ\/a5JwgJgyFh0SSrlC0UNvLvOpELurGc5BgCK4B\/s1600\/vacances%2B2014%2B%2528143%2529.jpg\"><img decoding=\"async\" loading=\"lazy\" src=\"https:\/\/4.bp.blogspot.com\/-SS4WuCCY-RM\/V1V25hIagzI\/AAAAAAAADFQ\/a5JwgJgyFh0SSrlC0UNvLvOpELurGc5BgCK4B\/s320\/vacances%2B2014%2B%2528143%2529.jpg\" width=\"240\" height=\"320\" border=\"0\" \/><\/a><\/span><\/p>\n<\/div>\n<div style=\"text-align: center;\" data-blogger-escaped-style=\"text-align: center;\">\n<p><span style=\"font-family: Georgia, Palatino; font-size: 14pt;\"><a href=\"http:\/\/3.bp.blogspot.com\/-pp9l6v0LOOA\/V1V2Gm7ZJWI\/AAAAAAAADE0\/4AHXoHByHjU9g5BE1vCpzZw_FP0fRvWxACK4B\/s1600\/vacances%2B2014%2B%2528125%2529.jpg\"><img decoding=\"async\" loading=\"lazy\" src=\"https:\/\/3.bp.blogspot.com\/-pp9l6v0LOOA\/V1V2Gm7ZJWI\/AAAAAAAADE0\/4AHXoHByHjU9g5BE1vCpzZw_FP0fRvWxACK4B\/s320\/vacances%2B2014%2B%2528125%2529.jpg\" width=\"240\" height=\"320\" border=\"0\" \/><\/a><\/span><\/p>\n<\/div>\n<div style=\"text-align: center;\" data-blogger-escaped-style=\"text-align: center;\">\n<p><span style=\"font-family: Georgia, Palatino; font-size: 14pt;\">\u00a0<a href=\"http:\/\/1.bp.blogspot.com\/-j8WSP1qDMm8\/V1V2_09KEGI\/AAAAAAAADFw\/vsJIwUSm0q0DCF3ZCtiK-OvOhBEq01buwCK4B\/s1600\/vacances%2B2014%2B%2528146%2529.jpg\"><img decoding=\"async\" loading=\"lazy\" src=\"https:\/\/1.bp.blogspot.com\/-j8WSP1qDMm8\/V1V2_09KEGI\/AAAAAAAADFw\/vsJIwUSm0q0DCF3ZCtiK-OvOhBEq01buwCK4B\/s320\/vacances%2B2014%2B%2528146%2529.jpg\" width=\"320\" height=\"240\" border=\"0\" \/><\/a><\/span><span style=\"font-family: Georgia, Palatino; font-size: 14pt;\">\u00a0<\/span><\/p>\n<\/div>\n<div style=\"text-align: center;\" data-blogger-escaped-style=\"text-align: center;\">\n<p><span style=\"font-family: Georgia, Palatino; font-size: 14pt;\" data-blogger-escaped-style=\"color: blue; font-size: large;\">Agua Blava<\/span><span style=\"font-family: Georgia, Palatino; font-size: 14pt;\">\u00a0<\/span><\/p>\n<p><span style=\"font-size: 14pt;\">Petite baie sur la Costa Brava pr\u00e8s de Begur et Palafrugell\u00a0avec une petite plage et quelques restaurants principalement de fruits de mer. <\/span><\/p>\n<p><span style=\"font-size: 14pt;\">C&rsquo;est un lieu de mouillage populaire pour les bateaux \u00e0 voile et \u00e0 moteur.<\/span><\/p>\n<\/div>\n<div style=\"text-align: center;\" data-blogger-escaped-style=\"text-align: center;\">\n<p><span style=\"font-family: Georgia, Palatino; font-size: 14pt;\"><a href=\"http:\/\/3.bp.blogspot.com\/-jEujFmN1Fc8\/V1V2_A5zKII\/AAAAAAAADFg\/-szkhB7RGHI3XD7tlNgXR81GRPGN37iQACK4B\/s1600\/vacances%2B2014%2B%2528147%2529.jpg\"><img decoding=\"async\" loading=\"lazy\" src=\"https:\/\/3.bp.blogspot.com\/-jEujFmN1Fc8\/V1V2_A5zKII\/AAAAAAAADFg\/-szkhB7RGHI3XD7tlNgXR81GRPGN37iQACK4B\/s320\/vacances%2B2014%2B%2528147%2529.jpg\" width=\"320\" height=\"240\" border=\"0\" \/><\/a>\u00a0<a href=\"http:\/\/4.bp.blogspot.com\/-Jz7TosJtsd8\/V1V4ZnYek1I\/AAAAAAAADHY\/c5xXGCC8w4AaPokjZN_-RzAUfy5NI4jigCK4B\/s1600\/vacances%2B2014%2B%2528148%2529.jpg\"><img decoding=\"async\" loading=\"lazy\" src=\"https:\/\/4.bp.blogspot.com\/-Jz7TosJtsd8\/V1V4ZnYek1I\/AAAAAAAADHY\/c5xXGCC8w4AaPokjZN_-RzAUfy5NI4jigCK4B\/s320\/vacances%2B2014%2B%2528148%2529.jpg\" width=\"320\" height=\"240\" border=\"0\" \/><\/a><\/span><\/p>\n<\/div>\n<div style=\"text-align: center;\" data-blogger-escaped-style=\"text-align: center;\">\n<p><span style=\"font-size: 14pt;\"><span style=\"font-family: Georgia, Palatino;\" data-blogger-escaped-style=\"color: blue; font-size: large;\">Tamariu, <\/span>un village espagnol situ\u00e9 sur la Costa Brava.<\/span><\/p>\n<\/div>\n<div style=\"text-align: center;\" data-blogger-escaped-style=\"text-align: center;\">\n<p><span style=\"font-family: Georgia, Palatino; font-size: 14pt;\"><a href=\"http:\/\/4.bp.blogspot.com\/-KOVd7q0g-vw\/V1V4LxGhJSI\/AAAAAAAADHE\/bScMm-POP2QJUIcE1bLo6XUfdK7KhkkwACK4B\/s1600\/vacances%2B2014%2B%2528150%2529.jpg\"><img decoding=\"async\" loading=\"lazy\" src=\"https:\/\/4.bp.blogspot.com\/-KOVd7q0g-vw\/V1V4LxGhJSI\/AAAAAAAADHE\/bScMm-POP2QJUIcE1bLo6XUfdK7KhkkwACK4B\/s320\/vacances%2B2014%2B%2528150%2529.jpg\" width=\"320\" height=\"240\" border=\"0\" \/><\/a>\u00a0<a href=\"http:\/\/4.bp.blogspot.com\/-RsqtzQ01eaY\/V1V2_m26liI\/AAAAAAAADFo\/b501kH_QBYwszmew0YvDef6JNE_5TRYqgCK4B\/s1600\/vacances%2B2014%2B%2528161%2529.jpg\"><img decoding=\"async\" loading=\"lazy\" src=\"https:\/\/4.bp.blogspot.com\/-RsqtzQ01eaY\/V1V2_m26liI\/AAAAAAAADFo\/b501kH_QBYwszmew0YvDef6JNE_5TRYqgCK4B\/s320\/vacances%2B2014%2B%2528161%2529.jpg\" width=\"320\" height=\"240\" border=\"0\" \/><\/a><\/span><\/p>\n<\/div>\n<div style=\"text-align: center;\" data-blogger-escaped-style=\"text-align: center;\">\n<p><span style=\"font-family: Georgia, Palatino; font-size: 14pt;\"><a href=\"http:\/\/2.bp.blogspot.com\/-A3resZkb_KI\/V1V2-BfOyfI\/AAAAAAAADFY\/IbpW4nrZtGYoBjG_mf-MrD4WH_uiZ0HuwCK4B\/s1600\/vacances%2B2014%2B%2528164%2529.jpg\"><img decoding=\"async\" loading=\"lazy\" src=\"https:\/\/2.bp.blogspot.com\/-A3resZkb_KI\/V1V2-BfOyfI\/AAAAAAAADFY\/IbpW4nrZtGYoBjG_mf-MrD4WH_uiZ0HuwCK4B\/s320\/vacances%2B2014%2B%2528164%2529.jpg\" width=\"320\" height=\"240\" border=\"0\" \/><\/a>\u00a0<a href=\"http:\/\/3.bp.blogspot.com\/-EzIhzaeXm-g\/V1V3zTtWgDI\/AAAAAAAADGI\/Ks9lwOM38bY85g9u7cQntgh9kCV4MRSkQCK4B\/s1600\/vacances%2B2014%2B%2528203%2529.jpg\"><img decoding=\"async\" loading=\"lazy\" src=\"https:\/\/3.bp.blogspot.com\/-EzIhzaeXm-g\/V1V3zTtWgDI\/AAAAAAAADGI\/Ks9lwOM38bY85g9u7cQntgh9kCV4MRSkQCK4B\/s320\/vacances%2B2014%2B%2528203%2529.jpg\" width=\"240\" height=\"320\" border=\"0\" \/><\/a><\/span><\/p>\n<\/div>\n<div style=\"text-align: center;\" data-blogger-escaped-style=\"text-align: center;\">\n<p><span style=\"font-family: Georgia, Palatino; font-size: 14pt;\"><a href=\"http:\/\/3.bp.blogspot.com\/-Izo1Ij5kAOQ\/V1V3ygB9AcI\/AAAAAAAADGA\/UfRXfUcmVZgJdWivcPv288Dw-GaG2ptZACK4B\/s1600\/vacances%2B2014%2B%2528204%2529.jpg\"><img decoding=\"async\" loading=\"lazy\" src=\"https:\/\/3.bp.blogspot.com\/-Izo1Ij5kAOQ\/V1V3ygB9AcI\/AAAAAAAADGA\/UfRXfUcmVZgJdWivcPv288Dw-GaG2ptZACK4B\/s320\/vacances%2B2014%2B%2528204%2529.jpg\" width=\"240\" height=\"320\" border=\"0\" \/><\/a><\/span><\/p>\n<\/div>\n<div style=\"text-align: center;\" data-blogger-escaped-style=\"text-align: center;\">\n<p><span style=\"font-family: Georgia, Palatino; font-size: 14pt;\" data-blogger-escaped-style=\"color: blue; font-size: large;\">Cala Salions i Giverola<\/span><\/p>\n<\/div>\n<div style=\"text-align: center;\" data-blogger-escaped-style=\"text-align: center;\">\n<p><span style=\"font-family: Georgia, Palatino; font-size: 14pt;\"><a href=\"http:\/\/3.bp.blogspot.com\/-ijuFjV9aDLQ\/V1V3z6JUIVI\/AAAAAAAADGQ\/ROIK_6_nzlkwHnp6_83gaIM8dMIdAiN1gCK4B\/s1600\/vacances%2B2014%2B%2528173%2529.jpg\"><img decoding=\"async\" loading=\"lazy\" src=\"https:\/\/3.bp.blogspot.com\/-ijuFjV9aDLQ\/V1V3z6JUIVI\/AAAAAAAADGQ\/ROIK_6_nzlkwHnp6_83gaIM8dMIdAiN1gCK4B\/s320\/vacances%2B2014%2B%2528173%2529.jpg\" width=\"320\" height=\"240\" border=\"0\" \/><\/a><\/span><\/p>\n<\/div>\n<div style=\"text-align: center;\" data-blogger-escaped-style=\"text-align: center;\">\n<p><span style=\"font-family: Georgia, Palatino; font-size: 14pt;\"><a href=\"http:\/\/1.bp.blogspot.com\/-SNl5etEYBQY\/V1V30Tn4RwI\/AAAAAAAADGY\/PBsgxlzKOG0aSOzX1EHWVyuCzX9VDcKtACK4B\/s1600\/vacances%2B2014%2B%2528176%2529.jpg\"><img decoding=\"async\" loading=\"lazy\" src=\"https:\/\/1.bp.blogspot.com\/-SNl5etEYBQY\/V1V30Tn4RwI\/AAAAAAAADGY\/PBsgxlzKOG0aSOzX1EHWVyuCzX9VDcKtACK4B\/s320\/vacances%2B2014%2B%2528176%2529.jpg\" width=\"320\" height=\"240\" border=\"0\" \/><\/a>\u00a0<a href=\"http:\/\/2.bp.blogspot.com\/-IeX684ql-vA\/V1V4h37XDUI\/AAAAAAAADIA\/waKvjmaCIlc-bW82UpsjPf1hsakneNzZwCK4B\/s1600\/vacances%2B2014%2B%2528179%2529.jpg\"><img decoding=\"async\" loading=\"lazy\" src=\"https:\/\/2.bp.blogspot.com\/-IeX684ql-vA\/V1V4h37XDUI\/AAAAAAAADIA\/waKvjmaCIlc-bW82UpsjPf1hsakneNzZwCK4B\/s320\/vacances%2B2014%2B%2528179%2529.jpg\" width=\"320\" height=\"240\" border=\"0\" \/><\/a><\/span><span style=\"font-family: Georgia, Palatino; font-size: 14pt;\" data-blogger-escaped-style=\"color: blue; font-size: large;\">\u00a0<\/span><\/p>\n<\/div>\n<div style=\"text-align: center;\" data-blogger-escaped-style=\"text-align: center;\">\n<p><span style=\"font-family: Georgia, Palatino; font-size: 14pt;\"><a href=\"http:\/\/1.bp.blogspot.com\/-4PYaqQeV43k\/V1V31jrP1EI\/AAAAAAAADGg\/uSQrDbxxLG0un3kYaiaCX4-7eDdUCIVSACK4B\/s1600\/vacances%2B2014%2B%2528182%2529.jpg\"><img decoding=\"async\" loading=\"lazy\" src=\"https:\/\/1.bp.blogspot.com\/-4PYaqQeV43k\/V1V31jrP1EI\/AAAAAAAADGg\/uSQrDbxxLG0un3kYaiaCX4-7eDdUCIVSACK4B\/s320\/vacances%2B2014%2B%2528182%2529.jpg\" width=\"320\" height=\"240\" border=\"0\" \/><\/a>\u00a0<a href=\"http:\/\/2.bp.blogspot.com\/-4Kdn4WbrUi0\/V1V4cxE7pQI\/AAAAAAAADHo\/3Ni8uTlCz5waGUlxiGTgm8aNnlioINhBwCK4B\/s1600\/vacances%2B2014%2B%2528192%2529.jpg\"><img decoding=\"async\" loading=\"lazy\" src=\"https:\/\/2.bp.blogspot.com\/-4Kdn4WbrUi0\/V1V4cxE7pQI\/AAAAAAAADHo\/3Ni8uTlCz5waGUlxiGTgm8aNnlioINhBwCK4B\/s320\/vacances%2B2014%2B%2528192%2529.jpg\" width=\"320\" height=\"240\" border=\"0\" \/><\/a><\/span><\/p>\n<\/div>\n<div style=\"text-align: center;\" data-blogger-escaped-style=\"text-align: center;\">\n<p><span style=\"font-family: Georgia, Palatino; font-size: 14pt;\"><a href=\"http:\/\/4.bp.blogspot.com\/-2TAN0hCbZhc\/V1V4dCN8_jI\/AAAAAAAADHw\/L4rG9LrIG7kPDIYHGPluwCNiY2jK5rZJACK4B\/s1600\/vacances%2B2014%2B%2528196%2529.jpg\"><img decoding=\"async\" loading=\"lazy\" src=\"https:\/\/4.bp.blogspot.com\/-2TAN0hCbZhc\/V1V4dCN8_jI\/AAAAAAAADHw\/L4rG9LrIG7kPDIYHGPluwCNiY2jK5rZJACK4B\/s320\/vacances%2B2014%2B%2528196%2529.jpg\" width=\"320\" height=\"240\" border=\"0\" \/><\/a><\/span><\/p>\n<\/div>\n<div style=\"text-align: center;\" data-blogger-escaped-style=\"text-align: center;\">\n<p><span style=\"font-family: Georgia, Palatino; font-size: 14pt;\" data-blogger-escaped-style=\"color: blue; font-size: large;\">Un peu de p\u00eache \u00e0 Tossa de Mar.<\/span><\/p>\n<p><span style=\"font-size: 14pt;\">Tossa de Mar est situ\u00e9e en bord de mer.<\/span><\/p>\n<p><span style=\"font-size: 14pt;\">C\u2019est une station baln\u00e9aire c\u00e9l\u00e8bre pour ses maisons blanches et ses nombreuses plages. <\/span><\/p>\n<p><span style=\"font-size: 14pt;\">C\u2019est un des quelques villages maritimes o\u00f9 la for\u00eat arrive encore jusqu\u2019\u00e0 la mer. <\/span><\/p>\n<p><span style=\"font-size: 14pt;\">Il est divis\u00e9 en deux parties diff\u00e9rentes\u00a0: <\/span><\/p>\n<p><span style=\"font-size: 14pt;\">la Vieille ville aux murailles m\u00e9di\u00e9vales c\u00e9l\u00e8bres et la ville basse plus urbanis\u00e9e, plus moderne.<\/span><\/p>\n<\/div>\n<div style=\"text-align: center;\" data-blogger-escaped-style=\"text-align: center;\">\n<p><span style=\"font-family: Georgia, Palatino; font-size: 14pt;\"><a href=\"http:\/\/1.bp.blogspot.com\/-QAVW90Rde_Y\/V1V4b-py-pI\/AAAAAAAADHg\/vOzXyrRwmHQ2gj5wDvuj5xBTqb9G--0bwCK4B\/s1600\/vacances%2B2014%2B%2528199%2529.jpg\"><img decoding=\"async\" loading=\"lazy\" src=\"https:\/\/1.bp.blogspot.com\/-QAVW90Rde_Y\/V1V4b-py-pI\/AAAAAAAADHg\/vOzXyrRwmHQ2gj5wDvuj5xBTqb9G--0bwCK4B\/s320\/vacances%2B2014%2B%2528199%2529.jpg\" width=\"240\" height=\"320\" border=\"0\" \/><\/a>\u00a0<a href=\"http:\/\/3.bp.blogspot.com\/-Tco_IiaBb7w\/V1V4d9jMZ9I\/AAAAAAAADH4\/tX85tTuEuVkX_eaNTIFMvUvhYTWFOgvgwCK4B\/s1600\/vacances%2B2014%2B%2528198%2529.jpg\"><img decoding=\"async\" loading=\"lazy\" src=\"https:\/\/3.bp.blogspot.com\/-Tco_IiaBb7w\/V1V4d9jMZ9I\/AAAAAAAADH4\/tX85tTuEuVkX_eaNTIFMvUvhYTWFOgvgwCK4B\/s320\/vacances%2B2014%2B%2528198%2529.jpg\" width=\"240\" height=\"320\" border=\"0\" \/><\/a><\/span><\/p>\n<\/div>\n<div style=\"text-align: center;\" data-blogger-escaped-style=\"text-align: center;\">\n<p><span style=\"font-size: 14pt;\"><span style=\"font-family: 'Arial',sans-serif;\">Cadaqu\u00e8s est la ville\u00a0la plus orientale de l&rsquo;Espagne<\/span><span style=\"font-family: 'Arial',sans-serif;\"> continentale. <\/span><\/span><\/p>\n<p><span style=\"font-family: 'Arial',sans-serif; font-size: 14pt;\">Beaucoup de bandes de pirates venaient autrefois se r\u00e9fugier apr\u00e8s avoir attaqu\u00e9 les navires en haute mer. <\/span><\/p>\n<p><span style=\"font-size: 14pt;\"><span style=\"font-family: 'Arial',sans-serif;\">Cadaqu\u00e9s doit son charme intact \u00e0 <\/span><span style=\"font-family: 'Arial',sans-serif;\">Salvador Dali qui l&rsquo;a d\u00e9fendue contre les promoteurs immobiliers.<\/span><\/span><\/p>\n<\/div>\n<div style=\"text-align: center;\" data-blogger-escaped-style=\"text-align: center;\">\n<p><span style=\"font-family: Georgia, Palatino; font-size: 14pt;\"><a href=\"http:\/\/2.bp.blogspot.com\/-DuYdaeGwrcc\/V1V1CmEgevI\/AAAAAAAADDM\/SdPQ_YnsjJYueTbBLYeHGTJShZ698MCWwCK4B\/s1600\/vacances%2B2014%2B%252893%2529.jpg\"><img decoding=\"async\" loading=\"lazy\" src=\"https:\/\/2.bp.blogspot.com\/-DuYdaeGwrcc\/V1V1CmEgevI\/AAAAAAAADDM\/SdPQ_YnsjJYueTbBLYeHGTJShZ698MCWwCK4B\/s320\/vacances%2B2014%2B%252893%2529.jpg\" width=\"320\" height=\"240\" border=\"0\" \/><\/a><\/span><span style=\"font-family: Georgia, Palatino; font-size: 14pt;\">\u00a0<a href=\"http:\/\/4.bp.blogspot.com\/-LMIp9qiznBo\/V1V11-dZOsI\/AAAAAAAADEA\/flG_bQZI3iYRtFlcDpnO83LJie_VPZjjQCK4B\/s1600\/vacances%2B2014%2B%2528105%2529.jpg\"><img decoding=\"async\" loading=\"lazy\" src=\"https:\/\/4.bp.blogspot.com\/-LMIp9qiznBo\/V1V11-dZOsI\/AAAAAAAADEA\/flG_bQZI3iYRtFlcDpnO83LJie_VPZjjQCK4B\/s320\/vacances%2B2014%2B%2528105%2529.jpg\" width=\"320\" height=\"240\" border=\"0\" \/><\/a><\/span><\/p>\n<\/div>\n<div style=\"text-align: center;\" data-blogger-escaped-style=\"text-align: center;\">\n<p><span style=\"font-family: Georgia, Palatino; font-size: 14pt;\" data-blogger-escaped-style=\"color: blue; font-size: large;\">Mus\u00e9e Dali \u00e0 Figueras<\/span><\/p>\n<p><span style=\"font-size: 14pt;\">Le th\u00e9\u00e2tre-mus\u00e9e Dal\u00ed est un mus\u00e9e consacr\u00e9 \u00e0 l&rsquo;artiste Salvador\u00a0Dali.\u00a0<\/span><\/p>\n<p><span style=\"font-size: 14pt;\"><span style=\"font-family: 'Arial',sans-serif;\">Inaugur\u00e9 en 1974, il offre un large \u00e9ventail d\u2019\u0153uvres qui d\u00e9crivent la trajectoire artistique de l&rsquo;artiste.\u00a0<\/span> <\/span><\/p>\n<p><span style=\"font-size: 14pt;\"><span style=\"font-family: 'Arial',sans-serif;\">Depuis ses premi\u00e8res exp\u00e9riences artistiques et ses cr\u00e9ations s\u2019inscrivant dans le surr\u00e9alisme,<\/span><span style=\"font-family: 'Arial',sans-serif;\"> jusqu\u2019aux \u0153uvres des derni\u00e8res ann\u00e9es de sa vie.<\/span><\/span><\/p>\n<\/div>\n<div style=\"text-align: center;\" data-blogger-escaped-style=\"text-align: center;\">\n<p><span style=\"font-family: Georgia, Palatino; font-size: 14pt;\"><a href=\"http:\/\/1.bp.blogspot.com\/-pDpwfkiHiO4\/V1V1E1FyqgI\/AAAAAAAADDc\/vlnf6tx5IrcbJFn43IoF0tmvu1FPRgPZwCK4B\/s1600\/vacances%2B2014%2B%252873%2529.jpg\"><img decoding=\"async\" loading=\"lazy\" src=\"https:\/\/1.bp.blogspot.com\/-pDpwfkiHiO4\/V1V1E1FyqgI\/AAAAAAAADDc\/vlnf6tx5IrcbJFn43IoF0tmvu1FPRgPZwCK4B\/s320\/vacances%2B2014%2B%252873%2529.jpg\" width=\"320\" height=\"240\" border=\"0\" \/><\/a>\u00a0<\/span><\/p>\n<\/div>\n<div style=\"text-align: center;\" data-blogger-escaped-style=\"text-align: center;\">\n<p><span style=\"font-family: Georgia, Palatino; font-size: 14pt;\" data-blogger-escaped-style=\"color: blue; font-size: large;\">Port Lligat<\/span><\/p>\n<p><span style=\"font-size: 14pt;\">Petit village de p\u00eacheurs au nord de la Catalogne.\u00a0<\/span><\/p>\n<p><span style=\"font-size: 14pt;\"> Il est situ\u00e9 sur le cap de Creus,\u00a0parc naturel maritime et terrestre. <\/span><\/p>\n<p><span style=\"font-size: 14pt;\">La maison-mus\u00e9e Salvador Dal\u00ed est une maison qui, apr\u00e8s avoir \u00e9t\u00e9 la seule r\u00e9sidence stable du peintre, est aujourd&rsquo;hui un mus\u00e9e. <\/span><\/p>\n<p><span style=\"font-size: 14pt;\">\u00c0 l&rsquo;origine simple maisonnette de p\u00eacheurs, Dal\u00ed l&rsquo;agrandit successivement pour y vivre <\/span><\/p>\n<p><span style=\"font-size: 14pt;\">et travailler r\u00e9guli\u00e8rement de 1930 jusqu&rsquo;\u00e0 la mort de sa femme Gala en 1982. <\/span><\/p>\n<p><span style=\"font-size: 14pt;\">Ce village est mondialement connu pour avoir abrit\u00e9 la r\u00e9sidence principale du peintre espagnol.<\/span><\/p>\n<p><span style=\"font-size: 14pt;\">Sa pr\u00e9sence a fortement pr\u00e9serv\u00e9 le lieu, car il exigeait de ne voir aucune construction dans son panorama. <\/span><\/p>\n<p><span style=\"font-size: 14pt;\">Port Lligat est une r\u00e9f\u00e9rence au port construit sur une baie ferm\u00e9e par des \u00eeles.<\/span><\/p>\n<\/div>\n<div style=\"text-align: center;\" data-blogger-escaped-style=\"text-align: center;\">\n<p><span style=\"font-family: Georgia, Palatino; font-size: 14pt;\"><a href=\"http:\/\/3.bp.blogspot.com\/-A4Zgp4To07A\/V1V16oslnGI\/AAAAAAAADEY\/m_NGWkTiSdsJGW7ARlPrudCi38wdbw5PwCK4B\/s1600\/vacances%2B2014%2B%252897%2529.jpg\"><img decoding=\"async\" loading=\"lazy\" src=\"https:\/\/3.bp.blogspot.com\/-A4Zgp4To07A\/V1V16oslnGI\/AAAAAAAADEY\/m_NGWkTiSdsJGW7ARlPrudCi38wdbw5PwCK4B\/s320\/vacances%2B2014%2B%252897%2529.jpg\" width=\"320\" height=\"240\" border=\"0\" \/><\/a>\u00a0<a href=\"http:\/\/3.bp.blogspot.com\/-nwHPAtMZh4U\/V1V16GHnCXI\/AAAAAAAADEQ\/5VWyDiWf8qImoCdKhDH1zIOvF9vAzasvACK4B\/s1600\/vacances%2B2014%2B%252899%2529.jpg\"><img decoding=\"async\" loading=\"lazy\" src=\"https:\/\/3.bp.blogspot.com\/-nwHPAtMZh4U\/V1V16GHnCXI\/AAAAAAAADEQ\/5VWyDiWf8qImoCdKhDH1zIOvF9vAzasvACK4B\/s320\/vacances%2B2014%2B%252899%2529.jpg\" width=\"320\" height=\"240\" border=\"0\" \/><\/a><\/span><\/p>\n<\/div>\n<div style=\"text-align: center;\" data-blogger-escaped-style=\"text-align: center;\">\n<p><span style=\"font-family: Georgia, Palatino; font-size: 14pt;\"><a href=\"http:\/\/2.bp.blogspot.com\/-wB9COyFiJFU\/V1V16FgaT5I\/AAAAAAAADEM\/6RQNwR_04Z8cbR0bL9lyYMBuBGcien5IQCK4B\/s1600\/vacances%2B2014%2B%2528118%2529.jpg\"><img decoding=\"async\" loading=\"lazy\" src=\"https:\/\/2.bp.blogspot.com\/-wB9COyFiJFU\/V1V16FgaT5I\/AAAAAAAADEM\/6RQNwR_04Z8cbR0bL9lyYMBuBGcien5IQCK4B\/s320\/vacances%2B2014%2B%2528118%2529.jpg\" width=\"320\" height=\"240\" border=\"0\" \/><\/a>\u00a0<a href=\"http:\/\/2.bp.blogspot.com\/-nL5vRNY48dU\/V1V2F98zwAI\/AAAAAAAADEs\/Wnxod59O6HIQNfueMl3Z-n9ynyF9w69kQCK4B\/s1600\/vacances%2B2014%2B%2528121%2529.jpg\"><img decoding=\"async\" loading=\"lazy\" src=\"https:\/\/2.bp.blogspot.com\/-nL5vRNY48dU\/V1V2F98zwAI\/AAAAAAAADEs\/Wnxod59O6HIQNfueMl3Z-n9ynyF9w69kQCK4B\/s320\/vacances%2B2014%2B%2528121%2529.jpg\" width=\"320\" height=\"240\" border=\"0\" \/><\/a><\/span><\/p>\n<\/div>\n<div style=\"text-align: center;\" data-blogger-escaped-style=\"text-align: center;\">\n<p><span style=\"font-family: Georgia, Palatino; font-size: 14pt;\"><a href=\"http:\/\/3.bp.blogspot.com\/-0zudEWuLqBw\/V1V2HOOnvyI\/AAAAAAAADE8\/4jUbFEoPASASCDi-A2kSmugfVOtvKVV1gCK4B\/s1600\/vacances%2B2014%2B%2528120%2529.jpg\"><img decoding=\"async\" loading=\"lazy\" src=\"https:\/\/3.bp.blogspot.com\/-0zudEWuLqBw\/V1V2HOOnvyI\/AAAAAAAADE8\/4jUbFEoPASASCDi-A2kSmugfVOtvKVV1gCK4B\/s320\/vacances%2B2014%2B%2528120%2529.jpg\" width=\"320\" height=\"240\" border=\"0\" \/><\/a><\/span><\/p>\n<\/div>\n<div style=\"text-align: center;\" data-blogger-escaped-style=\"text-align: center;\"><span style=\"font-family: Georgia, Palatino; font-size: 14pt;\">\u00a0<\/span><\/div>\n<div style=\"text-align: center;\" data-blogger-escaped-style=\"text-align: center;\"><span style=\"font-family: Georgia, Palatino; font-size: 14pt;\">\u00a0<\/span><\/div>\n<div style=\"text-align: center;\" data-blogger-escaped-style=\"text-align: center;\"><span style=\"font-family: Georgia, Palatino; font-size: 14pt;\">\u00a0<\/span><\/div>\n<div style=\"text-align: center;\" data-blogger-escaped-style=\"text-align: center;\"><span style=\"font-family: Georgia, Palatino; font-size: 14pt;\">\u00a0<\/span><\/div>\n<div style=\"text-align: center;\" data-blogger-escaped-style=\"text-align: center;\"><span style=\"font-family: Georgia, Palatino; font-size: 14pt;\">\u00a0<\/span><\/div>\n<div style=\"text-align: center;\" data-blogger-escaped-style=\"text-align: center;\"><span style=\"font-family: Georgia, Palatino; font-size: 14pt;\">\u00a0<\/span><\/div>\n<div style=\"text-align: center;\" data-blogger-escaped-style=\"text-align: center;\"><span style=\"font-family: Georgia, Palatino; font-size: 14pt;\">\u00a0<\/span><\/div>\n<div style=\"text-align: center;\" data-blogger-escaped-style=\"text-align: center;\"><span style=\"font-family: Georgia, Palatino; font-size: 14pt;\">\u00a0<\/span><\/div>\n","protected":false},"excerpt":{"rendered":"<p>\u00a02014 \u00a0Cette ann\u00e9e, nous optons pour des vacances en camping car sur les c\u00f4tes de la Catalogne. \u00a0 L&rsquo;Estartit, petite station baln\u00e9aire de la Costa Brava. \u00a0Elle est tr\u00e8s pris\u00e9e et l&rsquo;on peut y pratiquer le nautisme, le kayak &#8230;\u00a0 Elle est notamment fr\u00e9quent\u00e9e par les plongeurs europ\u00e9ens qui viennent plonger sur les Iles Medes.\u00a0\u00a0 \u00a0 \u00a0 \u00a0\u00a0 Agua Blava\u00a0 Petite baie sur la Costa Brava pr\u00e8s de Begur et Palafrugell\u00a0avec une petite plage et quelques restaurants principalement de fruits&#8230;<\/p>\n<p class=\"read-more\"><a class=\"btn btn-default\" href=\"https:\/\/initiation-voyages.fr\/index.php\/cote-catalane\/\">Lire la suite<span class=\"screen-reader-text\"> Lire la suite<\/span><\/a><\/p>\n","protected":false},"author":1,"featured_media":0,"parent":0,"menu_order":0,"comment_status":"closed","ping_status":"closed","template":"","meta":[],"_links":{"self":[{"href":"https:\/\/initiation-voyages.fr\/index.php\/wp-json\/wp\/v2\/pages\/274"}],"collection":[{"href":"https:\/\/initiation-voyages.fr\/index.php\/wp-json\/wp\/v2\/pages"}],"about":[{"href":"https:\/\/initiation-voyages.fr\/index.php\/wp-json\/wp\/v2\/types\/page"}],"author":[{"embeddable":true,"href":"https:\/\/initiation-voyages.fr\/index.php\/wp-json\/wp\/v2\/users\/1"}],"replies":[{"embeddable":true,"href":"https:\/\/initiation-voyages.fr\/index.php\/wp-json\/wp\/v2\/comments?post=274"}],"version-history":[{"count":4,"href":"https:\/\/initiation-voyages.fr\/index.php\/wp-json\/wp\/v2\/pages\/274\/revisions"}],"predecessor-version":[{"id":519,"href":"https:\/\/initiation-voyages.fr\/index.php\/wp-json\/wp\/v2\/pages\/274\/revisions\/519"}],"wp:attachment":[{"href":"https:\/\/initiation-voyages.fr\/index.php\/wp-json\/wp\/v2\/media?parent=274"}],"curies":[{"name":"wp","href":"https:\/\/api.w.org\/{rel}","templated":true}]}}