{"id":270,"date":"2018-02-23T13:54:54","date_gmt":"2018-02-23T12:54:54","guid":{"rendered":"http:\/\/initiation-voyages.fr\/?page_id=270"},"modified":"2018-02-23T13:54:54","modified_gmt":"2018-02-23T12:54:54","slug":"la-rochelle","status":"publish","type":"page","link":"https:\/\/initiation-voyages.fr\/index.php\/la-rochelle\/","title":{"rendered":"LA ROCHELLE"},"content":{"rendered":"<div data-blogger-escaped-style=\"text-align: left;\">\n<p style=\"text-align: center;\"><span style=\"font-family: Georgia, Palatino; font-size: 24pt;\" data-blogger-escaped-style=\"color: blue; font-size: large;\">2015<\/span><\/p>\n<\/div>\n<div style=\"text-align: center;\" data-blogger-escaped-style=\"text-align: center;\">\n<p><span style=\"font-family: Georgia, Palatino; font-size: 14pt;\" data-blogger-escaped-style=\"color: blue; font-size: large;\">Nous sommes partie en camping car\u00a0avec le cousin d&rsquo;Enric <\/span><\/p>\n<p><span style=\"font-family: Georgia, Palatino; font-size: 14pt;\" data-blogger-escaped-style=\"color: blue; font-size: large;\">\u00e0 la d\u00e9couverte de La rochelle et la tour St Nicolas.<\/span><\/p>\n<\/div>\n<div style=\"text-align: center;\" data-blogger-escaped-style=\"text-align: center;\">\n<p><span style=\"font-family: Georgia, Palatino; font-size: 14pt;\"><a href=\"http:\/\/2.bp.blogspot.com\/-HJ0qeYRSr3g\/V1a2jZtA5nI\/AAAAAAAADos\/7U3RzKzxUZEllTDudUEjulOciqIKLsoigCK4B\/s1600\/20150820_172545.jpg\"><img decoding=\"async\" src=\"https:\/\/2.bp.blogspot.com\/-HJ0qeYRSr3g\/V1a2jZtA5nI\/AAAAAAAADos\/7U3RzKzxUZEllTDudUEjulOciqIKLsoigCK4B\/s400\/20150820_172545.jpg\" border=\"0\" \/><\/a><\/span><\/p>\n<\/div>\n<div style=\"text-align: center;\" data-blogger-escaped-style=\"text-align: center;\">\n<p><span style=\"font-family: Georgia, Palatino; font-size: 14pt;\"><a href=\"http:\/\/2.bp.blogspot.com\/-VK5KuHjLm3c\/V1a1Q1wmsAI\/AAAAAAAADnA\/_oSpSPZHTkU6RnfnBDRJTCubiDKvMYhGACK4B\/s1600\/20150820_102932.jpg\"><img decoding=\"async\" loading=\"lazy\" src=\"https:\/\/2.bp.blogspot.com\/-VK5KuHjLm3c\/V1a1Q1wmsAI\/AAAAAAAADnA\/_oSpSPZHTkU6RnfnBDRJTCubiDKvMYhGACK4B\/s320\/20150820_102932.jpg\" width=\"320\" height=\"180\" border=\"0\" \/><\/a>\u00a0<a href=\"http:\/\/1.bp.blogspot.com\/-r82AzzdCU5w\/V1a1qT6DqAI\/AAAAAAAADnY\/Zk2-ZXigU4wHvQKiPRTYssNCWrVJTvw7QCK4B\/s1600\/20150820_162139.jpg\"><img decoding=\"async\" loading=\"lazy\" src=\"https:\/\/1.bp.blogspot.com\/-r82AzzdCU5w\/V1a1qT6DqAI\/AAAAAAAADnY\/Zk2-ZXigU4wHvQKiPRTYssNCWrVJTvw7QCK4B\/s320\/20150820_162139.jpg\" width=\"320\" height=\"180\" border=\"0\" \/><\/a>\u00a0<\/span><\/p>\n<p><span style=\"font-family: Georgia, Palatino; font-size: 14pt;\"> \u00a0<a href=\"http:\/\/4.bp.blogspot.com\/-oPaNTXqNCVE\/V1a1yRZWDdI\/AAAAAAAADns\/-3FU_cohNNUV0SUkEKYRr8BXH336TI2tACK4B\/s1600\/20150820_171413.jpg\"><img decoding=\"async\" loading=\"lazy\" src=\"https:\/\/4.bp.blogspot.com\/-oPaNTXqNCVE\/V1a1yRZWDdI\/AAAAAAAADns\/-3FU_cohNNUV0SUkEKYRr8BXH336TI2tACK4B\/s400\/20150820_171413.jpg\" width=\"400\" height=\"225\" border=\"0\" \/><\/a>\u00a0<\/span><\/p>\n<p><span style=\"font-family: Georgia, Palatino; font-size: 14pt;\"> <a href=\"http:\/\/3.bp.blogspot.com\/-LQ_RZRizOjM\/V1a1wMYmeEI\/AAAAAAAADnk\/nBjfHAs5kxkfEMpN70ASP4NE_AzbkMLNgCK4B\/s1600\/20150820_172732.jpg\"><img decoding=\"async\" loading=\"lazy\" src=\"https:\/\/3.bp.blogspot.com\/-LQ_RZRizOjM\/V1a1wMYmeEI\/AAAAAAAADnk\/nBjfHAs5kxkfEMpN70ASP4NE_AzbkMLNgCK4B\/s320\/20150820_172732.jpg\" width=\"320\" height=\"180\" border=\"0\" \/><\/a>\u00a0<a href=\"http:\/\/3.bp.blogspot.com\/-da1yZj8sL5g\/V1a1YzmTSwI\/AAAAAAAADnI\/694LrpZlZcYPBGQTHZo2DcSC6sxJAyp9gCK4B\/s1600\/20150821_121242.jpg\"><img decoding=\"async\" loading=\"lazy\" src=\"https:\/\/3.bp.blogspot.com\/-da1yZj8sL5g\/V1a1YzmTSwI\/AAAAAAAADnI\/694LrpZlZcYPBGQTHZo2DcSC6sxJAyp9gCK4B\/s320\/20150821_121242.jpg\" width=\"320\" height=\"180\" border=\"0\" \/><\/a>\u00a0<\/span><\/p>\n<\/div>\n<div style=\"text-align: center;\" data-blogger-escaped-style=\"text-align: center;\">\n<p><span style=\"font-family: Georgia, Palatino; font-size: 14pt;\" data-blogger-escaped-style=\"color: blue; font-size: large;\">Ile de R\u00e9 un peu plus loin mais tout aussi beau et tr\u00e8s sauvage o\u00f9 nous d\u00e9cidons de faire un petit barbecue.<\/span><\/p>\n<p><span style=\"font-family: Georgia, Palatino; font-size: 14pt;\">Ensuite, c&rsquo;est au Phare des Baleines que nous nous rendons.<\/span><\/p>\n<p><span style=\"font-family: Georgia, Palatino; font-size: 14pt;\">Le phare des Baleines est situ\u00e9 \u00e0 la pointe ouest de l&rsquo;\u00eele de R\u00e9.\u00a0<\/span><\/p>\n<p><span style=\"font-family: Georgia, Palatino; font-size: 14pt;\">Il doit son nom au nombre \u00e9lev\u00e9 de baleines qui venaient s&rsquo;\u00e9chouer \u00e0 cet endroit de l&rsquo;\u00eele de R\u00e9 par le pass\u00e9. <\/span><\/p>\n<p><span style=\"font-family: Georgia, Palatino; font-size: 14pt;\">Le vieux phare des Baleines a \u00e9t\u00e9 class\u00e9 au titre des monuments historiques le\u00a022 juin 1904.\u00a0<\/span><\/p>\n<p><span style=\"font-family: Georgia, Palatino; font-size: 14pt;\">L&rsquo;ensemble des b\u00e2timents du phare des Baleines <\/span><\/p>\n<p><span style=\"font-family: Georgia, Palatino; font-size: 14pt;\">et son parc avec le mur d&rsquo;enceinte ont \u00e9t\u00e9 inscrits au titre des monuments historiques le 15 avril 2011.\u00a0<\/span><\/p>\n<\/div>\n<div style=\"text-align: center;\" data-blogger-escaped-style=\"text-align: center;\">\n<table class=\"tr-caption-container\" style=\"height: 179px;\" width=\"323\" cellspacing=\"0\" cellpadding=\"0\" align=\"center\" data-blogger-escaped-style=\"margin-left: auto; margin-right: auto; text-align: center;\">\n<tbody>\n<tr>\n<td data-blogger-escaped-style=\"text-align: center;\"><span style=\"font-family: Georgia, Palatino; font-size: 14pt;\"><a href=\"http:\/\/3.bp.blogspot.com\/-4mADdkKhAmU\/V1a113t_koI\/AAAAAAAADn8\/_atJALHT4BA3fx0EA162U18LFiETMr7cwCK4B\/s1600\/20150821_175525.jpg\" data-blogger-escaped-style=\"margin-left: auto; margin-right: auto;\"><img decoding=\"async\" loading=\"lazy\" src=\"https:\/\/3.bp.blogspot.com\/-4mADdkKhAmU\/V1a113t_koI\/AAAAAAAADn8\/_atJALHT4BA3fx0EA162U18LFiETMr7cwCK4B\/s320\/20150821_175525.jpg\" width=\"320\" height=\"180\" border=\"0\" \/><\/a><\/span><\/td>\n<\/tr>\n<tr>\n<td class=\"tr-caption\" data-blogger-escaped-style=\"text-align: center;\"><span style=\"font-family: Georgia, Palatino; font-size: 14pt;\" data-blogger-escaped-style=\"color: blue; font-size: small;\">\u00a0<\/span><\/td>\n<\/tr>\n<\/tbody>\n<\/table>\n<\/div>\n<div style=\"text-align: center;\" data-blogger-escaped-style=\"text-align: center;\">\n<p><span style=\"font-family: Georgia, Palatino; font-size: 14pt;\"><a href=\"http:\/\/4.bp.blogspot.com\/-zrmH8o3J33Q\/V1a2Cy8MTwI\/AAAAAAAADoQ\/MjLUp-4bAYEgYtxB8wO64POg0UwZDze9ACK4B\/s1600\/20150821_181839.jpg\"><img decoding=\"async\" loading=\"lazy\" src=\"https:\/\/4.bp.blogspot.com\/-zrmH8o3J33Q\/V1a2Cy8MTwI\/AAAAAAAADoQ\/MjLUp-4bAYEgYtxB8wO64POg0UwZDze9ACK4B\/s320\/20150821_181839.jpg\" width=\"320\" height=\"180\" border=\"0\" \/><\/a>\u00a0<a href=\"http:\/\/1.bp.blogspot.com\/-GVyOMIZDUo8\/V1a2PoUWogI\/AAAAAAAADog\/1fHtvRjifx4d-pmeIj2E63eBGA0QjTfVACK4B\/s1600\/20150821_182947.jpg\"><img decoding=\"async\" loading=\"lazy\" src=\"https:\/\/1.bp.blogspot.com\/-GVyOMIZDUo8\/V1a2PoUWogI\/AAAAAAAADog\/1fHtvRjifx4d-pmeIj2E63eBGA0QjTfVACK4B\/s320\/20150821_182947.jpg\" width=\"320\" height=\"180\" border=\"0\" \/><\/a><\/span><span style=\"font-family: Georgia, Palatino; font-size: 14pt;\">\u00a0<\/span><\/p>\n<\/div>\n<div data-blogger-escaped-style=\"text-align: center;\">\n<p style=\"text-align: center;\"><span style=\"font-family: Georgia, Palatino; font-size: 14pt;\" data-blogger-escaped-style=\"color: blue; font-size: large;\">La mar\u00e9e en vid\u00e9o &#8230; impressionnant &#8230;<\/span><\/p>\n<p style=\"text-align: center;\"><span style=\"font-family: Georgia, Palatino; font-size: 14pt;\"><a href=\"https:\/\/drive.google.com\/file\/d\/0B3NtI0FudnTsaHhJM0xEWlpoUUE\/view?usp=sharing\">https:\/\/drive.google.com\/file\/d\/0B3NtI0FudnTsaHhJM0xEWlpoUUE\/view?usp=sharing<\/a><\/span><\/p>\n<\/div>\n","protected":false},"excerpt":{"rendered":"<p>2015 Nous sommes partie en camping car\u00a0avec le cousin d&rsquo;Enric \u00e0 la d\u00e9couverte de La rochelle et la tour St Nicolas. \u00a0\u00a0 \u00a0\u00a0 \u00a0\u00a0 Ile de R\u00e9 un peu plus loin mais tout aussi beau et tr\u00e8s sauvage o\u00f9 nous d\u00e9cidons de faire un petit barbecue. Ensuite, c&rsquo;est au Phare des Baleines que nous nous rendons. Le phare des Baleines est situ\u00e9 \u00e0 la pointe ouest de l&rsquo;\u00eele de R\u00e9.\u00a0 Il doit son nom au nombre \u00e9lev\u00e9 de baleines qui&#8230;<\/p>\n<p class=\"read-more\"><a class=\"btn btn-default\" href=\"https:\/\/initiation-voyages.fr\/index.php\/la-rochelle\/\">Lire la suite<span class=\"screen-reader-text\"> Lire la suite<\/span><\/a><\/p>\n","protected":false},"author":1,"featured_media":0,"parent":0,"menu_order":0,"comment_status":"closed","ping_status":"closed","template":"","meta":[],"_links":{"self":[{"href":"https:\/\/initiation-voyages.fr\/index.php\/wp-json\/wp\/v2\/pages\/270"}],"collection":[{"href":"https:\/\/initiation-voyages.fr\/index.php\/wp-json\/wp\/v2\/pages"}],"about":[{"href":"https:\/\/initiation-voyages.fr\/index.php\/wp-json\/wp\/v2\/types\/page"}],"author":[{"embeddable":true,"href":"https:\/\/initiation-voyages.fr\/index.php\/wp-json\/wp\/v2\/users\/1"}],"replies":[{"embeddable":true,"href":"https:\/\/initiation-voyages.fr\/index.php\/wp-json\/wp\/v2\/comments?post=270"}],"version-history":[{"count":4,"href":"https:\/\/initiation-voyages.fr\/index.php\/wp-json\/wp\/v2\/pages\/270\/revisions"}],"predecessor-version":[{"id":538,"href":"https:\/\/initiation-voyages.fr\/index.php\/wp-json\/wp\/v2\/pages\/270\/revisions\/538"}],"wp:attachment":[{"href":"https:\/\/initiation-voyages.fr\/index.php\/wp-json\/wp\/v2\/media?parent=270"}],"curies":[{"name":"wp","href":"https:\/\/api.w.org\/{rel}","templated":true}]}}