{"id":239,"date":"2018-02-22T22:16:54","date_gmt":"2018-02-22T21:16:54","guid":{"rendered":"http:\/\/initiation-voyages.fr\/?page_id=239"},"modified":"2018-02-22T22:16:54","modified_gmt":"2018-02-22T21:16:54","slug":"hollywood-studio","status":"publish","type":"page","link":"https:\/\/initiation-voyages.fr\/index.php\/hollywood-studio\/","title":{"rendered":"HOLLYWOOD STUDIO"},"content":{"rendered":"<div data-blogger-escaped-style=\"text-align: left;\" data-blogger-escaped-abp=\"41583\"><\/div>\n<div style=\"text-align: center;\" data-blogger-escaped-style=\"text-align: center;\" data-blogger-escaped-abp=\"41590\">\n<div data-blogger-escaped-abp=\"41591\">\n<div data-blogger-escaped-abp=\"11945\">\n<div data-blogger-escaped-abp=\"985\">\n<div data-blogger-escaped-abp=\"1311\">\n<p><span style=\"font-family: Georgia, Palatino; font-size: 14pt;\" data-blogger-escaped-style=\"color: blue; font-size: large;\" data-blogger-escaped-abp=\"41592\">Hollywood Studio !!!<\/span><\/p>\n<\/div>\n<\/div>\n<\/div>\n<\/div>\n<\/div>\n<div style=\"text-align: center;\" data-blogger-escaped-style=\"text-align: center;\" data-blogger-escaped-abp=\"41593\">\n<div data-blogger-escaped-abp=\"41594\">\n<div data-blogger-escaped-abp=\"11949\">\n<div data-blogger-escaped-abp=\"990\">\n<div data-blogger-escaped-abp=\"1317\">\n<p><span style=\"font-family: Georgia, Palatino; font-size: 14pt;\" data-blogger-escaped-style=\"color: blue; font-size: large;\" data-blogger-escaped-abp=\"41595\">D\u00e9couverte de ce parc tr\u00e8s sympa aux effets sp\u00e9ciaux de dingue !<\/span><\/p>\n<p><span style=\"font-size: 14pt;\">Universal Studios Hollywood est un parc d&rsquo;attractions\u00a0<\/span><\/p>\n<p><span style=\"font-size: 14pt;\">et un studio de production cin\u00e9matographique de la soci\u00e9t\u00e9 NBC Universal <\/span><\/p>\n<p><span style=\"font-size: 14pt;\">dans la banlieue de Los Angeles en Californie.<\/span><\/p>\n<p><span style=\"font-size: 14pt;\">Il ouvre ses portes en 1964 et a \u00e9t\u00e9 am\u00e9nag\u00e9 en parc d&rsquo;attractions\u00a0<\/span><\/p>\n<p><span style=\"font-size: 14pt;\">afin de permettre aux visiteurs de d\u00e9couvrir les richesses des films.<\/span><\/p>\n<\/div>\n<\/div>\n<\/div>\n<\/div>\n<\/div>\n<div style=\"text-align: center;\" data-blogger-escaped-style=\"text-align: center;\" data-blogger-escaped-abp=\"41596\">\n<div data-blogger-escaped-abp=\"41597\">\n<div data-blogger-escaped-abp=\"11953\">\n<div data-blogger-escaped-abp=\"995\">\n<div data-blogger-escaped-abp=\"1323\">\n<p><span style=\"font-family: Georgia, Palatino;\"><span style=\"font-size: 18.6667px;\">Voici quelques photos.<\/span><\/span><\/p>\n<\/div>\n<\/div>\n<\/div>\n<\/div>\n<\/div>\n<div style=\"text-align: center;\" data-blogger-escaped-style=\"text-align: center;\" data-blogger-escaped-abp=\"41602\">\n<div data-blogger-escaped-abp=\"41603\">\n<div data-blogger-escaped-abp=\"11961\">\n<div data-blogger-escaped-abp=\"1005\">\n<div data-blogger-escaped-abp=\"1335\">\n<p><span style=\"font-family: Georgia, Palatino; font-size: 14pt;\"><a href=\"http:\/\/4.bp.blogspot.com\/-Pz13Iy8Ct9Q\/V40XXRHruAI\/AAAAAAAAFfE\/6msza1pW_vMy6nhaNmHT-x8xxb-jiMDKgCK4B\/s1600\/20160717_181522.jpg\" data-blogger-escaped-style=\"font-size: x-large;\" data-blogger-escaped-abp=\"41604\"><img decoding=\"async\" loading=\"lazy\" src=\"https:\/\/4.bp.blogspot.com\/-Pz13Iy8Ct9Q\/V40XXRHruAI\/AAAAAAAAFfE\/6msza1pW_vMy6nhaNmHT-x8xxb-jiMDKgCK4B\/s320\/20160717_181522.jpg\" width=\"320\" height=\"180\" border=\"0\" data-blogger-escaped-abp=\"41605\" \/><\/a><\/span><\/p>\n<\/div>\n<\/div>\n<\/div>\n<\/div>\n<\/div>\n<div style=\"text-align: center;\" data-blogger-escaped-style=\"text-align: center;\" data-blogger-escaped-abp=\"41606\">\n<div data-blogger-escaped-abp=\"41607\">\n<div data-blogger-escaped-abp=\"11966\">\n<div data-blogger-escaped-abp=\"1011\">\n<div data-blogger-escaped-abp=\"1342\">\n<p><span style=\"font-family: Georgia, Palatino; font-size: 14pt;\" data-blogger-escaped-style=\"color: blue; font-size: large;\" data-blogger-escaped-abp=\"41608\"><a href=\"http:\/\/1.bp.blogspot.com\/-1WYkOpfPjS4\/V40XBW_I4SI\/AAAAAAAAFd8\/oCRUaQh6vcMoDSRD2Ln-Us4TGpKbf3GUwCK4B\/s1600\/20160717_103947.jpg\" data-blogger-escaped-abp=\"41609\"><img decoding=\"async\" loading=\"lazy\" src=\"https:\/\/1.bp.blogspot.com\/-1WYkOpfPjS4\/V40XBW_I4SI\/AAAAAAAAFd8\/oCRUaQh6vcMoDSRD2Ln-Us4TGpKbf3GUwCK4B\/s320\/20160717_103947.jpg\" width=\"180\" height=\"320\" border=\"0\" data-blogger-escaped-abp=\"41610\" \/><\/a>\u00a0<a href=\"http:\/\/3.bp.blogspot.com\/-LhptYXePP6A\/V40XF5a8kJI\/AAAAAAAAFeE\/dyVJhHMswQMIvCS3ptqNwQyFWn6mujBRQCK4B\/s1600\/20160717_104406.jpg\" data-blogger-escaped-abp=\"41611\"><img decoding=\"async\" loading=\"lazy\" src=\"https:\/\/3.bp.blogspot.com\/-LhptYXePP6A\/V40XF5a8kJI\/AAAAAAAAFeE\/dyVJhHMswQMIvCS3ptqNwQyFWn6mujBRQCK4B\/s320\/20160717_104406.jpg\" width=\"320\" height=\"180\" border=\"0\" data-blogger-escaped-abp=\"41612\" \/><\/a>\u00a0<\/span><\/p>\n<p><span style=\"font-family: Georgia, Palatino; font-size: 14pt;\" data-blogger-escaped-style=\"color: blue; font-size: large;\" data-blogger-escaped-abp=\"41608\"> <a href=\"http:\/\/2.bp.blogspot.com\/-GviARURQBcM\/V40XG2BnjuI\/AAAAAAAAFeM\/8UB1ze-O128xv-LlgJM4r8GQNJiXh0uEACK4B\/s1600\/20160717_104422.jpg\" data-blogger-escaped-abp=\"41613\"><img decoding=\"async\" loading=\"lazy\" src=\"https:\/\/2.bp.blogspot.com\/-GviARURQBcM\/V40XG2BnjuI\/AAAAAAAAFeM\/8UB1ze-O128xv-LlgJM4r8GQNJiXh0uEACK4B\/s320\/20160717_104422.jpg\" width=\"320\" height=\"180\" border=\"0\" data-blogger-escaped-abp=\"41614\" \/><\/a>\u00a0<a href=\"http:\/\/4.bp.blogspot.com\/-MX7GJvj--bw\/V40XH41Z0FI\/AAAAAAAAFeU\/FVc-WbHqC-szb3_jaX5cLSj1HstQ5YTUgCK4B\/s1600\/20160717_111128.jpg\" data-blogger-escaped-abp=\"41615\"><img decoding=\"async\" loading=\"lazy\" src=\"https:\/\/4.bp.blogspot.com\/-MX7GJvj--bw\/V40XH41Z0FI\/AAAAAAAAFeU\/FVc-WbHqC-szb3_jaX5cLSj1HstQ5YTUgCK4B\/s320\/20160717_111128.jpg\" width=\"320\" height=\"180\" border=\"0\" data-blogger-escaped-abp=\"41616\" \/><\/a>\u00a0<\/span><\/p>\n<p><span style=\"font-family: Georgia, Palatino; font-size: 14pt;\" data-blogger-escaped-style=\"color: blue; font-size: large;\" data-blogger-escaped-abp=\"41608\"> <a href=\"http:\/\/2.bp.blogspot.com\/-MfEPEJDXCUI\/V40XNzb7qnI\/AAAAAAAAFec\/DgBIR-kKs50359-Moih8iNLFOiZmH73LQCK4B\/s1600\/20160717_142821.jpg\" data-blogger-escaped-abp=\"41617\"><img decoding=\"async\" loading=\"lazy\" src=\"https:\/\/2.bp.blogspot.com\/-MfEPEJDXCUI\/V40XNzb7qnI\/AAAAAAAAFec\/DgBIR-kKs50359-Moih8iNLFOiZmH73LQCK4B\/s320\/20160717_142821.jpg\" width=\"180\" height=\"320\" border=\"0\" data-blogger-escaped-abp=\"41618\" \/><\/a>\u00a0<a href=\"http:\/\/3.bp.blogspot.com\/-MDot3DeOb8A\/V40XPhgxhyI\/AAAAAAAAFek\/Xn0cXGoupGUMhZQYin0japc0F1SaIMrIQCK4B\/s1600\/20160717_154209.jpg\" data-blogger-escaped-abp=\"41619\"><img decoding=\"async\" loading=\"lazy\" src=\"https:\/\/3.bp.blogspot.com\/-MDot3DeOb8A\/V40XPhgxhyI\/AAAAAAAAFek\/Xn0cXGoupGUMhZQYin0japc0F1SaIMrIQCK4B\/s320\/20160717_154209.jpg\" width=\"320\" height=\"180\" border=\"0\" data-blogger-escaped-abp=\"41620\" \/><\/a>\u00a0<\/span><\/p>\n<p><span style=\"font-family: Georgia, Palatino; font-size: 14pt;\" data-blogger-escaped-style=\"color: blue; font-size: large;\" data-blogger-escaped-abp=\"41608\"> <a href=\"http:\/\/3.bp.blogspot.com\/-EBBsFjbo4VI\/V40XRrOJZhI\/AAAAAAAAFes\/2x859QHWFw4ZVujMfp-zLhZW5MIp38kgACK4B\/s1600\/20160717_170629.jpg\" data-blogger-escaped-abp=\"41621\"><img decoding=\"async\" loading=\"lazy\" src=\"https:\/\/3.bp.blogspot.com\/-EBBsFjbo4VI\/V40XRrOJZhI\/AAAAAAAAFes\/2x859QHWFw4ZVujMfp-zLhZW5MIp38kgACK4B\/s320\/20160717_170629.jpg\" width=\"320\" height=\"180\" border=\"0\" data-blogger-escaped-abp=\"41622\" \/><\/a>\u00a0<a href=\"http:\/\/2.bp.blogspot.com\/-UlcdaaprlNw\/V40XTo1w0VI\/AAAAAAAAFe0\/4u_ByxXTtWop5M40IURL8auQQ4xmJkG9wCK4B\/s1600\/20160717_180559.jpg\" data-blogger-escaped-abp=\"41623\"><img decoding=\"async\" loading=\"lazy\" src=\"https:\/\/2.bp.blogspot.com\/-UlcdaaprlNw\/V40XTo1w0VI\/AAAAAAAAFe0\/4u_ByxXTtWop5M40IURL8auQQ4xmJkG9wCK4B\/s320\/20160717_180559.jpg\" width=\"320\" height=\"180\" border=\"0\" data-blogger-escaped-abp=\"41624\" \/><\/a>\u00a0<\/span><\/p>\n<p><span style=\"font-family: Georgia, Palatino; font-size: 14pt;\" data-blogger-escaped-style=\"color: blue; font-size: large;\" data-blogger-escaped-abp=\"41608\"> <a href=\"http:\/\/4.bp.blogspot.com\/-yVPCemauR7w\/V40XVtJOqSI\/AAAAAAAAFe8\/ta5PcaNR3iMZkyccY85JrpAptVW5S3CwgCK4B\/s1600\/20160717_180844.jpg\" data-blogger-escaped-abp=\"41625\"><img decoding=\"async\" loading=\"lazy\" src=\"https:\/\/4.bp.blogspot.com\/-yVPCemauR7w\/V40XVtJOqSI\/AAAAAAAAFe8\/ta5PcaNR3iMZkyccY85JrpAptVW5S3CwgCK4B\/s320\/20160717_180844.jpg\" width=\"320\" height=\"180\" border=\"0\" data-blogger-escaped-abp=\"41626\" \/><\/a><\/span><\/p>\n<\/div>\n<\/div>\n<\/div>\n<\/div>\n<\/div>\n<div style=\"text-align: center;\" data-blogger-escaped-style=\"text-align: center;\" data-blogger-escaped-abp=\"41627\"><span style=\"font-size: 14pt;\"><strong><span style=\"font-family: Georgia, Palatino;\">\u00a0RETROUVEZ UN PETIT FILM DU PARC DANS L&rsquo;ONGLET \u00ab\u00a0NOS VIDEOS\u00a0\u00bb<\/span><\/strong><\/span><\/div>\n","protected":false},"excerpt":{"rendered":"<p>Hollywood Studio !!! D\u00e9couverte de ce parc tr\u00e8s sympa aux effets sp\u00e9ciaux de dingue ! Universal Studios Hollywood est un parc d&rsquo;attractions\u00a0 et un studio de production cin\u00e9matographique de la soci\u00e9t\u00e9 NBC Universal dans la banlieue de Los Angeles en Californie. Il ouvre ses portes en 1964 et a \u00e9t\u00e9 am\u00e9nag\u00e9 en parc d&rsquo;attractions\u00a0 afin de permettre aux visiteurs de d\u00e9couvrir les richesses des films. Voici quelques photos. \u00a0\u00a0 \u00a0\u00a0 \u00a0\u00a0 \u00a0\u00a0 \u00a0RETROUVEZ UN PETIT FILM DU PARC DANS L&rsquo;ONGLET&#8230;<\/p>\n<p class=\"read-more\"><a class=\"btn btn-default\" href=\"https:\/\/initiation-voyages.fr\/index.php\/hollywood-studio\/\">Lire la suite<span class=\"screen-reader-text\"> Lire la suite<\/span><\/a><\/p>\n","protected":false},"author":1,"featured_media":0,"parent":0,"menu_order":0,"comment_status":"closed","ping_status":"closed","template":"","meta":[],"_links":{"self":[{"href":"https:\/\/initiation-voyages.fr\/index.php\/wp-json\/wp\/v2\/pages\/239"}],"collection":[{"href":"https:\/\/initiation-voyages.fr\/index.php\/wp-json\/wp\/v2\/pages"}],"about":[{"href":"https:\/\/initiation-voyages.fr\/index.php\/wp-json\/wp\/v2\/types\/page"}],"author":[{"embeddable":true,"href":"https:\/\/initiation-voyages.fr\/index.php\/wp-json\/wp\/v2\/users\/1"}],"replies":[{"embeddable":true,"href":"https:\/\/initiation-voyages.fr\/index.php\/wp-json\/wp\/v2\/comments?post=239"}],"version-history":[{"count":5,"href":"https:\/\/initiation-voyages.fr\/index.php\/wp-json\/wp\/v2\/pages\/239\/revisions"}],"predecessor-version":[{"id":521,"href":"https:\/\/initiation-voyages.fr\/index.php\/wp-json\/wp\/v2\/pages\/239\/revisions\/521"}],"wp:attachment":[{"href":"https:\/\/initiation-voyages.fr\/index.php\/wp-json\/wp\/v2\/media?parent=239"}],"curies":[{"name":"wp","href":"https:\/\/api.w.org\/{rel}","templated":true}]}}