{"id":144,"date":"2017-09-18T13:16:16","date_gmt":"2017-09-18T11:16:16","guid":{"rendered":"http:\/\/initiation-voyages.fr\/?page_id=144"},"modified":"2017-12-10T18:58:40","modified_gmt":"2017-12-10T17:58:40","slug":"etats-unis","status":"publish","type":"page","link":"https:\/\/initiation-voyages.fr\/index.php\/etats-unis\/","title":{"rendered":"ETATS-UNIS"},"content":{"rendered":"<p style=\"text-align: center;\"><span style=\"font-size: 24pt;\"><strong>FETE NATIONALE 04 JUILLET<\/strong><\/span><\/p>\n<p style=\"text-align: center;\"><span style=\"font-size: 14pt;\">Nous commen\u00e7ons notre journ\u00e9e par un d\u00e9fil\u00e9 du 04 juillet,<\/span><\/p>\n<p style=\"text-align: center;\"><span style=\"font-size: 14pt;\">f\u00eate nationale am\u00e9ricaine\u00a0! Sympathique, color\u00e9 et festif\u00a0!<\/span><\/p>\n<p style=\"text-align: center;\"><span style=\"font-size: 14pt;\"><a href=\"http:\/\/2.bp.blogspot.com\/-K_KRiqbNKbE\/V33dqekJnpI\/AAAAAAAAE1Y\/rCtkP62ZrM4bm0ZO-u3fAYT_Bk6G31BawCK4B\/s1600\/20160704_103014.jpg\" data-blogger-escaped-abp=\"6119\"><img decoding=\"async\" loading=\"lazy\" src=\"https:\/\/2.bp.blogspot.com\/-K_KRiqbNKbE\/V33dqekJnpI\/AAAAAAAAE1Y\/rCtkP62ZrM4bm0ZO-u3fAYT_Bk6G31BawCK4B\/s320\/20160704_103014.jpg\" width=\"320\" height=\"180\" border=\"0\" data-blogger-escaped-abp=\"6120\" \/><\/a>\u00a0<a href=\"http:\/\/2.bp.blogspot.com\/-dHSqXJ3xNW8\/V33dytAYB2I\/AAAAAAAAE1k\/g8FaWGOteMcc04V5BaO1z6tpy2SgNYTEQCK4B\/s1600\/20160704_103639.jpg\" data-blogger-escaped-abp=\"6123\"><img decoding=\"async\" loading=\"lazy\" src=\"https:\/\/2.bp.blogspot.com\/-dHSqXJ3xNW8\/V33dytAYB2I\/AAAAAAAAE1k\/g8FaWGOteMcc04V5BaO1z6tpy2SgNYTEQCK4B\/s320\/20160704_103639.jpg\" width=\"320\" height=\"180\" border=\"0\" data-blogger-escaped-abp=\"6124\" \/><\/a>\u00a0<\/span><\/p>\n<p style=\"text-align: center;\"><span style=\"font-size: 14pt;\"><a href=\"http:\/\/4.bp.blogspot.com\/-oN1hxphkwI4\/V33d7wUJA6I\/AAAAAAAAE1s\/Qygf4uQm1Go5nPoYtoPlDN6JN1vkDYFhACK4B\/s1600\/20160704_103822.jpg\" data-blogger-escaped-abp=\"6125\"><img decoding=\"async\" loading=\"lazy\" src=\"https:\/\/4.bp.blogspot.com\/-oN1hxphkwI4\/V33d7wUJA6I\/AAAAAAAAE1s\/Qygf4uQm1Go5nPoYtoPlDN6JN1vkDYFhACK4B\/s320\/20160704_103822.jpg\" width=\"320\" height=\"180\" border=\"0\" data-blogger-escaped-abp=\"6126\" \/><\/a>\u00a0<a href=\"http:\/\/1.bp.blogspot.com\/-JIMXjt-81Vs\/V33ekv5TA3I\/AAAAAAAAE2A\/CvBmAbLI2gowogMQ3vJvbV4ND6uJgrQdwCK4B\/s1600\/20160704_103726.jpg\" data-blogger-escaped-abp=\"6129\"><img decoding=\"async\" loading=\"lazy\" src=\"https:\/\/1.bp.blogspot.com\/-JIMXjt-81Vs\/V33ekv5TA3I\/AAAAAAAAE2A\/CvBmAbLI2gowogMQ3vJvbV4ND6uJgrQdwCK4B\/s320\/20160704_103726.jpg\" width=\"320\" height=\"180\" border=\"0\" data-blogger-escaped-abp=\"6130\" \/><\/a>\u00a0<\/span><\/p>\n<p><span style=\"font-size: 14pt;\"><a href=\"http:\/\/3.bp.blogspot.com\/--ECraRUb65E\/V38ZAi0r0zI\/AAAAAAAAE6E\/aLtsUZMmSuIP5H0SM78-2lhWGpVQ8qW7gCK4B\/s1600\/20160704_103842.jpg\" data-blogger-escaped-abp=\"1330\"><img decoding=\"async\" loading=\"lazy\" class=\"aligncenter\" src=\"https:\/\/3.bp.blogspot.com\/--ECraRUb65E\/V38ZAi0r0zI\/AAAAAAAAE6E\/aLtsUZMmSuIP5H0SM78-2lhWGpVQ8qW7gCK4B\/s320\/20160704_103842.jpg\" width=\"320\" height=\"180\" border=\"0\" data-blogger-escaped-abp=\"1331\" \/><\/a><\/span><\/p>\n","protected":false},"excerpt":{"rendered":"<p>FETE NATIONALE 04 JUILLET Nous commen\u00e7ons notre journ\u00e9e par un d\u00e9fil\u00e9 du 04 juillet, f\u00eate nationale am\u00e9ricaine\u00a0! Sympathique, color\u00e9 et festif\u00a0! \u00a0\u00a0 \u00a0\u00a0<\/p>\n","protected":false},"author":1,"featured_media":0,"parent":0,"menu_order":0,"comment_status":"closed","ping_status":"closed","template":"","meta":[],"_links":{"self":[{"href":"https:\/\/initiation-voyages.fr\/index.php\/wp-json\/wp\/v2\/pages\/144"}],"collection":[{"href":"https:\/\/initiation-voyages.fr\/index.php\/wp-json\/wp\/v2\/pages"}],"about":[{"href":"https:\/\/initiation-voyages.fr\/index.php\/wp-json\/wp\/v2\/types\/page"}],"author":[{"embeddable":true,"href":"https:\/\/initiation-voyages.fr\/index.php\/wp-json\/wp\/v2\/users\/1"}],"replies":[{"embeddable":true,"href":"https:\/\/initiation-voyages.fr\/index.php\/wp-json\/wp\/v2\/comments?post=144"}],"version-history":[{"count":2,"href":"https:\/\/initiation-voyages.fr\/index.php\/wp-json\/wp\/v2\/pages\/144\/revisions"}],"predecessor-version":[{"id":404,"href":"https:\/\/initiation-voyages.fr\/index.php\/wp-json\/wp\/v2\/pages\/144\/revisions\/404"}],"wp:attachment":[{"href":"https:\/\/initiation-voyages.fr\/index.php\/wp-json\/wp\/v2\/media?parent=144"}],"curies":[{"name":"wp","href":"https:\/\/api.w.org\/{rel}","templated":true}]}}